{"id":1095,"date":"2021-06-04T10:05:18","date_gmt":"2021-06-04T08:05:18","guid":{"rendered":"http:\/\/savoiedefemme.fr\/?page_id=1095"},"modified":"2025-01-23T14:49:35","modified_gmt":"2025-01-23T13:49:35","slug":"nos-permanences","status":"publish","type":"page","link":"https:\/\/savoiedefemme.fr\/index.php\/nos-permanences\/","title":{"rendered":"Permanences"},"content":{"rendered":"\n<h5 class=\"wp-block-heading\"><\/h5>\n\n\n\n<p>SaVoie de femme est pr\u00e9sente dans d\u2019autres villes que Chamb\u00e9ry. Assurer une pr\u00e9sence sur l\u2019ensemble du d\u00e9partement nous para\u00eet essentiel : l\u2019isolement g\u00e9ographique est un facteur aggravant dans les situations de violences conjugales, surtout dans un d\u00e9partement tel que la Savoie. Il est n\u00e9cessaire de&nbsp;<strong>pouvoir \u00eatre au plus pr\u00e8s des femmes<\/strong>&nbsp;pour lesquelles il est parfois compliqu\u00e9 voire dangereux de se d\u00e9placer et de s\u2019absenter trop longtemps de chez elle.<\/p>\n\n\n\n<p><strong> Les rendez vous sont \u00e0 prendre par t\u00e9l\u00e9phone au 04 79 85 53 68. Les permanences se d\u00e9roulent de septembre \u00e0 fin juin. <\/strong><\/p>\n\n\n\n<p><\/p>\n\n\n\n<figure class=\"wp-block-image size-large\"><img loading=\"lazy\" decoding=\"async\" width=\"1024\" height=\"724\" src=\"https:\/\/savoiedefemme.fr\/wp-content\/uploads\/2025\/01\/carte-svdf-1024x724.png\" alt=\"\" class=\"wp-image-1807\" srcset=\"https:\/\/savoiedefemme.fr\/wp-content\/uploads\/2025\/01\/carte-svdf-1024x724.png 1024w, https:\/\/savoiedefemme.fr\/wp-content\/uploads\/2025\/01\/carte-svdf-300x212.png 300w, https:\/\/savoiedefemme.fr\/wp-content\/uploads\/2025\/01\/carte-svdf-768x543.png 768w, https:\/\/savoiedefemme.fr\/wp-content\/uploads\/2025\/01\/carte-svdf-1536x1086.png 1536w, https:\/\/savoiedefemme.fr\/wp-content\/uploads\/2025\/01\/carte-svdf-1140x806.png 1140w, https:\/\/savoiedefemme.fr\/wp-content\/uploads\/2025\/01\/carte-svdf.png 2000w\" sizes=\"auto, (max-width: 1024px) 100vw, 1024px\" \/><\/figure>\n","protected":false},"excerpt":{"rendered":"<p>SaVoie de femme est pr\u00e9sente dans d\u2019autres villes que Chamb\u00e9ry. Assurer une pr\u00e9sence sur l\u2019ensemble du d\u00e9partement nous para\u00eet essentiel : l\u2019isolement g\u00e9ographique est un facteur aggravant dans les situations de violences conjugales, surtout dans un d\u00e9partement tel que la Savoie. Il est n\u00e9cessaire de&nbsp;pouvoir \u00eatre au plus pr\u00e8s des femmes&nbsp;pour lesquelles il est parfois compliqu\u00e9 voire dangereux de se d\u00e9placer et de s\u2019absenter trop longtemps de chez elle. Les rendez vous sont \u00e0 prendre par t\u00e9l\u00e9phone au 04 79 85 53 68. Les permanences se d\u00e9roulent de septembre \u00e0 fin juin.<\/p>\n","protected":false},"author":1,"featured_media":0,"parent":0,"menu_order":0,"comment_status":"closed","ping_status":"closed","template":"","meta":{"footnotes":""},"class_list":["post-1095","page","type-page","status-publish","hentry"],"jetpack_sharing_enabled":true,"_links":{"self":[{"href":"https:\/\/savoiedefemme.fr\/index.php\/wp-json\/wp\/v2\/pages\/1095","targetHints":{"allow":["GET"]}}],"collection":[{"href":"https:\/\/savoiedefemme.fr\/index.php\/wp-json\/wp\/v2\/pages"}],"about":[{"href":"https:\/\/savoiedefemme.fr\/index.php\/wp-json\/wp\/v2\/types\/page"}],"author":[{"embeddable":true,"href":"https:\/\/savoiedefemme.fr\/index.php\/wp-json\/wp\/v2\/users\/1"}],"replies":[{"embeddable":true,"href":"https:\/\/savoiedefemme.fr\/index.php\/wp-json\/wp\/v2\/comments?post=1095"}],"version-history":[{"count":6,"href":"https:\/\/savoiedefemme.fr\/index.php\/wp-json\/wp\/v2\/pages\/1095\/revisions"}],"predecessor-version":[{"id":1808,"href":"https:\/\/savoiedefemme.fr\/index.php\/wp-json\/wp\/v2\/pages\/1095\/revisions\/1808"}],"wp:attachment":[{"href":"https:\/\/savoiedefemme.fr\/index.php\/wp-json\/wp\/v2\/media?parent=1095"}],"curies":[{"name":"wp","href":"https:\/\/api.w.org\/{rel}","templated":true}]}}