{"id":1107,"date":"2021-06-09T15:02:54","date_gmt":"2021-06-09T13:02:54","guid":{"rendered":"http:\/\/savoiedefemme.fr\/?page_id=1107"},"modified":"2024-08-22T11:28:29","modified_gmt":"2024-08-22T09:28:29","slug":"atelier-de-self-defense","status":"publish","type":"page","link":"https:\/\/savoiedefemme.fr\/index.php\/atelier-de-self-defense\/","title":{"rendered":"Atelier de Self-D\u00e9fense"},"content":{"rendered":"<div class=\"wp-block-image\">\n<figure class=\"aligncenter size-full\"><img loading=\"lazy\" decoding=\"async\" width=\"1080\" height=\"1080\" src=\"https:\/\/savoiedefemme.fr\/wp-content\/uploads\/2024\/08\/Planning-des-ateliers-annee-2023.png\" alt=\"\" class=\"wp-image-1740\" srcset=\"https:\/\/savoiedefemme.fr\/wp-content\/uploads\/2024\/08\/Planning-des-ateliers-annee-2023.png 1080w, https:\/\/savoiedefemme.fr\/wp-content\/uploads\/2024\/08\/Planning-des-ateliers-annee-2023-300x300.png 300w, https:\/\/savoiedefemme.fr\/wp-content\/uploads\/2024\/08\/Planning-des-ateliers-annee-2023-1024x1024.png 1024w, https:\/\/savoiedefemme.fr\/wp-content\/uploads\/2024\/08\/Planning-des-ateliers-annee-2023-150x150.png 150w, https:\/\/savoiedefemme.fr\/wp-content\/uploads\/2024\/08\/Planning-des-ateliers-annee-2023-768x768.png 768w, https:\/\/savoiedefemme.fr\/wp-content\/uploads\/2024\/08\/Planning-des-ateliers-annee-2023-75x75.png 75w\" sizes=\"auto, (max-width: 1080px) 100vw, 1080px\" \/><\/figure>\n<\/div>\n\n\n<p class=\"has-very-light-gray-color has-luminous-vivid-orange-background-color has-text-color has-background\"><strong>Retour en image sur l&rsquo;atelier de self-defense du samedi 14 mai 2022<\/strong><\/p>\n\n\n\n<figure class=\"wp-block-image size-large\"><img decoding=\"async\" src=\"https:\/\/savoiedefemme.fr\/wp-content\/uploads\/2022\/05\/ATELIER-SELF-DEFENSE-14-mai-1024x1024.png\" alt=\"\" class=\"wp-image-1370\"\/><\/figure>\n\n\n\n<figure class=\"wp-block-image size-large\"><img loading=\"lazy\" decoding=\"async\" width=\"1024\" height=\"482\" src=\"https:\/\/savoiedefemme.fr\/wp-content\/uploads\/2021\/06\/FAcebook-atelier-self-defense-couverture-1024x482.png\" alt=\"\" class=\"wp-image-1108\" srcset=\"https:\/\/savoiedefemme.fr\/wp-content\/uploads\/2021\/06\/FAcebook-atelier-self-defense-couverture-1024x482.png 1024w, https:\/\/savoiedefemme.fr\/wp-content\/uploads\/2021\/06\/FAcebook-atelier-self-defense-couverture-300x141.png 300w, https:\/\/savoiedefemme.fr\/wp-content\/uploads\/2021\/06\/FAcebook-atelier-self-defense-couverture-768x361.png 768w, https:\/\/savoiedefemme.fr\/wp-content\/uploads\/2021\/06\/FAcebook-atelier-self-defense-couverture.png 1058w\" sizes=\"auto, (max-width: 1024px) 100vw, 1024px\" \/><\/figure>\n\n\n\n<p>Nous avons eu le plaisir de co-organiser un atelier de self-d\u00e9fense, qui s&rsquo;est tenu le&nbsp;<strong>samedi 3 juillet 2021<\/strong>. Cet atelier a \u00e9t\u00e9 organis\u00e9 en partenariat avec CSSC Chamb\u00e9ry (Centre savoyard de sports de combat) et l&rsquo;\u00e9v\u00e9nement \u00e9tait <strong>exclusivement r\u00e9serv\u00e9 aux femmes<\/strong>. <\/p>\n\n\n\n<p><strong> Voici quelques photos prises par l&rsquo;une de nos b\u00e9n\u00e9voles, Marie-Laurence Barde<\/strong>, lors du premier atelier:<\/p>\n\n\n\n<div class=\"wp-block-jetpack-slideshow aligncenter\" data-effect=\"slide\"><div class=\"wp-block-jetpack-slideshow_container swiper-container\"><ul class=\"wp-block-jetpack-slideshow_swiper-wrapper swiper-wrapper\"><li class=\"wp-block-jetpack-slideshow_slide swiper-slide\"><figure><img loading=\"lazy\" decoding=\"async\" width=\"1024\" height=\"564\" alt=\"\" class=\"wp-block-jetpack-slideshow_image wp-image-1124\" data-id=\"1124\" src=\"https:\/\/savoiedefemme.fr\/wp-content\/uploads\/2021\/07\/1-1024x564.jpg\" srcset=\"https:\/\/savoiedefemme.fr\/wp-content\/uploads\/2021\/07\/1-1024x564.jpg 1024w, https:\/\/savoiedefemme.fr\/wp-content\/uploads\/2021\/07\/1-300x165.jpg 300w, https:\/\/savoiedefemme.fr\/wp-content\/uploads\/2021\/07\/1-768x423.jpg 768w, https:\/\/savoiedefemme.fr\/wp-content\/uploads\/2021\/07\/1-1140x628.jpg 1140w, https:\/\/savoiedefemme.fr\/wp-content\/uploads\/2021\/07\/1.jpg 1417w\" sizes=\"(max-width: 1024px) 100vw, 1024px\" \/><\/figure><\/li><li class=\"wp-block-jetpack-slideshow_slide swiper-slide\"><figure><img loading=\"lazy\" decoding=\"async\" width=\"812\" height=\"768\" alt=\"\" class=\"wp-block-jetpack-slideshow_image wp-image-1125\" data-id=\"1125\" src=\"https:\/\/savoiedefemme.fr\/wp-content\/uploads\/2021\/07\/2.jpg\" srcset=\"https:\/\/savoiedefemme.fr\/wp-content\/uploads\/2021\/07\/2.jpg 812w, https:\/\/savoiedefemme.fr\/wp-content\/uploads\/2021\/07\/2-300x284.jpg 300w, https:\/\/savoiedefemme.fr\/wp-content\/uploads\/2021\/07\/2-768x726.jpg 768w\" sizes=\"(max-width: 812px) 100vw, 812px\" \/><\/figure><\/li><li class=\"wp-block-jetpack-slideshow_slide swiper-slide\"><figure><img loading=\"lazy\" decoding=\"async\" width=\"1441\" height=\"778\" alt=\"\" class=\"wp-block-jetpack-slideshow_image wp-image-1126\" data-id=\"1126\" src=\"https:\/\/savoiedefemme.fr\/wp-content\/uploads\/2021\/07\/3-1024x553.jpg\" srcset=\"https:\/\/savoiedefemme.fr\/wp-content\/uploads\/2021\/07\/3-1024x553.jpg 1024w, https:\/\/savoiedefemme.fr\/wp-content\/uploads\/2021\/07\/3-300x162.jpg 300w, https:\/\/savoiedefemme.fr\/wp-content\/uploads\/2021\/07\/3-768x415.jpg 768w, https:\/\/savoiedefemme.fr\/wp-content\/uploads\/2021\/07\/3-1140x615.jpg 1140w, https:\/\/savoiedefemme.fr\/wp-content\/uploads\/2021\/07\/3.jpg 1441w\" sizes=\"(max-width: 1441px) 100vw, 1441px\" \/><\/figure><\/li><li class=\"wp-block-jetpack-slideshow_slide swiper-slide\"><figure><img loading=\"lazy\" decoding=\"async\" width=\"1024\" height=\"556\" alt=\"\" class=\"wp-block-jetpack-slideshow_image wp-image-1127\" data-id=\"1127\" src=\"https:\/\/savoiedefemme.fr\/wp-content\/uploads\/2021\/07\/4-1024x556.jpg\" srcset=\"https:\/\/savoiedefemme.fr\/wp-content\/uploads\/2021\/07\/4-1024x556.jpg 1024w, https:\/\/savoiedefemme.fr\/wp-content\/uploads\/2021\/07\/4-300x163.jpg 300w, https:\/\/savoiedefemme.fr\/wp-content\/uploads\/2021\/07\/4-768x417.jpg 768w, https:\/\/savoiedefemme.fr\/wp-content\/uploads\/2021\/07\/4-1140x618.jpg 1140w, https:\/\/savoiedefemme.fr\/wp-content\/uploads\/2021\/07\/4.jpg 1434w\" sizes=\"(max-width: 1024px) 100vw, 1024px\" \/><\/figure><\/li><li class=\"wp-block-jetpack-slideshow_slide swiper-slide\"><figure><img loading=\"lazy\" decoding=\"async\" width=\"1024\" height=\"554\" alt=\"\" class=\"wp-block-jetpack-slideshow_image wp-image-1128\" data-id=\"1128\" src=\"https:\/\/savoiedefemme.fr\/wp-content\/uploads\/2021\/07\/5-1024x554.jpg\" srcset=\"https:\/\/savoiedefemme.fr\/wp-content\/uploads\/2021\/07\/5-1024x554.jpg 1024w, https:\/\/savoiedefemme.fr\/wp-content\/uploads\/2021\/07\/5-300x162.jpg 300w, https:\/\/savoiedefemme.fr\/wp-content\/uploads\/2021\/07\/5-768x415.jpg 768w, https:\/\/savoiedefemme.fr\/wp-content\/uploads\/2021\/07\/5-1140x617.jpg 1140w, https:\/\/savoiedefemme.fr\/wp-content\/uploads\/2021\/07\/5.jpg 1433w\" sizes=\"(max-width: 1024px) 100vw, 1024px\" \/><\/figure><\/li><li class=\"wp-block-jetpack-slideshow_slide swiper-slide\"><figure><img loading=\"lazy\" decoding=\"async\" width=\"1024\" height=\"557\" alt=\"\" class=\"wp-block-jetpack-slideshow_image wp-image-1129\" data-id=\"1129\" src=\"https:\/\/savoiedefemme.fr\/wp-content\/uploads\/2021\/07\/6-1024x557.jpg\" srcset=\"https:\/\/savoiedefemme.fr\/wp-content\/uploads\/2021\/07\/6-1024x557.jpg 1024w, https:\/\/savoiedefemme.fr\/wp-content\/uploads\/2021\/07\/6-300x163.jpg 300w, https:\/\/savoiedefemme.fr\/wp-content\/uploads\/2021\/07\/6-768x418.jpg 768w, https:\/\/savoiedefemme.fr\/wp-content\/uploads\/2021\/07\/6-1140x620.jpg 1140w, https:\/\/savoiedefemme.fr\/wp-content\/uploads\/2021\/07\/6.jpg 1438w\" sizes=\"(max-width: 1024px) 100vw, 1024px\" \/><\/figure><\/li><li class=\"wp-block-jetpack-slideshow_slide swiper-slide\"><figure><img loading=\"lazy\" decoding=\"async\" width=\"1024\" height=\"553\" alt=\"\" class=\"wp-block-jetpack-slideshow_image wp-image-1130\" data-id=\"1130\" src=\"https:\/\/savoiedefemme.fr\/wp-content\/uploads\/2021\/07\/7-1024x553.jpg\" srcset=\"https:\/\/savoiedefemme.fr\/wp-content\/uploads\/2021\/07\/7-1024x553.jpg 1024w, https:\/\/savoiedefemme.fr\/wp-content\/uploads\/2021\/07\/7-300x162.jpg 300w, https:\/\/savoiedefemme.fr\/wp-content\/uploads\/2021\/07\/7-768x415.jpg 768w, https:\/\/savoiedefemme.fr\/wp-content\/uploads\/2021\/07\/7-1140x616.jpg 1140w, https:\/\/savoiedefemme.fr\/wp-content\/uploads\/2021\/07\/7.jpg 1439w\" sizes=\"(max-width: 1024px) 100vw, 1024px\" \/><\/figure><\/li><li class=\"wp-block-jetpack-slideshow_slide swiper-slide\"><figure><img loading=\"lazy\" decoding=\"async\" width=\"1024\" height=\"569\" alt=\"\" class=\"wp-block-jetpack-slideshow_image wp-image-1131\" data-id=\"1131\" src=\"https:\/\/savoiedefemme.fr\/wp-content\/uploads\/2021\/07\/8-1024x569.jpg\" srcset=\"https:\/\/savoiedefemme.fr\/wp-content\/uploads\/2021\/07\/8-1024x569.jpg 1024w, https:\/\/savoiedefemme.fr\/wp-content\/uploads\/2021\/07\/8-300x167.jpg 300w, https:\/\/savoiedefemme.fr\/wp-content\/uploads\/2021\/07\/8-768x427.jpg 768w, https:\/\/savoiedefemme.fr\/wp-content\/uploads\/2021\/07\/8-1140x634.jpg 1140w, https:\/\/savoiedefemme.fr\/wp-content\/uploads\/2021\/07\/8.jpg 1387w\" sizes=\"(max-width: 1024px) 100vw, 1024px\" \/><\/figure><\/li><li class=\"wp-block-jetpack-slideshow_slide swiper-slide\"><figure><img loading=\"lazy\" decoding=\"async\" width=\"455\" height=\"775\" alt=\"\" class=\"wp-block-jetpack-slideshow_image wp-image-1132\" data-id=\"1132\" src=\"https:\/\/savoiedefemme.fr\/wp-content\/uploads\/2021\/07\/9.jpg\" srcset=\"https:\/\/savoiedefemme.fr\/wp-content\/uploads\/2021\/07\/9.jpg 455w, https:\/\/savoiedefemme.fr\/wp-content\/uploads\/2021\/07\/9-176x300.jpg 176w\" sizes=\"(max-width: 455px) 100vw, 455px\" \/><\/figure><\/li><li class=\"wp-block-jetpack-slideshow_slide swiper-slide\"><figure><img loading=\"lazy\" decoding=\"async\" width=\"1024\" height=\"549\" alt=\"\" class=\"wp-block-jetpack-slideshow_image wp-image-1133\" data-id=\"1133\" src=\"https:\/\/savoiedefemme.fr\/wp-content\/uploads\/2021\/07\/10-1024x549.jpg\" srcset=\"https:\/\/savoiedefemme.fr\/wp-content\/uploads\/2021\/07\/10-1024x549.jpg 1024w, https:\/\/savoiedefemme.fr\/wp-content\/uploads\/2021\/07\/10-300x161.jpg 300w, https:\/\/savoiedefemme.fr\/wp-content\/uploads\/2021\/07\/10-768x412.jpg 768w, https:\/\/savoiedefemme.fr\/wp-content\/uploads\/2021\/07\/10-1140x611.jpg 1140w, https:\/\/savoiedefemme.fr\/wp-content\/uploads\/2021\/07\/10.jpg 1434w\" sizes=\"(max-width: 1024px) 100vw, 1024px\" \/><\/figure><\/li><li class=\"wp-block-jetpack-slideshow_slide swiper-slide\"><figure><img loading=\"lazy\" decoding=\"async\" width=\"1024\" height=\"548\" alt=\"\" class=\"wp-block-jetpack-slideshow_image wp-image-1134\" data-id=\"1134\" src=\"https:\/\/savoiedefemme.fr\/wp-content\/uploads\/2021\/07\/11-1024x548.jpg\" srcset=\"https:\/\/savoiedefemme.fr\/wp-content\/uploads\/2021\/07\/11-1024x548.jpg 1024w, https:\/\/savoiedefemme.fr\/wp-content\/uploads\/2021\/07\/11-300x161.jpg 300w, https:\/\/savoiedefemme.fr\/wp-content\/uploads\/2021\/07\/11-768x411.jpg 768w, https:\/\/savoiedefemme.fr\/wp-content\/uploads\/2021\/07\/11-1140x610.jpg 1140w, https:\/\/savoiedefemme.fr\/wp-content\/uploads\/2021\/07\/11.jpg 1427w\" sizes=\"(max-width: 1024px) 100vw, 1024px\" \/><\/figure><\/li><li class=\"wp-block-jetpack-slideshow_slide swiper-slide\"><figure><img loading=\"lazy\" decoding=\"async\" width=\"802\" height=\"767\" alt=\"\" class=\"wp-block-jetpack-slideshow_image wp-image-1135\" data-id=\"1135\" src=\"https:\/\/savoiedefemme.fr\/wp-content\/uploads\/2021\/07\/12.jpg\" srcset=\"https:\/\/savoiedefemme.fr\/wp-content\/uploads\/2021\/07\/12.jpg 802w, https:\/\/savoiedefemme.fr\/wp-content\/uploads\/2021\/07\/12-300x287.jpg 300w, https:\/\/savoiedefemme.fr\/wp-content\/uploads\/2021\/07\/12-768x734.jpg 768w\" sizes=\"(max-width: 802px) 100vw, 802px\" \/><\/figure><\/li><li class=\"wp-block-jetpack-slideshow_slide swiper-slide\"><figure><img loading=\"lazy\" decoding=\"async\" width=\"813\" height=\"782\" alt=\"\" class=\"wp-block-jetpack-slideshow_image wp-image-1136\" data-id=\"1136\" src=\"https:\/\/savoiedefemme.fr\/wp-content\/uploads\/2021\/07\/13.jpg\" srcset=\"https:\/\/savoiedefemme.fr\/wp-content\/uploads\/2021\/07\/13.jpg 813w, https:\/\/savoiedefemme.fr\/wp-content\/uploads\/2021\/07\/13-300x289.jpg 300w, https:\/\/savoiedefemme.fr\/wp-content\/uploads\/2021\/07\/13-768x739.jpg 768w\" sizes=\"(max-width: 813px) 100vw, 813px\" \/><\/figure><\/li><\/ul><a class=\"wp-block-jetpack-slideshow_button-prev swiper-button-prev swiper-button-white\" role=\"button\"><\/a><a class=\"wp-block-jetpack-slideshow_button-next swiper-button-next swiper-button-white\" role=\"button\"><\/a><a aria-label=\"Pause Slideshow\" class=\"wp-block-jetpack-slideshow_button-pause\" role=\"button\"><\/a><div class=\"wp-block-jetpack-slideshow_pagination swiper-pagination swiper-pagination-white\"><\/div><\/div><\/div>\n\n\n\n<p><\/p>\n","protected":false},"excerpt":{"rendered":"<p>Retour en image sur l&rsquo;atelier de self-defense du samedi 14 mai 2022 Nous avons eu le plaisir de co-organiser un atelier de self-d\u00e9fense, qui s&rsquo;est tenu le&nbsp;samedi 3 juillet 2021. Cet atelier a \u00e9t\u00e9 organis\u00e9 en partenariat avec CSSC Chamb\u00e9ry (Centre savoyard de sports de combat) et l&rsquo;\u00e9v\u00e9nement \u00e9tait exclusivement r\u00e9serv\u00e9 aux femmes. Voici quelques photos prises par l&rsquo;une de nos b\u00e9n\u00e9voles, Marie-Laurence Barde, lors du premier atelier:<\/p>\n","protected":false},"author":1,"featured_media":0,"parent":0,"menu_order":0,"comment_status":"closed","ping_status":"closed","template":"","meta":{"footnotes":""},"class_list":["post-1107","page","type-page","status-publish","hentry"],"jetpack_sharing_enabled":true,"_links":{"self":[{"href":"https:\/\/savoiedefemme.fr\/index.php\/wp-json\/wp\/v2\/pages\/1107","targetHints":{"allow":["GET"]}}],"collection":[{"href":"https:\/\/savoiedefemme.fr\/index.php\/wp-json\/wp\/v2\/pages"}],"about":[{"href":"https:\/\/savoiedefemme.fr\/index.php\/wp-json\/wp\/v2\/types\/page"}],"author":[{"embeddable":true,"href":"https:\/\/savoiedefemme.fr\/index.php\/wp-json\/wp\/v2\/users\/1"}],"replies":[{"embeddable":true,"href":"https:\/\/savoiedefemme.fr\/index.php\/wp-json\/wp\/v2\/comments?post=1107"}],"version-history":[{"count":18,"href":"https:\/\/savoiedefemme.fr\/index.php\/wp-json\/wp\/v2\/pages\/1107\/revisions"}],"predecessor-version":[{"id":1742,"href":"https:\/\/savoiedefemme.fr\/index.php\/wp-json\/wp\/v2\/pages\/1107\/revisions\/1742"}],"wp:attachment":[{"href":"https:\/\/savoiedefemme.fr\/index.php\/wp-json\/wp\/v2\/media?parent=1107"}],"curies":[{"name":"wp","href":"https:\/\/api.w.org\/{rel}","templated":true}]}}