{"id":1156,"date":"2021-08-24T12:16:25","date_gmt":"2021-08-24T10:16:25","guid":{"rendered":"http:\/\/savoiedefemme.fr\/?page_id=1156"},"modified":"2021-09-15T10:04:55","modified_gmt":"2021-09-15T08:04:55","slug":"assemblee-generale-2021","status":"publish","type":"page","link":"https:\/\/savoiedefemme.fr\/index.php\/assemblee-generale-2021\/","title":{"rendered":"Assembl\u00e9e G\u00e9n\u00e9rale 2021"},"content":{"rendered":"\n<p> L&rsquo;assembl\u00e9e g\u00e9n\u00e9rale de SaVoie de Femme s&rsquo;est tenue le <strong>lundi 6 septembre 2021 <\/strong>\u00e0 Chamb\u00e9ry.  Tr\u00e8s important dans la vie de l\u2019association, cet \u00e9v\u00e9nement permet aux dirigeants d\u2019\u00e9changer avec les adh\u00e9rentes et partenaires diverses de l\u2019association autour des activit\u00e9s de l\u2019ann\u00e9e pass\u00e9e et de l\u2019avenir.  <\/p>\n\n\n\n<figure class=\"wp-block-image size-large is-resized\"><img loading=\"lazy\" decoding=\"async\" src=\"https:\/\/savoiedefemme.fr\/wp-content\/uploads\/2021\/09\/Assembl\u00e9e-g\u00e9n\u00e9rale-photo-apr\u00e8s-1024x1024.png\" alt=\"\" class=\"wp-image-1166\" width=\"718\" height=\"718\" srcset=\"https:\/\/savoiedefemme.fr\/wp-content\/uploads\/2021\/09\/Assembl\u00e9e-g\u00e9n\u00e9rale-photo-apr\u00e8s-1024x1024.png 1024w, https:\/\/savoiedefemme.fr\/wp-content\/uploads\/2021\/09\/Assembl\u00e9e-g\u00e9n\u00e9rale-photo-apr\u00e8s-300x300.png 300w, https:\/\/savoiedefemme.fr\/wp-content\/uploads\/2021\/09\/Assembl\u00e9e-g\u00e9n\u00e9rale-photo-apr\u00e8s-150x150.png 150w, https:\/\/savoiedefemme.fr\/wp-content\/uploads\/2021\/09\/Assembl\u00e9e-g\u00e9n\u00e9rale-photo-apr\u00e8s-768x768.png 768w, https:\/\/savoiedefemme.fr\/wp-content\/uploads\/2021\/09\/Assembl\u00e9e-g\u00e9n\u00e9rale-photo-apr\u00e8s-75x75.png 75w, https:\/\/savoiedefemme.fr\/wp-content\/uploads\/2021\/09\/Assembl\u00e9e-g\u00e9n\u00e9rale-photo-apr\u00e8s.png 1080w\" sizes=\"auto, (max-width: 718px) 100vw, 718px\" \/><\/figure>\n\n\n\n<p class=\"has-text-align-left\">Vous pouvez consulter le compte rendu de l\u2019AG 2021 ci-dessus si vous \u00eates int\u00e9ress\u00e9.e par les actions men\u00e9es par SaVoie de Femme.<\/p>\n\n\n\n<div class=\"wp-block-button\"><a class=\"wp-block-button__link\" href=\"https:\/\/savoiedefemme.fr\/wp-content\/uploads\/2021\/09\/CR-assembl\u00e9e-g\u00e9n\u00e9rale-sign\u00e9-1.pdf\">T\u00e9l\u00e9charger<\/a><\/div>\n\n\n\n<p><\/p>\n","protected":false},"excerpt":{"rendered":"<p>L&rsquo;assembl\u00e9e g\u00e9n\u00e9rale de SaVoie de Femme s&rsquo;est tenue le lundi 6 septembre 2021 \u00e0 Chamb\u00e9ry. Tr\u00e8s important dans la vie de l\u2019association, cet \u00e9v\u00e9nement permet aux dirigeants d\u2019\u00e9changer avec les adh\u00e9rentes et partenaires diverses de l\u2019association autour des activit\u00e9s de l\u2019ann\u00e9e pass\u00e9e et de l\u2019avenir. Vous pouvez consulter le compte rendu de l\u2019AG 2021 ci-dessus si vous \u00eates int\u00e9ress\u00e9.e par les actions men\u00e9es par SaVoie de Femme.<\/p>\n","protected":false},"author":1,"featured_media":0,"parent":0,"menu_order":0,"comment_status":"closed","ping_status":"closed","template":"","meta":{"footnotes":""},"class_list":["post-1156","page","type-page","status-publish","hentry"],"jetpack_sharing_enabled":true,"_links":{"self":[{"href":"https:\/\/savoiedefemme.fr\/index.php\/wp-json\/wp\/v2\/pages\/1156","targetHints":{"allow":["GET"]}}],"collection":[{"href":"https:\/\/savoiedefemme.fr\/index.php\/wp-json\/wp\/v2\/pages"}],"about":[{"href":"https:\/\/savoiedefemme.fr\/index.php\/wp-json\/wp\/v2\/types\/page"}],"author":[{"embeddable":true,"href":"https:\/\/savoiedefemme.fr\/index.php\/wp-json\/wp\/v2\/users\/1"}],"replies":[{"embeddable":true,"href":"https:\/\/savoiedefemme.fr\/index.php\/wp-json\/wp\/v2\/comments?post=1156"}],"version-history":[{"count":5,"href":"https:\/\/savoiedefemme.fr\/index.php\/wp-json\/wp\/v2\/pages\/1156\/revisions"}],"predecessor-version":[{"id":1183,"href":"https:\/\/savoiedefemme.fr\/index.php\/wp-json\/wp\/v2\/pages\/1156\/revisions\/1183"}],"wp:attachment":[{"href":"https:\/\/savoiedefemme.fr\/index.php\/wp-json\/wp\/v2\/media?parent=1156"}],"curies":[{"name":"wp","href":"https:\/\/api.w.org\/{rel}","templated":true}]}}