{"id":1231,"date":"2021-11-19T14:19:54","date_gmt":"2021-11-19T13:19:54","guid":{"rendered":"http:\/\/savoiedefemme.fr\/?page_id=1231"},"modified":"2026-01-20T15:27:42","modified_gmt":"2026-01-20T14:27:42","slug":"projet-mere-enfant","status":"publish","type":"page","link":"https:\/\/savoiedefemme.fr\/index.php\/projet-mere-enfant\/","title":{"rendered":"Ateliers m\u00e8re-enfant"},"content":{"rendered":"\n<h2 class=\"wp-block-heading\">La Cabane<\/h2>\n\n\n\n<p class=\"has-text-align-left\"><strong>La Cabane<\/strong> est un lieu d\u00e9di\u00e9 aux m\u00e8res et \u00e0 leurs enfants pour aborder les questions de la parentalit\u00e9 et des violences conjugales.<br>C\u2019est un espace ressource pens\u00e9 pour les m\u00e8res victimes de violences, leur permettant de s\u2019exprimer librement autour de la parentalit\u00e9 et de leur v\u00e9cu.<\/p>\n\n\n\n<p class=\"has-text-align-left\">Les enfants disposent \u00e9galement de leurs propres espaces, o\u00f9 ils sont libres de s\u2019exprimer en toute s\u00e9curit\u00e9 et d\u2019aborder, \u00e0 leur mani\u00e8re, les th\u00e8mes des relations et des violences.<\/p>\n\n\n\n\n<div class=\"wp-block-image\">\n<figure class=\"aligncenter size-large is-resized\"><img loading=\"lazy\" decoding=\"async\" width=\"1024\" height=\"724\" src=\"https:\/\/savoiedefemme.fr\/wp-content\/uploads\/2026\/01\/flyers-pour-le-site-3-1024x724.png\" alt=\"\" class=\"wp-image-1897\" style=\"aspect-ratio:1.4144018521929016;width:571px;height:auto\" srcset=\"https:\/\/savoiedefemme.fr\/wp-content\/uploads\/2026\/01\/flyers-pour-le-site-3-1024x724.png 1024w, https:\/\/savoiedefemme.fr\/wp-content\/uploads\/2026\/01\/flyers-pour-le-site-3-300x212.png 300w, https:\/\/savoiedefemme.fr\/wp-content\/uploads\/2026\/01\/flyers-pour-le-site-3-768x543.png 768w, https:\/\/savoiedefemme.fr\/wp-content\/uploads\/2026\/01\/flyers-pour-le-site-3-1536x1086.png 1536w, https:\/\/savoiedefemme.fr\/wp-content\/uploads\/2026\/01\/flyers-pour-le-site-3-1140x806.png 1140w, https:\/\/savoiedefemme.fr\/wp-content\/uploads\/2026\/01\/flyers-pour-le-site-3.png 2000w\" sizes=\"auto, (max-width: 1024px) 100vw, 1024px\" \/><\/figure>\n<\/div>\n\n<div class=\"wp-block-image\">\n<figure class=\"aligncenter size-large is-resized\"><img loading=\"lazy\" decoding=\"async\" width=\"1024\" height=\"724\" src=\"https:\/\/savoiedefemme.fr\/wp-content\/uploads\/2026\/01\/flyers-pour-le-site-1-2-1024x724.png\" alt=\"\" class=\"wp-image-1896\" style=\"aspect-ratio:1.4144018521929016;width:574px;height:auto\" srcset=\"https:\/\/savoiedefemme.fr\/wp-content\/uploads\/2026\/01\/flyers-pour-le-site-1-2-1024x724.png 1024w, https:\/\/savoiedefemme.fr\/wp-content\/uploads\/2026\/01\/flyers-pour-le-site-1-2-300x212.png 300w, https:\/\/savoiedefemme.fr\/wp-content\/uploads\/2026\/01\/flyers-pour-le-site-1-2-768x543.png 768w, https:\/\/savoiedefemme.fr\/wp-content\/uploads\/2026\/01\/flyers-pour-le-site-1-2-1536x1086.png 1536w, https:\/\/savoiedefemme.fr\/wp-content\/uploads\/2026\/01\/flyers-pour-le-site-1-2-1140x806.png 1140w, https:\/\/savoiedefemme.fr\/wp-content\/uploads\/2026\/01\/flyers-pour-le-site-1-2.png 2000w\" sizes=\"auto, (max-width: 1024px) 100vw, 1024px\" \/><\/figure>\n<\/div>\n\n\n<h2 class=\"wp-block-heading\">Le groupe Ado<\/h2>\n\n\n\n<p><strong>Le groupe adolescents<\/strong> b\u00e9n\u00e9ficie \u00e9galement d\u2019un espace d\u2019expression qui lui est d\u00e9di\u00e9.<br>Destin\u00e9 aux jeunes de 13 \u00e0 17 ans, ce groupe s\u2019articule autour de la cr\u00e9ation d\u2019un podcast qui leur est destin\u00e9. Ce support leur permet d\u2019\u00e9changer librement et d\u2019exprimer leurs \u00e9motions face aux situations rencontr\u00e9es durant l\u2019adolescence, afin de briser le silence autour de diff\u00e9rentes probl\u00e9matiques.<\/p>\n\n\n\n<p>L\u2019ensemble du projet se d\u00e9roule sur <strong>8 s\u00e9ances r\u00e9parties sur l\u2019ann\u00e9e scolaire<\/strong>.<\/p>\n\n\n<div class=\"wp-block-image\">\n<figure class=\"aligncenter size-large is-resized\"><img loading=\"lazy\" decoding=\"async\" width=\"1024\" height=\"724\" src=\"https:\/\/savoiedefemme.fr\/wp-content\/uploads\/2026\/01\/pour-le-site-1024x724.png\" alt=\"\" class=\"wp-image-1898\" style=\"aspect-ratio:1.4144018521929016;width:562px;height:auto\" srcset=\"https:\/\/savoiedefemme.fr\/wp-content\/uploads\/2026\/01\/pour-le-site-1024x724.png 1024w, https:\/\/savoiedefemme.fr\/wp-content\/uploads\/2026\/01\/pour-le-site-300x212.png 300w, https:\/\/savoiedefemme.fr\/wp-content\/uploads\/2026\/01\/pour-le-site-768x543.png 768w, https:\/\/savoiedefemme.fr\/wp-content\/uploads\/2026\/01\/pour-le-site-1536x1086.png 1536w, https:\/\/savoiedefemme.fr\/wp-content\/uploads\/2026\/01\/pour-le-site-1140x806.png 1140w, https:\/\/savoiedefemme.fr\/wp-content\/uploads\/2026\/01\/pour-le-site.png 2000w\" sizes=\"auto, (max-width: 1024px) 100vw, 1024px\" \/><\/figure>\n<\/div>\n\n<div class=\"wp-block-image\">\n<figure class=\"aligncenter size-large is-resized\"><img loading=\"lazy\" decoding=\"async\" width=\"1024\" height=\"724\" src=\"https:\/\/savoiedefemme.fr\/wp-content\/uploads\/2026\/01\/Flyer-la-groupe-adoscabane-1024x724.png\" alt=\"\" class=\"wp-image-1899\" style=\"aspect-ratio:1.4144018521929016;width:556px;height:auto\" srcset=\"https:\/\/savoiedefemme.fr\/wp-content\/uploads\/2026\/01\/Flyer-la-groupe-adoscabane-1024x724.png 1024w, https:\/\/savoiedefemme.fr\/wp-content\/uploads\/2026\/01\/Flyer-la-groupe-adoscabane-300x212.png 300w, https:\/\/savoiedefemme.fr\/wp-content\/uploads\/2026\/01\/Flyer-la-groupe-adoscabane-768x543.png 768w, https:\/\/savoiedefemme.fr\/wp-content\/uploads\/2026\/01\/Flyer-la-groupe-adoscabane-1536x1086.png 1536w, https:\/\/savoiedefemme.fr\/wp-content\/uploads\/2026\/01\/Flyer-la-groupe-adoscabane-1140x806.png 1140w, https:\/\/savoiedefemme.fr\/wp-content\/uploads\/2026\/01\/Flyer-la-groupe-adoscabane.png 2000w\" sizes=\"auto, (max-width: 1024px) 100vw, 1024px\" \/><\/figure>\n<\/div>\n\n\n<blockquote class=\"wp-block-quote is-layout-flow wp-block-quote-is-layout-flow\">\n<blockquote class=\"wp-block-quote is-layout-flow wp-block-quote-is-layout-flow\">\n<h2 class=\"wp-block-heading\">Mal de m\u00e8re<\/h2>\n\n\n\n<p>L\u2019association propose, en collaboration avec le Scrab\u00e9e, le CCAS d&rsquo;Aix-les-bains, le d\u00f4me d&rsquo;Albertville. et la compagnie La Roulotte, des stages d&rsquo;expressions th\u00e9\u00e2trales gratuits d\u2019une semaine.<\/p>\n\n\n\n<p>Ces stages s&rsquo;adressent aux femmes victimes \u00e9galement m\u00e8re, pour aborder la parentalit\u00e9 sous un angle artistique et collectif.<\/p>\n\n\n\n<p>Un travail de prise de confiance en soi et de conscientisation des violences est men\u00e9 afin de permettre aux participantes de retrouver leur droit au bien-\u00eatre.<\/p>\n\n\n\n<p>Les stages sont encadr\u00e9s par une intervenante sociale, une metteuse en sc\u00e8ne et une com\u00e9dienne, qui accompagnent des m\u00e8res victimes de violences. \u00c0 travers des ateliers de groupe, les participantes peuvent se reconna\u00eetre dans les situations v\u00e9cues par les autres et imaginer collectivement des ressources pour sortir des sch\u00e9mas de violence.<\/p>\n\n\n\n<p>Ce sont des espaces pour se retrouver et partager ses exp\u00e9riences en toute confiance avec un nombre restreint, entre femmes, dans un cadre bienveillant.<\/p>\n\n\n\n<p>Gr\u00e2ce aux pratiques artistiques et sc\u00e9niques, l\u2019objectif est de donner des cl\u00e9s de compr\u00e9hension des m\u00e9canismes des violences conjugales, ainsi que de distinguer clairement le conflit de la violence.<\/p>\n<\/blockquote>\n<\/blockquote>\n\n\n<div class=\"wp-block-image\">\n<figure class=\"aligncenter size-full is-resized\"><img loading=\"lazy\" decoding=\"async\" width=\"432\" height=\"610\" src=\"https:\/\/savoiedefemme.fr\/wp-content\/uploads\/2026\/01\/Capture-decran-2026-01-20-152654.png\" alt=\"\" class=\"wp-image-1923\" style=\"aspect-ratio:0.7082190485198147;width:280px;height:auto\" srcset=\"https:\/\/savoiedefemme.fr\/wp-content\/uploads\/2026\/01\/Capture-decran-2026-01-20-152654.png 432w, https:\/\/savoiedefemme.fr\/wp-content\/uploads\/2026\/01\/Capture-decran-2026-01-20-152654-212x300.png 212w\" sizes=\"auto, (max-width: 432px) 100vw, 432px\" \/><\/figure>\n<\/div>\n\n\n<p><strong>Vous pouvez nous contacter par mail \u00e0 l&rsquo;adresse suivante pour plus d&rsquo;informations:<\/strong> <strong>parentalite@savoiedefemme.fr<\/strong><\/p>\n\n\n\n<p><strong>Nous vous proposerons des entretiens pr\u00e9alables. <\/strong><\/p>\n\n\n\n<p><\/p>\n","protected":false},"excerpt":{"rendered":"<p>La Cabane La Cabane est un lieu d\u00e9di\u00e9 aux m\u00e8res et \u00e0 leurs enfants pour aborder les questions de la parentalit\u00e9 et des violences conjugales.C\u2019est un espace ressource pens\u00e9 pour les m\u00e8res victimes de violences, leur permettant de s\u2019exprimer librement autour de la parentalit\u00e9 et de leur v\u00e9cu. Les enfants disposent \u00e9galement de leurs propres espaces, o\u00f9 ils sont libres de s\u2019exprimer en toute s\u00e9curit\u00e9 et d\u2019aborder, \u00e0 leur mani\u00e8re, les th\u00e8mes des relations et des violences. Le groupe Ado Le groupe adolescents b\u00e9n\u00e9ficie \u00e9galement d\u2019un espace d\u2019expression qui lui est d\u00e9di\u00e9.Destin\u00e9 aux jeunes de 13 \u00e0 17 ans, ce groupe s\u2019articule autour de la cr\u00e9ation d\u2019un podcast qui leur est destin\u00e9. Ce support leur permet d\u2019\u00e9changer librement et d\u2019exprimer leurs \u00e9motions face aux situations rencontr\u00e9es durant l\u2019adolescence, afin de briser le silence autour de diff\u00e9rentes probl\u00e9matiques. L\u2019ensemble du projet se d\u00e9roule sur 8 s\u00e9ances r\u00e9parties sur l\u2019ann\u00e9e scolaire. Vous pouvez nous contacter par mail \u00e0 l&rsquo;adresse suivante pour plus d&rsquo;informations: parentalite@savoiedefemme.fr Nous vous proposerons des entretiens pr\u00e9alables.<\/p>\n","protected":false},"author":1,"featured_media":0,"parent":0,"menu_order":0,"comment_status":"closed","ping_status":"closed","template":"","meta":{"footnotes":""},"class_list":["post-1231","page","type-page","status-publish","hentry"],"jetpack_sharing_enabled":true,"_links":{"self":[{"href":"https:\/\/savoiedefemme.fr\/index.php\/wp-json\/wp\/v2\/pages\/1231","targetHints":{"allow":["GET"]}}],"collection":[{"href":"https:\/\/savoiedefemme.fr\/index.php\/wp-json\/wp\/v2\/pages"}],"about":[{"href":"https:\/\/savoiedefemme.fr\/index.php\/wp-json\/wp\/v2\/types\/page"}],"author":[{"embeddable":true,"href":"https:\/\/savoiedefemme.fr\/index.php\/wp-json\/wp\/v2\/users\/1"}],"replies":[{"embeddable":true,"href":"https:\/\/savoiedefemme.fr\/index.php\/wp-json\/wp\/v2\/comments?post=1231"}],"version-history":[{"count":13,"href":"https:\/\/savoiedefemme.fr\/index.php\/wp-json\/wp\/v2\/pages\/1231\/revisions"}],"predecessor-version":[{"id":1924,"href":"https:\/\/savoiedefemme.fr\/index.php\/wp-json\/wp\/v2\/pages\/1231\/revisions\/1924"}],"wp:attachment":[{"href":"https:\/\/savoiedefemme.fr\/index.php\/wp-json\/wp\/v2\/media?parent=1231"}],"curies":[{"name":"wp","href":"https:\/\/api.w.org\/{rel}","templated":true}]}}