{"id":145,"date":"2018-03-07T15:47:46","date_gmt":"2018-03-07T14:47:46","guid":{"rendered":"http:\/\/savoiedefemme.fr\/?page_id=145"},"modified":"2024-10-28T13:42:01","modified_gmt":"2024-10-28T12:42:01","slug":"qui-sommes-nous","status":"publish","type":"page","link":"https:\/\/savoiedefemme.fr\/index.php\/qui-sommes-nous\/","title":{"rendered":"L&rsquo;association"},"content":{"rendered":"<p><img loading=\"lazy\" decoding=\"async\" class=\"aligncenter wp-image-188 size-large\" src=\"https:\/\/savoiedefemme.fr\/wp-content\/uploads\/2018\/03\/Photos-groupe-bras-crois\u00e9s-1024x346.jpg\" alt=\"\" width=\"960\" height=\"324\" srcset=\"https:\/\/savoiedefemme.fr\/wp-content\/uploads\/2018\/03\/Photos-groupe-bras-crois\u00e9s-1024x346.jpg 1024w, https:\/\/savoiedefemme.fr\/wp-content\/uploads\/2018\/03\/Photos-groupe-bras-crois\u00e9s-300x101.jpg 300w, https:\/\/savoiedefemme.fr\/wp-content\/uploads\/2018\/03\/Photos-groupe-bras-crois\u00e9s-768x260.jpg 768w, https:\/\/savoiedefemme.fr\/wp-content\/uploads\/2018\/03\/Photos-groupe-bras-crois\u00e9s-1140x385.jpg 1140w\" sizes=\"auto, (max-width: 960px) 100vw, 960px\" \/><\/p>\n<p>SaVoie de femme est une association Loi 1901 cr\u00e9\u00e9e en 1977 \u00e0 Chamb\u00e9ry qui lutte <strong>contre toutes les formes de violences conjugales<\/strong>, qu\u2019elles soient d\u2019ordre psychologique, physique, verbal, sexuel, \u00e9conomique ou administratif.<\/p>\n<p>SaVoie de femme est membre de la <a href=\"http:\/\/www.solidaritefemmes.org\/\">F\u00e9d\u00e9ration Nationale Solidarit\u00e9 Femmes<\/a> (FNSF) qui rassemble, depuis sa cr\u00e9ation en 1987, une soixantaine d\u2019associations \u0153uvrant socialement et politiquement dans l\u2019accompagnement des femmes victimes de violences conjugales.<\/p>\n<h5>L&rsquo;\u00e9quipe<\/h5>\n<p>Nous sommes une \u00e9quipe compos\u00e9e de <strong>sept salari\u00e9es<\/strong> : une directrice, cinq intervenantes sociales et une assistante administrative.<\/p>\n<p>En plus des salari\u00e9es, une \u00e9quipe d&rsquo;une vingtaine de <strong>b\u00e9n\u00e9voles<\/strong>\u00a0donnent r\u00e9guli\u00e8rement de leur temps sur les diff\u00e9rentes missions de l&rsquo;association : accueil de jour, \u00e9coute t\u00e9l\u00e9phonique, appui administratif et secr\u00e9tariat, gestion des appartements-refuge&#8230; Les b\u00e9n\u00e9voles sont essentiel-le-s au bon fonctionnement de l&rsquo;association et \u00e0 la mise en oeuvre du projet associatif.\u00a0Chaque futur-e b\u00e9n\u00e9vole est form\u00e9-e par l&rsquo;\u00e9quipe. L\u2019objectif est que le\/la b\u00e9n\u00e9vole se sente en\u00a0confiance\u00a0au sein de l\u2019\u00e9quipe et puisse exprimer ses envies.<\/p>\n<p>Ensuite, une volontaire en service civique fait \u00e9galement partie de l&rsquo;\u00e9quipe. La volontaire est notamment charg\u00e9e de la communication de l&rsquo;association (d\u00e9veloppement des outils de communication et de sensibilisation, gestion des r\u00e9seaux sociaux et du site internet,&#8230;), contribue \u00e0 la diversification des financements, mais aussi \u00e0 l&rsquo;organisation des divers \u00e9v\u00e9nements.<\/p>\n<p>Enfin, le <strong>Conseil d&rsquo;Administration<\/strong> vient compl\u00e9ter cette \u00e9quipe. Muni d&rsquo;un pouvoir d\u00e9cisionnaire quant au fonctionnement et au projet associatif, il est compos\u00e9 de six personnes dont une pr\u00e9sidente, une vice-pr\u00e9sidente, une secr\u00e9taire, une secr\u00e9taire adjointe et une tr\u00e9sori\u00e8re. Il se r\u00e9unit environ tous les mois pour discuter et statuer sur la vie associative de SaVoie de femme.<\/p>\n<p>Une fois par an, nous organisons une <strong>Assembl\u00e9e G\u00e9n\u00e9rale<\/strong> \u00e0 laquelle est convi\u00e9-e qui souhaite s&rsquo;impliquer dans la vie de l&rsquo;association. Que vous soyez adh\u00e9rent-e ou non, b\u00e9n\u00e9vole ou non, vous pouvez assister \u00e0 ces assembl\u00e9es g\u00e9n\u00e9rales. N&rsquo;h\u00e9sitez pas \u00e0 nous \u00e9crire si cela vous int\u00e9resse.<\/p>\n<h5>Le projet associatif<\/h5>\n<p><a href=\"https:\/\/savoiedefemme.fr\/wp-content\/uploads\/2021\/04\/Status-2020-version-Canva.pdf\">Vous trouverez ici les statuts de l\u2019association<\/a>, dans lesquels sont r\u00e9sum\u00e9s le cadre juridique, le projet associatif ainsi que le fonctionnement de SaVoie de femme.<\/p>\n<p>En 2018, l\u2019association, alors nomm\u00e9e SOS Femmes Violences, change de nom pour devenir <em>SaVoie de femme<\/em>. Ce nouveau nom tient \u00e0 rappeler :<\/p>\n<p>\u201cSa voie\u201d : Notre engagement \u00e0 accompagner tout au long du parcours des femmes victimes vers la reconstruction<br \/>\n\u201cSa voix\u201d : Notre mission d\u2019\u00e9coute bienveillante et d\u2019encouragement \u00e0 la parole<br \/>\n\u201cSavoie\u201d : Notre attachement au territoire de Savoie<\/p>\n<p><em>SOS Femmes Violences<\/em> \u00e9voquait\u00a0l&rsquo;urgence et posait les femmes en tant que victimes. Par ce nouveau nom, nous souhaitons au contraire\u00a0transmettre notre engagement <strong>dans la dur\u00e9e<\/strong> aupr\u00e8s des femmes et donner une <strong>image positive et combattante<\/strong> de celles qui ont le courage de nous contacter.<\/p>\n<p>Pour tout besoin d\u2019\u00e9coute, de r\u00e9ponses, de conseils, d\u2019informations, n\u2019h\u00e9sitez pas \u00e0 appeler le 04.79.85.53.68 ou \u00e0 nous \u00e9crire via <a href=\"https:\/\/www.facebook.com\/savoiedefemme\">Facebook<\/a> ou par mail \u00e0 <em>contact@savoiedefemme.fr<\/em> . Nos rencontres sont <strong>anonymes, gratuites et confidentielles<\/strong>.<\/p>\n","protected":false},"excerpt":{"rendered":"<p>SaVoie de femme est une association Loi 1901 cr\u00e9\u00e9e en 1977 \u00e0 Chamb\u00e9ry qui lutte contre toutes les formes de violences conjugales, qu\u2019elles soient d\u2019ordre psychologique, physique, verbal, sexuel, \u00e9conomique ou administratif. SaVoie de femme est membre de la F\u00e9d\u00e9ration Nationale Solidarit\u00e9 Femmes (FNSF) qui rassemble, depuis sa cr\u00e9ation en 1987, une soixantaine d\u2019associations \u0153uvrant socialement et politiquement dans l\u2019accompagnement des femmes victimes de violences conjugales. L&rsquo;\u00e9quipe Nous sommes une \u00e9quipe compos\u00e9e de sept salari\u00e9es : une directrice, cinq intervenantes sociales et une assistante administrative. En plus des salari\u00e9es, une \u00e9quipe d&rsquo;une vingtaine de b\u00e9n\u00e9voles\u00a0donnent r\u00e9guli\u00e8rement de leur temps sur les diff\u00e9rentes missions de l&rsquo;association : accueil de jour, \u00e9coute t\u00e9l\u00e9phonique, appui administratif et secr\u00e9tariat, gestion des appartements-refuge&#8230; Les b\u00e9n\u00e9voles sont essentiel-le-s au bon fonctionnement de l&rsquo;association et \u00e0 la mise en oeuvre du projet associatif.\u00a0Chaque futur-e b\u00e9n\u00e9vole est form\u00e9-e par l&rsquo;\u00e9quipe. L\u2019objectif est que le\/la b\u00e9n\u00e9vole se sente en\u00a0confiance\u00a0au sein de l\u2019\u00e9quipe et puisse exprimer ses envies. Ensuite, une volontaire en service civique fait \u00e9galement partie de l&rsquo;\u00e9quipe. La volontaire est notamment charg\u00e9e de la communication de l&rsquo;association (d\u00e9veloppement des outils de communication et de sensibilisation, gestion des r\u00e9seaux sociaux et du site internet,&#8230;), contribue \u00e0 la diversification des financements, mais aussi \u00e0 l&rsquo;organisation des divers \u00e9v\u00e9nements. Enfin, le Conseil d&rsquo;Administration vient compl\u00e9ter cette \u00e9quipe. Muni d&rsquo;un pouvoir d\u00e9cisionnaire quant au fonctionnement et au projet associatif, il est compos\u00e9 de six personnes dont une pr\u00e9sidente, une vice-pr\u00e9sidente, une secr\u00e9taire, une secr\u00e9taire adjointe et une tr\u00e9sori\u00e8re. Il se r\u00e9unit environ tous les mois pour discuter et statuer sur la vie associative de SaVoie de femme. Une fois par an, nous organisons une Assembl\u00e9e G\u00e9n\u00e9rale \u00e0 laquelle est convi\u00e9-e qui souhaite s&rsquo;impliquer dans la vie de l&rsquo;association. Que vous soyez adh\u00e9rent-e ou non, b\u00e9n\u00e9vole ou non, vous pouvez assister \u00e0 ces assembl\u00e9es g\u00e9n\u00e9rales. N&rsquo;h\u00e9sitez pas \u00e0 nous \u00e9crire si cela vous int\u00e9resse. Le projet associatif Vous trouverez ici les statuts de l\u2019association, dans lesquels sont r\u00e9sum\u00e9s le cadre juridique, le projet associatif ainsi que le fonctionnement de SaVoie de femme. En 2018, l\u2019association, alors nomm\u00e9e SOS Femmes Violences, change de nom pour devenir SaVoie de femme. Ce nouveau nom tient \u00e0 rappeler : \u201cSa voie\u201d : Notre engagement \u00e0 accompagner tout au long du parcours des femmes victimes vers la reconstruction \u201cSa voix\u201d : Notre mission d\u2019\u00e9coute bienveillante et d\u2019encouragement \u00e0 la parole \u201cSavoie\u201d : Notre attachement au territoire de Savoie SOS Femmes Violences \u00e9voquait\u00a0l&rsquo;urgence et posait les femmes en tant que victimes. Par ce nouveau nom, nous souhaitons au contraire\u00a0transmettre notre engagement dans la dur\u00e9e aupr\u00e8s des femmes et donner une image positive et combattante de celles qui ont le courage de nous contacter. Pour tout besoin d\u2019\u00e9coute, de r\u00e9ponses, de conseils, d\u2019informations, n\u2019h\u00e9sitez pas \u00e0 appeler le 04.79.85.53.68 ou \u00e0 nous \u00e9crire via Facebook ou par mail \u00e0 contact@savoiedefemme.fr . Nos rencontres sont anonymes, gratuites et confidentielles.<\/p>\n","protected":false},"author":1,"featured_media":0,"parent":0,"menu_order":1,"comment_status":"closed","ping_status":"closed","template":"","meta":{"footnotes":""},"class_list":["post-145","page","type-page","status-publish","hentry"],"jetpack_sharing_enabled":true,"_links":{"self":[{"href":"https:\/\/savoiedefemme.fr\/index.php\/wp-json\/wp\/v2\/pages\/145","targetHints":{"allow":["GET"]}}],"collection":[{"href":"https:\/\/savoiedefemme.fr\/index.php\/wp-json\/wp\/v2\/pages"}],"about":[{"href":"https:\/\/savoiedefemme.fr\/index.php\/wp-json\/wp\/v2\/types\/page"}],"author":[{"embeddable":true,"href":"https:\/\/savoiedefemme.fr\/index.php\/wp-json\/wp\/v2\/users\/1"}],"replies":[{"embeddable":true,"href":"https:\/\/savoiedefemme.fr\/index.php\/wp-json\/wp\/v2\/comments?post=145"}],"version-history":[{"count":21,"href":"https:\/\/savoiedefemme.fr\/index.php\/wp-json\/wp\/v2\/pages\/145\/revisions"}],"predecessor-version":[{"id":1764,"href":"https:\/\/savoiedefemme.fr\/index.php\/wp-json\/wp\/v2\/pages\/145\/revisions\/1764"}],"wp:attachment":[{"href":"https:\/\/savoiedefemme.fr\/index.php\/wp-json\/wp\/v2\/media?parent=145"}],"curies":[{"name":"wp","href":"https:\/\/api.w.org\/{rel}","templated":true}]}}