{"id":148,"date":"2018-03-07T15:51:16","date_gmt":"2018-03-07T14:51:16","guid":{"rendered":"http:\/\/savoiedefemme.fr\/?page_id=148"},"modified":"2018-03-13T15:46:45","modified_gmt":"2018-03-13T14:46:45","slug":"40-ans-de-combat","status":"publish","type":"page","link":"https:\/\/savoiedefemme.fr\/index.php\/40-ans-de-combat\/","title":{"rendered":"40 ans de combat : retour sur l&rsquo;\u00e9v\u00e9nement"},"content":{"rendered":"<p>&nbsp;<\/p>\n<p>Le 25 novembre dernier, nous c\u00e9l\u00e9brions &#8211; malheureusement &#8211; les 40 ans de SOS Femmes Violences \u00e0 la salle festive du Scarab\u00e9e \u00e0 Chamb\u00e9ry.<\/p>\n<p>Un peu plus de 80 personnes sont venues partager cet \u00e9v\u00e9nement avec nous, dont environ 60% de femmes et 40% d&rsquo;hommes.<\/p>\n<p>En pleine actualit\u00e9 sur les violences faites aux femmes, de nombreux m\u00e9dias nous ont contact\u00e9 et ont relay\u00e9 l&rsquo;\u00e9v\u00e9nement : France Bleu Pays de Savoie, Ch\u00e9rie FM, <a href=\"http:\/\/www.ledauphine.com\/savoie\/2017\/11\/20\/sos-femmes-violences-fete-ses-40-ans\">Le Dauphin\u00e9 Lib\u00e9r\u00e9<\/a>, Hot Radio, <a href=\"https:\/\/france3-regions.francetvinfo.fr\/auvergne-rhone-alpes\/savoie\/chambery\/sos-femmes-violences-chambery-40-ans-existence-combat-1372871.html\">France 3 R\u00e9gion<\/a>&#8230; Articles de presse, interview radio, reportage\u00a0le jour m\u00eame&#8230; Cette couverture m\u00e9diatique a permis de faire parler de nous et de toucher un public qui jusque l\u00e0 ne nous connaissait pas !<\/p>\n<h5>La\u00a0matin\u00e9e dans les\u00a0rues de Chamb\u00e9ry<\/h5>\n<p>Samedi matin, une quinzaine de b\u00e9n\u00e9voles et salari\u00e9es ont d\u00e9fil\u00e9 en rythme de la Place de Gen\u00e8ve \u00e0 la place Saint L\u00e9ger.\u00a0Traversant le march\u00e9 bond\u00e9, \u00e9quip\u00e9es\u00a0de flyers sur les chiffres de la violence conjugale, nous affirmions\u00a0haut et fort : \u00ab\u00a0Violences conjugales, on-en-parle !\u00a0\u00bb. Malgr\u00e9 la pluie et quelques retours peu sympathiques, le contact avec les passant-e-s a \u00e9t\u00e9 tr\u00e8s constructif et nous avons pu distribuer la totalit\u00e9 de\u00a0nos flyers !<\/p>\n<h5><img loading=\"lazy\" decoding=\"async\" class=\"aligncenter wp-image-206 size-large\" style=\"font-size: 16px;\" src=\"https:\/\/savoiedefemme.fr\/wp-content\/uploads\/2018\/03\/IMG_3345-coup\u00e9e-1024x354.jpg\" alt=\"\" width=\"960\" height=\"332\" srcset=\"https:\/\/savoiedefemme.fr\/wp-content\/uploads\/2018\/03\/IMG_3345-coup\u00e9e-1024x354.jpg 1024w, https:\/\/savoiedefemme.fr\/wp-content\/uploads\/2018\/03\/IMG_3345-coup\u00e9e-300x104.jpg 300w, https:\/\/savoiedefemme.fr\/wp-content\/uploads\/2018\/03\/IMG_3345-coup\u00e9e-768x266.jpg 768w, https:\/\/savoiedefemme.fr\/wp-content\/uploads\/2018\/03\/IMG_3345-coup\u00e9e-1140x394.jpg 1140w\" sizes=\"auto, (max-width: 960px) 100vw, 960px\" \/><\/h5>\n<h5><\/h5>\n<h5><\/h5>\n<h5>Un apr\u00e8s-midi sous le signe de la sensibilisation&#8230;<\/h5>\n<p>L&rsquo;apr\u00e8s-midi, plusieurs temps forts ont permis de sensibiliser le public \u00e0 la probl\u00e9matique des violences faites aux femmes. A l&rsquo;origine de ces violences, les in\u00e9galit\u00e9s femmes\/hommes.<\/p>\n<p>L&rsquo;exposition Olympe de Gouges a retrac\u00e9 le parcours de 17 femmes qui ont marqu\u00e9 les sciences, la politique, les arts ou le sport. A travers des fiches p\u00e9dagogiques affich\u00e9es dans la salle, nous avons d\u00e9couvert des femmes qui ont eu le courage d&rsquo;aller \u00e0 l&rsquo;encontre de ce qu&rsquo;on attendait d&rsquo;elles et se sont engag\u00e9es pour l&rsquo;avanc\u00e9e des droits des femmes.<\/p>\n<p>La repr\u00e9sentation th\u00e9\u00e2trale \u00ab\u00a0Les Petites Infamies\u00a0\u00bb a mis le doigt avec beaucoup d&rsquo;humour sur les rapports et les d\u00e9s\u00e9quilibres entre les\u00a0femmes et les hommes en les tournant en d\u00e9rision. S&rsquo;en est suivi un d\u00e9bat anim\u00e9 et int\u00e9ressant avec beaucoup de participation, et notamment celle des hommes pr\u00e9sents.<\/p>\n<p>Enfin, les conf\u00e9rences de Nathalie Mouthon nous ont apport\u00e9 un \u00e9clairage historique et sociologique sur les in\u00e9galit\u00e9s femmes\/hommes en terme de carri\u00e8re, de repr\u00e9sentation politique, de r\u00e9partition des t\u00e2ches domestiques etc.\u00a0La chercheuse a notamment insist\u00e9\u00a0sur l&rsquo;id\u00e9e d&rsquo;une \u00ab\u00a0fabrique des filles et des gar\u00e7ons\u00a0\u00bb d\u00e9signant des mod\u00e8les familiaux et des repr\u00e9sentations culturelles qui placent d\u00e8s l&rsquo;enfance les individus dans des cases. Selon plusieurs \u00e9tudes que Nathalie Mouthon nous a expos\u00e9es, aucune diff\u00e9rence n&rsquo;existe entre les cerveaux masculin et f\u00e9minin : les individus d\u00e9veloppent plut\u00f4t\u00a0certaines parties de leur cerveau en fonction des t\u00e2ches et r\u00f4les qu&rsquo;on leur a assign\u00e9s.<\/p>\n<h5>&#8230;de l&rsquo;\u00e9motion&#8230;<\/h5>\n<p>Apr\u00e8s la conf\u00e9rence, la fondatrice de SaVoie de femme en 1977 ainsi que\u00a0la premi\u00e8re femme aid\u00e9e par l&rsquo;association ont pris la parole. Cette derni\u00e8re a partag\u00e9 avec nous, non sans \u00e9motion, son parcours et sa reconnaissance envers l&rsquo;association. La fondatrice, quant \u00e0 elle, nous a racont\u00e9 le d\u00e9but de l&rsquo;association, les difficult\u00e9s mat\u00e9rielles et les r\u00e9sistances dans le milieu professionnel de l&rsquo;aide aux victimes. 40 ans apr\u00e8s, ces t\u00e9moignages r\u00e9sonnent encore de mani\u00e8re tr\u00e8s actuelle. Ils nous convainquent que m\u00eame si la loi a \u00e9volu\u00e9 depuis, le combat doit continuer !<br \/>\nL&rsquo;\u00e9motion s&rsquo;est \u00e9galement faite ressentir lors de la diffusion du film-documentaire \u00ab\u00a0Tous les deux jours\u00a0\u00bb r\u00e9alis\u00e9 par une b\u00e9n\u00e9vole de l&rsquo;association qui rassemble les t\u00e9moignages de plusieurs femmes accompagn\u00e9es\u00a0par SaVoie de femme. La r\u00e9alisation du film, gr\u00e2ce \u00e0 une d\u00e9coupe en plusieurs chapitres, met l&rsquo;accent sur le caract\u00e8re cyclique de la violence conjugale : si toutes les histoires sont diff\u00e9rentes, elles mettent pourtant en lumi\u00e8re les m\u00eames m\u00e9canismes et \u00e9tapes-cl\u00e9.<\/p>\n<h5>&#8230; et des festivit\u00e9s !<\/h5>\n<p>Tout au long de l&rsquo;apr\u00e8s-midi et de la soir\u00e9e, <a href=\"https:\/\/www.facebook.com\/Odile-et-Gustave-906734029397730\/\">Odile et Gustave<\/a> nous ont r\u00e9gal\u00e9-e-s avec leurs douceurs et plats v\u00e9g\u00e9tariens et sans gluten. Leur installation \u00ab\u00a0guinguette\u00a0\u00bb dans la salle du Scarab\u00e9e a apport\u00e9 convivialit\u00e9 et couleurs \u00e0 cet \u00e9v\u00e9nement !<br \/>\nLa journ\u00e9e s&rsquo;est termin\u00e9e sur le rythme des concerts des groupes chamb\u00e9riens All Jam et <a href=\"https:\/\/jeremiegwinn.wixsite.com\/allthemoon\">J\u00e9r\u00e9mie G-Winn<\/a>. Jazz, rock, pop, electro, piano-voix&#8230; Leurs reprises et compositions nous ont enchant\u00e9-e-s, nous ont fait chanter et danser !<\/p>\n<p>Une belle mani\u00e8re de terminer cette journ\u00e9e riche en rencontres et partage.<br \/>\nMerci \u00e0 toutes et tous pour votre participation, votre investissement et votre bonne humeur !<\/p>\n","protected":false},"excerpt":{"rendered":"<p>&nbsp; Le 25 novembre dernier, nous c\u00e9l\u00e9brions &#8211; malheureusement &#8211; les 40 ans de SOS Femmes Violences \u00e0 la salle festive du Scarab\u00e9e \u00e0 Chamb\u00e9ry. Un peu plus de 80 personnes sont venues partager cet \u00e9v\u00e9nement avec nous, dont environ 60% de femmes et 40% d&rsquo;hommes. En pleine actualit\u00e9 sur les violences faites aux femmes, de nombreux m\u00e9dias nous ont contact\u00e9 et ont relay\u00e9 l&rsquo;\u00e9v\u00e9nement : France Bleu Pays de Savoie, Ch\u00e9rie FM, Le Dauphin\u00e9 Lib\u00e9r\u00e9, Hot Radio, France 3 R\u00e9gion&#8230; Articles de presse, interview radio, reportage\u00a0le jour m\u00eame&#8230; Cette couverture m\u00e9diatique a permis de faire parler de nous et de toucher un public qui jusque l\u00e0 ne nous connaissait pas ! La\u00a0matin\u00e9e dans les\u00a0rues de Chamb\u00e9ry Samedi matin, une quinzaine de b\u00e9n\u00e9voles et salari\u00e9es ont d\u00e9fil\u00e9 en rythme de la Place de Gen\u00e8ve \u00e0 la place Saint L\u00e9ger.\u00a0Traversant le march\u00e9 bond\u00e9, \u00e9quip\u00e9es\u00a0de flyers sur les chiffres de la violence conjugale, nous affirmions\u00a0haut et fort : \u00ab\u00a0Violences conjugales, on-en-parle !\u00a0\u00bb. Malgr\u00e9 la pluie et quelques retours peu sympathiques, le contact avec les passant-e-s a \u00e9t\u00e9 tr\u00e8s constructif et nous avons pu distribuer la totalit\u00e9 de\u00a0nos flyers ! Un apr\u00e8s-midi sous le signe de la sensibilisation&#8230; L&rsquo;apr\u00e8s-midi, plusieurs temps forts ont permis de sensibiliser le public \u00e0 la probl\u00e9matique des violences faites aux femmes. A l&rsquo;origine de ces violences, les in\u00e9galit\u00e9s femmes\/hommes. L&rsquo;exposition Olympe de Gouges a retrac\u00e9 le parcours de 17 femmes qui ont marqu\u00e9 les sciences, la politique, les arts ou le sport. A travers des fiches p\u00e9dagogiques affich\u00e9es dans la salle, nous avons d\u00e9couvert des femmes qui ont eu le courage d&rsquo;aller \u00e0 l&rsquo;encontre de ce qu&rsquo;on attendait d&rsquo;elles et se sont engag\u00e9es pour l&rsquo;avanc\u00e9e des droits des femmes. La repr\u00e9sentation th\u00e9\u00e2trale \u00ab\u00a0Les Petites Infamies\u00a0\u00bb a mis le doigt avec beaucoup d&rsquo;humour sur les rapports et les d\u00e9s\u00e9quilibres entre les\u00a0femmes et les hommes en les tournant en d\u00e9rision. S&rsquo;en est suivi un d\u00e9bat anim\u00e9 et int\u00e9ressant avec beaucoup de participation, et notamment celle des hommes pr\u00e9sents. Enfin, les conf\u00e9rences de Nathalie Mouthon nous ont apport\u00e9 un \u00e9clairage historique et sociologique sur les in\u00e9galit\u00e9s femmes\/hommes en terme de carri\u00e8re, de repr\u00e9sentation politique, de r\u00e9partition des t\u00e2ches domestiques etc.\u00a0La chercheuse a notamment insist\u00e9\u00a0sur l&rsquo;id\u00e9e d&rsquo;une \u00ab\u00a0fabrique des filles et des gar\u00e7ons\u00a0\u00bb d\u00e9signant des mod\u00e8les familiaux et des repr\u00e9sentations culturelles qui placent d\u00e8s l&rsquo;enfance les individus dans des cases. Selon plusieurs \u00e9tudes que Nathalie Mouthon nous a expos\u00e9es, aucune diff\u00e9rence n&rsquo;existe entre les cerveaux masculin et f\u00e9minin : les individus d\u00e9veloppent plut\u00f4t\u00a0certaines parties de leur cerveau en fonction des t\u00e2ches et r\u00f4les qu&rsquo;on leur a assign\u00e9s. &#8230;de l&rsquo;\u00e9motion&#8230; Apr\u00e8s la conf\u00e9rence, la fondatrice de SaVoie de femme en 1977 ainsi que\u00a0la premi\u00e8re femme aid\u00e9e par l&rsquo;association ont pris la parole. Cette derni\u00e8re a partag\u00e9 avec nous, non sans \u00e9motion, son parcours et sa reconnaissance envers l&rsquo;association. La fondatrice, quant \u00e0 elle, nous a racont\u00e9 le d\u00e9but de l&rsquo;association, les difficult\u00e9s mat\u00e9rielles et les r\u00e9sistances dans le milieu professionnel de l&rsquo;aide aux victimes. 40 ans apr\u00e8s, ces t\u00e9moignages r\u00e9sonnent encore de mani\u00e8re tr\u00e8s actuelle. Ils nous convainquent que m\u00eame si la loi a \u00e9volu\u00e9 depuis, le combat doit continuer ! L&rsquo;\u00e9motion s&rsquo;est \u00e9galement faite ressentir lors de la diffusion du film-documentaire \u00ab\u00a0Tous les deux jours\u00a0\u00bb r\u00e9alis\u00e9 par une b\u00e9n\u00e9vole de l&rsquo;association qui rassemble les t\u00e9moignages de plusieurs femmes accompagn\u00e9es\u00a0par SaVoie de femme. La r\u00e9alisation du film, gr\u00e2ce \u00e0 une d\u00e9coupe en plusieurs chapitres, met l&rsquo;accent sur le caract\u00e8re cyclique de la violence conjugale : si toutes les histoires sont diff\u00e9rentes, elles mettent pourtant en lumi\u00e8re les m\u00eames m\u00e9canismes et \u00e9tapes-cl\u00e9. &#8230; et des festivit\u00e9s ! Tout au long de l&rsquo;apr\u00e8s-midi et de la soir\u00e9e, Odile et Gustave nous ont r\u00e9gal\u00e9-e-s avec leurs douceurs et plats v\u00e9g\u00e9tariens et sans gluten. Leur installation \u00ab\u00a0guinguette\u00a0\u00bb dans la salle du Scarab\u00e9e a apport\u00e9 convivialit\u00e9 et couleurs \u00e0 cet \u00e9v\u00e9nement ! La journ\u00e9e s&rsquo;est termin\u00e9e sur le rythme des concerts des groupes chamb\u00e9riens All Jam et J\u00e9r\u00e9mie G-Winn. Jazz, rock, pop, electro, piano-voix&#8230; Leurs reprises et compositions nous ont enchant\u00e9-e-s, nous ont fait chanter et danser ! Une belle mani\u00e8re de terminer cette journ\u00e9e riche en rencontres et partage. Merci \u00e0 toutes et tous pour votre participation, votre investissement et votre bonne humeur !<\/p>\n","protected":false},"author":1,"featured_media":0,"parent":0,"menu_order":2,"comment_status":"closed","ping_status":"closed","template":"","meta":{"footnotes":""},"class_list":["post-148","page","type-page","status-publish","hentry"],"jetpack_sharing_enabled":true,"_links":{"self":[{"href":"https:\/\/savoiedefemme.fr\/index.php\/wp-json\/wp\/v2\/pages\/148","targetHints":{"allow":["GET"]}}],"collection":[{"href":"https:\/\/savoiedefemme.fr\/index.php\/wp-json\/wp\/v2\/pages"}],"about":[{"href":"https:\/\/savoiedefemme.fr\/index.php\/wp-json\/wp\/v2\/types\/page"}],"author":[{"embeddable":true,"href":"https:\/\/savoiedefemme.fr\/index.php\/wp-json\/wp\/v2\/users\/1"}],"replies":[{"embeddable":true,"href":"https:\/\/savoiedefemme.fr\/index.php\/wp-json\/wp\/v2\/comments?post=148"}],"version-history":[{"count":11,"href":"https:\/\/savoiedefemme.fr\/index.php\/wp-json\/wp\/v2\/pages\/148\/revisions"}],"predecessor-version":[{"id":213,"href":"https:\/\/savoiedefemme.fr\/index.php\/wp-json\/wp\/v2\/pages\/148\/revisions\/213"}],"wp:attachment":[{"href":"https:\/\/savoiedefemme.fr\/index.php\/wp-json\/wp\/v2\/media?parent=148"}],"curies":[{"name":"wp","href":"https:\/\/api.w.org\/{rel}","templated":true}]}}