{"id":157,"date":"2018-03-08T15:01:27","date_gmt":"2018-03-08T14:01:27","guid":{"rendered":"http:\/\/savoiedefemme.fr\/?page_id=157"},"modified":"2024-03-20T14:49:57","modified_gmt":"2024-03-20T13:49:57","slug":"bulletins-dinformation","status":"publish","type":"page","link":"https:\/\/savoiedefemme.fr\/index.php\/bulletins-dinformation\/","title":{"rendered":"Newsletter"},"content":{"rendered":"\n<p>Ces <em>newsletters<\/em> (ou bulletins d&rsquo;information) nous permettent de communiquer sur les actualit\u00e9s de l&rsquo;association avec nos partenaires, nos b\u00e9n\u00e9voles, nos adh\u00e9rent.e.s et les personnes qui demandent \u00e0 faire partie de la liste d&rsquo;envoi.<\/p>\n\n\n\n<p>Si vous souhaitez vous aussi les recevoir, vous pouvez vous inscrire ci-dessous :<\/p>\n\n\n\n<!-- BEGIN: Signup Form Popup Code from Benchmark Email Ver 4.0  -->\n\n<style type=\"text\/css\">\n .formbox-editor_P8E6V fieldset {border: none;margin: 0;padding: 0 40px;position: relative;}\n .formbox-editor_P8E6V fieldset > input,.formbox-editor_P8E6V fieldset > textarea,.formbox-editable-field_P8E6V {margin: 10px 0;outline: none;}\n .spacer-block_P8E6V {min-height: 20px;padding: 10px 0;position: relative;}\n .spacer-block-line_P8E6V {position: absolute;top: 50%;left: 40px;right: 40px;display: none;border-top-style: solid;}\n .formbox-editor_P8E6V {margin: 0 auto;padding: 0;text-align: left;width: 100%;box-sizing: border-box;}\n #formbox_screen_subscribe_P8E6V, #formbox_screen_success_P8E6V {padding: 30px 0;} \n .formbox-title_P8E6V, .formbox-text-field_P8E6V {margin-bottom: 0; font-family: Helvetica, Arial, sans-serif; color: #000000; font-size: 14px; }\n .formbox-title_P8E6V a, .formbox-text-field_P8E6V a  {text-decoration: none;} \n .formbox-title_P8E6V p, .formbox-text-field_P8E6V p {margin: 0;margin-bottom: 10px;padding: 0; word-break: break-word;}\n\n label.formbox-field-label_P8E6V {font-family: Helvetica, Arial, sans-serif; display: block; margin: 10px 0 0; padding: 0; font-size: 14px; text-align: left;line-height: 100%; color: #000000;}\n label.formbox-label-wrap_P8E6V {font-family: Helvetica, Arial, sans-serif; display: block; margin: 10px 0 0; padding: 0; font-size: 14px; line-height: 100%; padding-left: 15px; text-indent: -15px; font-style: italic;color: #000000;} label.formbox-label-wrap_P8E6V:last-of-type {margin-bottom: 10px;}\n label.formbox-label-wrap_P8E6V input[type=checkbox], label.formbox-label-wrap_P8E6V input[type=radio] { width: 13px; height: 13px; padding: 0; margin:0; margin-right: 5px; vertical-align: bottom; position: relative; top: -1px; }\n select.formbox-field_P8E6V {background-color: #000000; border: 2px solid #f1f2f2; border-radius: 0px; box-sizing: border-box; background-color: #ffffff; font-family: Helvetica, Arial, sans-serif; font-size: 14px; width: 100%; margin: 10px 0; height: auto; padding: 2px 0px;}\n\n input.formbox-field_P8E6V {color: #000000; background-color: #ffffff; border: 2px solid #f1f2f2; border-radius:0px; font-family: Helvetica, Arial, sans-serif; font-size: 14px; box-sizing: border-box; padding:15px; width: 100%;} input.formbox-field_P8E6V.text-placeholder {color: #c4c4c4; font-weight: normal; font-style: normal; font-family: Helvetica, Arial, sans-serif; font-size: 14px;}\n .formbox-field_P8E6V::-webkit-input-placeholder {color: #c4c4c4; font-weight: normal; font-style: normal;opacity: 1;}\n .formbox-field_P8E6V::-moz-placeholder { color: #c4c4c4; font-weight: normal; font-style: normal;opacity: 1;}\n .formbox-field_P8E6V:-ms-input-placeholder {color: #c4c4c4; font-weight: normal; font-style: normal; opacity: 1;}\n .formbox-button_P8E6V {line-height: 100%;  cursor: pointer; margin: 10px 0; }\n .formbox-button_P8E6V:hover { background-color:#353d41 !important; }\n .formbox-button_P8E6V:active { background-color:#0d1519 !important; }\n#popupFormLoader_P8E6V { display: none; position: absolute; bottom: 10px; right: 10px; width: 20px; height: 20px; background-image: url(https:\/\/benchmarkemail.com\/images\/popup-builder\/loadingicon.svg); background-position: center center; background-repeat: no-repeat; background-color: rgb(255, 255, 255); background-color: rgba(255, 255, 255, 0.3);  border-radius: 100%; -webkit-animation-name: spin; -webkit-animation-duration: 800ms; -webkit-animation-iteration-count: infinite; -webkit-animation-timing-function: linear; -moz-animation-name: spin; -moz-animation-duration: 800ms; -moz-animation-iteration-count: infinite; -moz-animation-timing-function: linear;\n-ms-animation-name: spin;-ms-animation-duration: 800ms;-ms-animation-iteration-count: infinite;-ms-animation-timing-function: linear;animation-name: spin;animation-duration: 800ms;animation-iteration-count: infinite;animation-timing-function: linear;}\n\n<\/style>\n<div id=\"signupFormContainer_P8E6V\">\n<div id=\"signupFormContent_P8E6V\">\n<div class=\"formbox-editor_P8E6V\" style=\"background: #ffffff; \nmax-width: 400px;border-radius:0px; box-sizing: border-box; top: 0px;\"><div id=\"formbox_screen_subscribe_P8E6V\" style=\"display:block;\" name=\"frmLB_P8E6V\">\n<input type=hidden name=token_P8E6V id=token_P8E6V value=\"mFcQnoBFKMQbGustN%2FsJ6xbnm%2BWYYJMGMrLCD37ilNdOu0CnKCEyDQ%3D%3D\" \/>\n<input type=hidden name=successurl_P8E6V id=successurl_P8E6V value=\"https:\/\/lb.benchmarkemail.com\/\/Code\/ThankYouOptin?language=french\" \/>\n<input type=hidden name=errorurl_P8E6V id=errorurl_P8E6V value=\"https:\/\/lb.benchmarkemail.com\/\/Code\/Error\" \/>\n<fieldset class=\"formbox-field_P8E6V\"><input type=text placeholder=\"Adresse e-mail *\" class=\"formbox-field_P8E6V text-placeholder\" onfocus=\"javascript:focusPlaceHolder(this);\" onblur=\"javascript:blurPlaceHolder(this);\" id=\"fldemail_P8E6V\" name=\"fldemail_P8E6V\" maxlength=100 \/><\/fieldset>\n<fieldset style=\"text-align:left;\"><div id=\"btnSubmit_P8E6V\" onClick=\"javascript:return submit_P8E6VClick();\" style=\"word-break: break-all; box-sizing: border-box; text-align:center; display: inline-block;padding-left: 15px; padding-right: 15px;padding-top: 15px; padding-bottom: 15px;background-color:rgb(33, 41, 45); border: rgba(0, 0, 0, 0) solid 0px; border-radius: 2px;font-family :Helvetica, Arial, sans-serif; font-size: 14px;color: rgb(255, 255, 255); line-height: 1; letter-spacing:1pxpx;\" class=\"formbox-button_P8E6V\">S&rsquo;inscrire<\/div><\/fieldset><\/div>\n<\/div>\n<\/div>\n<\/div>\n\n<script type=\"text\/javascript\">\nfunction CheckField_P8E6V(fldName, frm){var fldObj = document.getElementsByName(fldName);if ( fldObj.length > 1 ) {  for ( var i = 0, l = fldObj.length; i < l; i++ ) {   if ( fldObj[0].type == 'select-one' ) { if( fldObj[i].selected &#038;&#038; i==0 &#038;&#038; fldObj[i].value == '' ) { return false; }   if ( fldObj[i].selected ) { return true; } }  else { if ( fldObj[i].checked ) { return true; } }; } return false; }  else  { if ( fldObj[0].type == \"checkbox\" ) { return ( fldObj[0].checked ); }  else if ( fldObj[0].type == \"radio\" ) { return ( fldObj[0].checked ); }  else { fldObj[0].focus(); return (fldObj[0].value.length > 0); }} }\nfunction rmspaces(x) {var leftx = 0;var rightx = x.length -1;while ( x.charAt(leftx) == ' ') { leftx++; }while ( x.charAt(rightx) == ' ') { --rightx; }var q = x.substr(leftx,rightx-leftx + 1);if ( (leftx == x.length) && (rightx == -1) ) { q =''; } return(q); }\n\nfunction checkfield(data) {if (rmspaces(data) == \"\"){return false;}else {return true;}}\n\nfunction isemail(data) {var flag = false;if (  data.indexOf(\"@\",0)  == -1 || data.indexOf(\"\\\\\",0)  != -1 ||data.indexOf(\"\/\",0)  != -1 ||!checkfield(data) ||  data.indexOf(\".\",0)  == -1  ||  data.indexOf(\"@\")  == 0 ||data.lastIndexOf(\".\") < data.lastIndexOf(\"@\") ||data.lastIndexOf(\".\") == (data.length - 1)   ||data.lastIndexOf(\"@\") !=   data.indexOf(\"@\") ||data.indexOf(\",\",0)  != -1 ||data.indexOf(\":\",0)  != -1 ||data.indexOf(\";\",0)  != -1  ) {return flag;} else {var temp = rmspaces(data);if (temp.indexOf(' ',0) != -1) { flag = true; }var d3 = temp.lastIndexOf('.') + 4;var d4 = temp.substring(0,d3);var e2 = temp.length  -  temp.lastIndexOf('.')  - 1;var i1 = temp.indexOf('@');if (  (temp.charAt(i1+1) == '.') || ( e2 < 1 ) ) { flag = true; }return !flag;}}\n\nfunction focusPlaceHolder(obj) { \nobj.className = \"formbox-field_P8E6V\"; }\nfunction blurPlaceHolder(obj) { \nif ( obj.value == '' ) { obj.className = \"formbox-field_P8E6V text-placeholder\"; } } \nfunction isValidDate(year, month, day) { \nif (year.toString() == '' || month.toString() == '' || day.toString() == '') { return false;} try { year = parseInt(year); month = parseInt(month); day = parseInt(day); } catch (e) { return false;} var d = new Date(year, month - 1, day, 0, 0, 0, 0); return (!isNaN(d) &#038;&#038; (d.getDate() == day &#038;&#038; d.getMonth() + 1 == month &#038;&#038; d.getFullYear() == year));}var submitButton_P8E6V = document.getElementById(\"btnSubmit_P8E6V\");\nvar subscribeScreen_P8E6V = document.getElementById(\"formbox_screen_subscribe_P8E6V\");\nvar signupFormContainer_P8E6V = document.getElementById(\"signupFormContainer_P8E6V\");\nvar signupFormLoader_P8E6V = document.getElementById(\"popupFormLoader_P8E6V\");\nfunction submit_P8E6VClick(){\n var retVal = true; var contentdata = \"\"; var frm = document.getElementById(\"formbox_screen_subscribe_P8E6V\");if ( !isemail(document.getElementsByName(\"fldemail_P8E6V\")[0].value) ) { \n   alert(\"Veuillez entrer le Adresse e-mail\");\ndocument.getElementById(\"fldemail_P8E6V\").focus(); retVal = false;} if ( retVal == true ) {var frm = \"_P8E6V\"; var f = document.createElement(\"form\"); f.setAttribute('accept-charset', \"UTF-8\");  f.setAttribute('method', \"post\"); f.setAttribute('action', \"https:\/\/lb.benchmarkemail.com\/\/code\/lbform\"); var elms = document.getElementsByName(\"frmLB\" + frm)[0].getElementsByTagName(\"*\");var ty = \"\"; for (var ei = 0; ei < elms.length; ei++) {ty = elms[ei].type; if (ty == \"hidden\" || ty == \"text\" || (ty == \"checkbox\" &#038;&#038; elms[ei].checked) || (ty == \"radio\" &#038;&#038; elms[ei].checked) || ty == \"textarea\" || ty == \"select-one\" || ty == \"button\") {elm = elms[ei]; if(elm.id != \"\") { var i = document.createElement(\"input\"); i.type = \"hidden\"; i.name = elm.name.replace(\"_P8E6V\", \"\"); i.id = elm.id; i.value = elm.value; f.appendChild(i); } } } document.getElementsByTagName('body')[0].appendChild(f);f.submit(); }\nif(isemail(document.getElementById(\"fldemail_P8E6V\").value) &#038;&#038; window &#038;&#038; window.JB_TRACKER &#038;&#038; typeof window.JB_TRACKER.jbSubmitForm === 'function') { \n window.JB_TRACKER.jbSubmitForm({ \n email: document.getElementById(\"fldemail_P8E6V\").value, didSubmit: true \n }); \n }\n\nreturn retVal;}  var bmePopupFormViewed_P8E6V = localStorage.getItem('bmePopupFormSignedUp1755690'); \n  if ( bmePopupFormViewed_P8E6V != 'true') {\n  } \nfunction debounce_P8E6V(func, wait, immediate) {\nvar timeout;\nreturn function() {\nvar context = this, args = arguments;\nvar later = function() {timeout = null; if (!immediate) func.apply(context, args); };\nvar callNow = immediate &#038;&#038; !timeout; clearTimeout(timeout); timeout = setTimeout(later, wait); if (callNow) func.apply(context, args); };\n};\nvar hasVerticalCenter_P8E6V = document.getElementsByClassName('position-centered');\nfunction verticalCenter_P8E6V(element) { if(element) { element.style.opacity = 0;  element.style.display = 'block';  }\nsetTimeout(function () { if (hasVerticalCenter_P8E6V.length > 0) { var windowHeight = Math.max(document.documentElement.clientHeight, window.innerHeight || 0); \n var formElement_P8E6V = document.getElementsByClassName('formbox-editor_P8E6V')[0]; var formHeight_P8E6V = formElement_P8E6V.clientHeight; \n if (formHeight_P8E6V < windowHeight) { var newPosition = 0; newPosition = (windowHeight - formHeight_P8E6V) \/ 2; formElement_P8E6V.style.top = newPosition + 'px'; } else { formElement_P8E6V.style.top = '0px'; } }\nif(element) { element.style.opacity = 1;  }\n }, 100);\n}\nif (hasVerticalCenter_P8E6V.length > 0) { var resizeEvent_P8E6V = debounce_P8E6V(function() { verticalCenter_P8E6V(); }, 250); window.addEventListener('resize', resizeEvent_P8E6V); } \n\n<\/script>\n\n\n\n<!-- END: Signup Form Popup Code from Benchmark Email Ver 4.0  -->\n\n\n\n<p><\/p>\n\n\n\n<p>Vous trouverez ces bulletins en cliquant sur les liens suivants :<\/p>\n\n\n\n<p><a href=\"https:\/\/clt1623507.bmeurl.co\/108462DC\" data-type=\"link\" data-id=\"https:\/\/clt1623507.bmeurl.co\/108462DC\">Bulletin d&rsquo;information n\u00b010 &#8211; janvier 2024<\/a><\/p>\n\n\n\n<p><a href=\"https:\/\/mailchi.mp\/10dc9a90f7ed\/la-newsletter-de-savoie-de-femme\">Bulletin d&rsquo;information n\u00b09 &#8211; juillet 2021<\/a><\/p>\n\n\n\n<p><a href=\"https:\/\/us13.campaign-archive.com\/?u=dd549eee391315a7ffed0606d&amp;id=1009e5857f\">Bulletin d&rsquo;information n\u00b08 &#8211; avril 2020<\/a><\/p>\n\n\n\n<p><a href=\"https:\/\/mailchi.mp\/05653cac18e6\/violences-faites-aux-femmes-osons-en-parler-4698761\">Bulletin d&rsquo;information n\u00b07 &#8211; d\u00e9cembre 2019<\/a><\/p>\n\n\n\n<p><a href=\"https:\/\/mailchi.mp\/7f0ed608563a\/bulletin-savoiedefemme-juin-2018\">Bulletin d&rsquo;information n\u00b06 &#8211; juin 2018<\/a><\/p>\n\n\n\n<p><a href=\"https:\/\/mailchi.mp\/20d607af0beb\/bulletin-des-femmes-5me-dition-fvrier-2018\">Bulletin d&rsquo;information n\u00b05 &#8211; janvier\/f\u00e9vrier 2018<\/a><\/p>\n\n\n\n<p><a href=\"https:\/\/mailchi.mp\/f58462e119f9\/le-bulletin-des-femmes-40-ans-dition-spciale\">Bulletin d&rsquo;information n\u00b04 &#8211; Edition sp\u00e9ciale 40 ans &#8211; Septembre 2017<\/a><\/p>\n\n\n\n<p><a href=\"https:\/\/mailchi.mp\/57add5005ab8\/le-bulletin-des-femmes-numro-3-sos-femmes-violences-73\">Bulletin d&rsquo;information n\u00b03 &#8211; avril 2017<\/a><\/p>\n\n\n\n<p><a href=\"https:\/\/us13.campaign-archive.com\/?u=dd549eee391315a7ffed0606d&amp;id=dc55f6b366\">Bulletin d&rsquo;information n\u00b02 &#8211; mai 2016<\/a><\/p>\n","protected":false},"excerpt":{"rendered":"<p>Ces newsletters (ou bulletins d&rsquo;information) nous permettent de communiquer sur les actualit\u00e9s de l&rsquo;association avec nos partenaires, nos b\u00e9n\u00e9voles, nos adh\u00e9rent.e.s et les personnes qui demandent \u00e0 faire partie de la liste d&rsquo;envoi. Si vous souhaitez vous aussi les recevoir, vous pouvez vous inscrire ci-dessous : S&rsquo;inscrire Vous trouverez ces bulletins en cliquant sur les liens suivants : Bulletin d&rsquo;information n\u00b010 &#8211; janvier 2024 Bulletin d&rsquo;information n\u00b09 &#8211; juillet 2021 Bulletin d&rsquo;information n\u00b08 &#8211; avril 2020 Bulletin d&rsquo;information n\u00b07 &#8211; d\u00e9cembre 2019 Bulletin d&rsquo;information n\u00b06 &#8211; juin 2018 Bulletin d&rsquo;information n\u00b05 &#8211; janvier\/f\u00e9vrier 2018 Bulletin d&rsquo;information n\u00b04 &#8211; Edition sp\u00e9ciale 40 ans &#8211; Septembre 2017 Bulletin d&rsquo;information n\u00b03 &#8211; avril 2017 Bulletin d&rsquo;information n\u00b02 &#8211; mai 2016<\/p>\n","protected":false},"author":1,"featured_media":0,"parent":0,"menu_order":4,"comment_status":"closed","ping_status":"closed","template":"","meta":{"footnotes":""},"class_list":["post-157","page","type-page","status-publish","hentry"],"jetpack_sharing_enabled":true,"_links":{"self":[{"href":"https:\/\/savoiedefemme.fr\/index.php\/wp-json\/wp\/v2\/pages\/157","targetHints":{"allow":["GET"]}}],"collection":[{"href":"https:\/\/savoiedefemme.fr\/index.php\/wp-json\/wp\/v2\/pages"}],"about":[{"href":"https:\/\/savoiedefemme.fr\/index.php\/wp-json\/wp\/v2\/types\/page"}],"author":[{"embeddable":true,"href":"https:\/\/savoiedefemme.fr\/index.php\/wp-json\/wp\/v2\/users\/1"}],"replies":[{"embeddable":true,"href":"https:\/\/savoiedefemme.fr\/index.php\/wp-json\/wp\/v2\/comments?post=157"}],"version-history":[{"count":24,"href":"https:\/\/savoiedefemme.fr\/index.php\/wp-json\/wp\/v2\/pages\/157\/revisions"}],"predecessor-version":[{"id":1707,"href":"https:\/\/savoiedefemme.fr\/index.php\/wp-json\/wp\/v2\/pages\/157\/revisions\/1707"}],"wp:attachment":[{"href":"https:\/\/savoiedefemme.fr\/index.php\/wp-json\/wp\/v2\/media?parent=157"}],"curies":[{"name":"wp","href":"https:\/\/api.w.org\/{rel}","templated":true}]}}