{"id":159,"date":"2018-03-08T15:01:52","date_gmt":"2018-03-08T14:01:52","guid":{"rendered":"http:\/\/savoiedefemme.fr\/?page_id=159"},"modified":"2026-01-15T14:28:00","modified_gmt":"2026-01-15T13:28:00","slug":"rapports-dactivite","status":"publish","type":"page","link":"https:\/\/savoiedefemme.fr\/index.php\/rapports-dactivite\/","title":{"rendered":"Rapports d&rsquo;activit\u00e9"},"content":{"rendered":"\n<div data-wp-interactive=\"core\/file\" class=\"wp-block-file\"><object data-wp-bind--hidden=\"!state.hasPdfPreview\" hidden class=\"wp-block-file__embed\" data=\"https:\/\/savoiedefemme.fr\/wp-content\/uploads\/2026\/01\/2024-Rapport-Activite-1-1.pdf\" type=\"application\/pdf\" style=\"width:100%;height:600px\" aria-label=\"Contenu embarqu\u00e9 2024 Rapport Activit\u00e9.\"><\/object><a id=\"wp-block-file--media-ee72290c-df14-45b6-8e05-e09e62c31ea6\" href=\"https:\/\/savoiedefemme.fr\/wp-content\/uploads\/2026\/01\/2024-Rapport-Activite-1-1.pdf\">2024 Rapport Activit\u00e9<\/a><a href=\"https:\/\/savoiedefemme.fr\/wp-content\/uploads\/2026\/01\/2024-Rapport-Activite-1-1.pdf\" class=\"wp-block-file__button wp-element-button\" download aria-describedby=\"wp-block-file--media-ee72290c-df14-45b6-8e05-e09e62c31ea6\">T\u00e9l\u00e9charger<\/a><\/div>\n\n\n<p><a href=\"https:\/\/savoiedefemme.fr\/wp-content\/uploads\/2024\/06\/2023-Rapport-Activite.pdf\">Rapport d&rsquo;activit\u00e9 2023<\/a><\/p>\n<p><a href=\"https:\/\/savoiedefemme.fr\/wp-content\/uploads\/2024\/08\/23-Rapport-dactivite-2022.pdf\">Rapport d&rsquo;activit\u00e9 2022<\/a><\/p>\n<p><a href=\"https:\/\/savoiedefemme.fr\/wp-content\/uploads\/2022\/06\/AG-2022-Rapport-activite-2021-VF.pdf\">Rapport d&rsquo;activit\u00e9 2021<\/a><\/p>\n<p><a href=\"https:\/\/savoiedefemme.fr\/wp-content\/uploads\/2021\/11\/rapport-activit\u00e9-2020.pdf\" target=\"_blank\" rel=\"noopener noreferrer\">Rapport d&rsquo;activit\u00e9 2020<\/a><\/p>\n<p><span style=\"color: #ffffff;\"><a href=\"https:\/\/savoiedefemme.fr\/wp-content\/uploads\/2020\/08\/Rapport-dactivit\u00e9-2019-DOCUMENT-FINAL.pdf\" target=\"_blank\" rel=\"noopener noreferrer\">Rapport d&rsquo;activit\u00e9 2019<br \/><\/a><\/span><\/p>\n<p><a href=\"https:\/\/savoiedefemme.fr\/wp-content\/uploads\/2019\/07\/Rapport-act-2018.pdf\" target=\"_blank\" rel=\"noopener noreferrer\">Rapport d&rsquo;activit\u00e9 2018<\/a><\/p>\n<p><a href=\"https:\/\/savoiedefemme.fr\/wp-content\/uploads\/2018\/06\/Rapport-2018-sur-2017.pdf\" target=\"_blank\" rel=\"noopener noreferrer\"><span style=\"vertical-align: inherit;\"><span style=\"vertical-align: inherit;\">Rapport d&rsquo;activit\u00e9 2017<\/span><\/span><\/a><\/p>\n<p><a href=\"https:\/\/savoiedefemme.fr\/wp-content\/uploads\/2018\/03\/Rapport-dactivit\u00e9-2016.pdf\" target=\"_blank\" rel=\"noopener noreferrer\"><span style=\"vertical-align: inherit;\"><span style=\"vertical-align: inherit;\">Rapport d&rsquo;activit\u00e9 2016<\/span><\/span><\/a><\/p>\n<p><a href=\"https:\/\/savoiedefemme.fr\/wp-content\/uploads\/2018\/03\/Rapport-dactivit\u00e9-2015.pdf\" target=\"_blank\" rel=\"noopener noreferrer\"><span style=\"vertical-align: inherit;\"><span style=\"vertical-align: inherit;\">Rapport d&rsquo;activit\u00e9 2015<\/span><\/span><\/a><\/p>\n<p><a href=\"https:\/\/savoiedefemme.fr\/wp-content\/uploads\/2018\/03\/Rapport-dactivit\u00e9-2014.pdf\" target=\"_blank\" rel=\"noopener noreferrer\"><span style=\"vertical-align: inherit;\"><span style=\"vertical-align: inherit;\">Rapport d&rsquo;activit\u00e9 2014<\/span><\/span><\/a><\/p>\n\n\n<p><\/p>\n","protected":false},"excerpt":{"rendered":"<p>Rapport d&rsquo;activit\u00e9 2023 Rapport d&rsquo;activit\u00e9 2022 Rapport d&rsquo;activit\u00e9 2021 Rapport d&rsquo;activit\u00e9 2020 Rapport d&rsquo;activit\u00e9 2019 Rapport d&rsquo;activit\u00e9 2018 Rapport d&rsquo;activit\u00e9 2017 Rapport d&rsquo;activit\u00e9 2016 Rapport d&rsquo;activit\u00e9 2015 Rapport d&rsquo;activit\u00e9 2014<\/p>\n","protected":false},"author":1,"featured_media":0,"parent":0,"menu_order":5,"comment_status":"closed","ping_status":"closed","template":"","meta":{"footnotes":""},"class_list":["post-159","page","type-page","status-publish","hentry"],"jetpack_sharing_enabled":true,"_links":{"self":[{"href":"https:\/\/savoiedefemme.fr\/index.php\/wp-json\/wp\/v2\/pages\/159","targetHints":{"allow":["GET"]}}],"collection":[{"href":"https:\/\/savoiedefemme.fr\/index.php\/wp-json\/wp\/v2\/pages"}],"about":[{"href":"https:\/\/savoiedefemme.fr\/index.php\/wp-json\/wp\/v2\/types\/page"}],"author":[{"embeddable":true,"href":"https:\/\/savoiedefemme.fr\/index.php\/wp-json\/wp\/v2\/users\/1"}],"replies":[{"embeddable":true,"href":"https:\/\/savoiedefemme.fr\/index.php\/wp-json\/wp\/v2\/comments?post=159"}],"version-history":[{"count":17,"href":"https:\/\/savoiedefemme.fr\/index.php\/wp-json\/wp\/v2\/pages\/159\/revisions"}],"predecessor-version":[{"id":1861,"href":"https:\/\/savoiedefemme.fr\/index.php\/wp-json\/wp\/v2\/pages\/159\/revisions\/1861"}],"wp:attachment":[{"href":"https:\/\/savoiedefemme.fr\/index.php\/wp-json\/wp\/v2\/media?parent=159"}],"curies":[{"name":"wp","href":"https:\/\/api.w.org\/{rel}","templated":true}]}}