{"id":167,"date":"2018-03-08T15:07:38","date_gmt":"2018-03-08T14:07:38","guid":{"rendered":"http:\/\/savoiedefemme.fr\/?page_id=167"},"modified":"2026-01-15T14:06:14","modified_gmt":"2026-01-15T13:06:14","slug":"les-caracteristiques-cle","status":"publish","type":"page","link":"https:\/\/savoiedefemme.fr\/index.php\/contact\/les-caracteristiques-cle\/","title":{"rendered":"La violence conjugale"},"content":{"rendered":"<p>Gifles, blagues humiliantes, coups de poing, s\u00e9questration, rapports sexuels forc\u00e9s, \u00e9tranglements, sarcasme, menaces, harc\u00e8lement, br\u00fblures, destructions de bien, exc\u00e8s de col\u00e8re, fractures, m\u00e9pris&#8230; La violence conjugale d\u00e9signe, au sein d&rsquo;une relation intime ou privil\u00e9gi\u00e9e, une atteinte volontaire \u00e0 l&rsquo;int\u00e9grit\u00e9 et la libert\u00e9 de l&rsquo;autre, une emprise psychologique, la volont\u00e9 de contr\u00f4ler et dominer son ou sa partenaire.<\/p>\n<p>La violence conjugale n&rsquo;est ni accidentelle, ni le r\u00e9sultat d&rsquo;une dispute de couple, ni le signe d&rsquo;une union en difficult\u00e9. Elle est <strong>inacceptable<\/strong> et <strong>punissable par la loi<\/strong>. Elle d\u00e9signe une volont\u00e9 de destruction de l&rsquo;autre pour le contr\u00f4ler, un abus de pouvoir, un rapport de force in\u00e9gal.<\/p>\n<p>Les formes des violences sont multiples (<strong>verbale<\/strong>, <strong>physique<\/strong>, <strong>psychologique<\/strong>, <strong>\u00e9conomique<\/strong>, <strong>administrative<\/strong>, <strong>sexuelle<\/strong>, <strong>num\u00e9rique<\/strong>, <strong>spirituelle<\/strong>) et se cumule g\u00e9n\u00e9ralement. L\u2019absence de blessure physique ne signifie pas l\u2019absence de violence. Les violences psychologiques sont reconnues comme des violences par la loi. Aucune violence n\u2019est justifiable.<\/p>\n<p>Si la violence physique est d\u00e9j\u00e0 pr\u00e9sente, d&rsquo;autres formes de violences ont pu \u00eatre mise en place.<\/p>\n<p><img loading=\"lazy\" decoding=\"async\" class=\"size-full wp-image-1851 aligncenter\" src=\"https:\/\/savoiedefemme.fr\/wp-content\/uploads\/2026\/01\/formes-de-violences-complet-3.png\" alt=\"\" width=\"800\" height=\"800\" srcset=\"https:\/\/savoiedefemme.fr\/wp-content\/uploads\/2026\/01\/formes-de-violences-complet-3.png 800w, https:\/\/savoiedefemme.fr\/wp-content\/uploads\/2026\/01\/formes-de-violences-complet-3-300x300.png 300w, https:\/\/savoiedefemme.fr\/wp-content\/uploads\/2026\/01\/formes-de-violences-complet-3-150x150.png 150w, https:\/\/savoiedefemme.fr\/wp-content\/uploads\/2026\/01\/formes-de-violences-complet-3-768x768.png 768w, https:\/\/savoiedefemme.fr\/wp-content\/uploads\/2026\/01\/formes-de-violences-complet-3-75x75.png 75w\" sizes=\"auto, (max-width: 800px) 100vw, 800px\" \/><\/p>\n<p>La violence au sein du couple est r\u00e9guli\u00e8re bien que ne s&rsquo;exer\u00e7ant pas toujours de la m\u00eame mani\u00e8re. Les comportements violents se multiplient et alternent avec des moments d&rsquo;accalmie, de mani\u00e8re \u00e0 tenir la victime dans un \u00e9tat d&rsquo;attente, d&rsquo;espoir et de peur. Ce processus d\u00e9stabilise la victime ainsi que l&rsquo;entourage et les professionnel-le-s. Sous emprise, la victime donne l&rsquo;impression de ne pas vouloir partir et de d\u00e9fendre l&rsquo;auteur des violences, alors qu&rsquo;elle est souvent isol\u00e9e, en \u00e9tat de sid\u00e9ration et par ailleurs menac\u00e9e. Cette emprise ajout\u00e9e aux b\u00e9n\u00e9fices du secret du priv\u00e9e permet aux auteurs d&rsquo;exercer leur violence souvent en toute impunit\u00e9.<\/p>\n<p>Les cons\u00e9quences des violences sont multiples chez la femme, mais \u00e9galement chez les enfants. En effet, le climat de tension et de peur constant, ainsi que les agressions v\u00e9cues, ont des r\u00e9percussions majeures sur les victimes.<\/p>\n<p><img loading=\"lazy\" decoding=\"async\" class=\"size-full wp-image-1852 aligncenter\" src=\"https:\/\/savoiedefemme.fr\/wp-content\/uploads\/2026\/01\/consequence-version-diapo-IREIS.png\" alt=\"\" width=\"800\" height=\"800\" srcset=\"https:\/\/savoiedefemme.fr\/wp-content\/uploads\/2026\/01\/consequence-version-diapo-IREIS.png 800w, https:\/\/savoiedefemme.fr\/wp-content\/uploads\/2026\/01\/consequence-version-diapo-IREIS-300x300.png 300w, https:\/\/savoiedefemme.fr\/wp-content\/uploads\/2026\/01\/consequence-version-diapo-IREIS-150x150.png 150w, https:\/\/savoiedefemme.fr\/wp-content\/uploads\/2026\/01\/consequence-version-diapo-IREIS-768x768.png 768w, https:\/\/savoiedefemme.fr\/wp-content\/uploads\/2026\/01\/consequence-version-diapo-IREIS-75x75.png 75w\" sizes=\"auto, (max-width: 800px) 100vw, 800px\" \/><\/p>\n<p>La violence conjugale constitue la forme la plus r\u00e9pandue de violence envers les femmes. Elle est le produit d&rsquo;une culture patriarcale qui tend \u00e0 contr\u00f4ler le corps des femmes et les emp\u00eacher d&rsquo;exercer un pouvoir similaire \u00e0 celui des hommes. Les cons\u00e9quences de la violence conjugale tendent \u00e0 \u00eatre minimis\u00e9es et sont peu connues de tou-te-s, qu&rsquo;il s&rsquo;agisse du co\u00fbt \u00e9conomique et social mais \u00e9galement des cons\u00e9quences sur les enfants qui sont tout aussi victimes que leur m\u00e8re.<\/p>\n<p>La violence conjugale ne peut d\u00e9finitivement plus \u00eatre consid\u00e9r\u00e9e comme une affaire priv\u00e9e. Elle est l&rsquo;affaire de tou-te-s y compris de la justice et de la sant\u00e9 publique. Elle est un obstacle de taille \u00e0 l&rsquo;\u00e9galit\u00e9 entre les femmes et les hommes et au respect des droits fondamentaux des femmes et des enfants.<\/p>\n","protected":false},"excerpt":{"rendered":"<p>Gifles, blagues humiliantes, coups de poing, s\u00e9questration, rapports sexuels forc\u00e9s, \u00e9tranglements, sarcasme, menaces, harc\u00e8lement, br\u00fblures, destructions de bien, exc\u00e8s de col\u00e8re, fractures, m\u00e9pris&#8230; La violence conjugale d\u00e9signe, au sein d&rsquo;une relation intime ou privil\u00e9gi\u00e9e, une atteinte volontaire \u00e0 l&rsquo;int\u00e9grit\u00e9 et la libert\u00e9 de l&rsquo;autre, une emprise psychologique, la volont\u00e9 de contr\u00f4ler et dominer son ou sa partenaire. La violence conjugale n&rsquo;est ni accidentelle, ni le r\u00e9sultat d&rsquo;une dispute de couple, ni le signe d&rsquo;une union en difficult\u00e9. Elle est inacceptable et punissable par la loi. Elle d\u00e9signe une volont\u00e9 de destruction de l&rsquo;autre pour le contr\u00f4ler, un abus de pouvoir, un rapport de force in\u00e9gal. Les formes des violences sont multiples (verbale, physique, psychologique, \u00e9conomique, administrative, sexuelle, num\u00e9rique, spirituelle) et se cumule g\u00e9n\u00e9ralement. L\u2019absence de blessure physique ne signifie pas l\u2019absence de violence. Les violences psychologiques sont reconnues comme des violences par la loi. Aucune violence n\u2019est justifiable. Si la violence physique est d\u00e9j\u00e0 pr\u00e9sente, d&rsquo;autres formes de violences ont pu \u00eatre mise en place. La violence au sein du couple est r\u00e9guli\u00e8re bien que ne s&rsquo;exer\u00e7ant pas toujours de la m\u00eame mani\u00e8re. Les comportements violents se multiplient et alternent avec des moments d&rsquo;accalmie, de mani\u00e8re \u00e0 tenir la victime dans un \u00e9tat d&rsquo;attente, d&rsquo;espoir et de peur. Ce processus d\u00e9stabilise la victime ainsi que l&rsquo;entourage et les professionnel-le-s. Sous emprise, la victime donne l&rsquo;impression de ne pas vouloir partir et de d\u00e9fendre l&rsquo;auteur des violences, alors qu&rsquo;elle est souvent isol\u00e9e, en \u00e9tat de sid\u00e9ration et par ailleurs menac\u00e9e. Cette emprise ajout\u00e9e aux b\u00e9n\u00e9fices du secret du priv\u00e9e permet aux auteurs d&rsquo;exercer leur violence souvent en toute impunit\u00e9. Les cons\u00e9quences des violences sont multiples chez la femme, mais \u00e9galement chez les enfants. En effet, le climat de tension et de peur constant, ainsi que les agressions v\u00e9cues, ont des r\u00e9percussions majeures sur les victimes. La violence conjugale constitue la forme la plus r\u00e9pandue de violence envers les femmes. Elle est le produit d&rsquo;une culture patriarcale qui tend \u00e0 contr\u00f4ler le corps des femmes et les emp\u00eacher d&rsquo;exercer un pouvoir similaire \u00e0 celui des hommes. Les cons\u00e9quences de la violence conjugale tendent \u00e0 \u00eatre minimis\u00e9es et sont peu connues de tou-te-s, qu&rsquo;il s&rsquo;agisse du co\u00fbt \u00e9conomique et social mais \u00e9galement des cons\u00e9quences sur les enfants qui sont tout aussi victimes que leur m\u00e8re. La violence conjugale ne peut d\u00e9finitivement plus \u00eatre consid\u00e9r\u00e9e comme une affaire priv\u00e9e. Elle est l&rsquo;affaire de tou-te-s y compris de la justice et de la sant\u00e9 publique. Elle est un obstacle de taille \u00e0 l&rsquo;\u00e9galit\u00e9 entre les femmes et les hommes et au respect des droits fondamentaux des femmes et des enfants.<\/p>\n","protected":false},"author":1,"featured_media":0,"parent":9,"menu_order":1,"comment_status":"closed","ping_status":"closed","template":"","meta":{"footnotes":""},"class_list":["post-167","page","type-page","status-publish","hentry"],"jetpack_sharing_enabled":true,"_links":{"self":[{"href":"https:\/\/savoiedefemme.fr\/index.php\/wp-json\/wp\/v2\/pages\/167","targetHints":{"allow":["GET"]}}],"collection":[{"href":"https:\/\/savoiedefemme.fr\/index.php\/wp-json\/wp\/v2\/pages"}],"about":[{"href":"https:\/\/savoiedefemme.fr\/index.php\/wp-json\/wp\/v2\/types\/page"}],"author":[{"embeddable":true,"href":"https:\/\/savoiedefemme.fr\/index.php\/wp-json\/wp\/v2\/users\/1"}],"replies":[{"embeddable":true,"href":"https:\/\/savoiedefemme.fr\/index.php\/wp-json\/wp\/v2\/comments?post=167"}],"version-history":[{"count":7,"href":"https:\/\/savoiedefemme.fr\/index.php\/wp-json\/wp\/v2\/pages\/167\/revisions"}],"predecessor-version":[{"id":1853,"href":"https:\/\/savoiedefemme.fr\/index.php\/wp-json\/wp\/v2\/pages\/167\/revisions\/1853"}],"up":[{"embeddable":true,"href":"https:\/\/savoiedefemme.fr\/index.php\/wp-json\/wp\/v2\/pages\/9"}],"wp:attachment":[{"href":"https:\/\/savoiedefemme.fr\/index.php\/wp-json\/wp\/v2\/media?parent=167"}],"curies":[{"name":"wp","href":"https:\/\/api.w.org\/{rel}","templated":true}]}}