{"id":1816,"date":"2025-01-23T15:25:36","date_gmt":"2025-01-23T14:25:36","guid":{"rendered":"https:\/\/savoiedefemme.fr\/?page_id=1816"},"modified":"2025-01-23T15:25:36","modified_gmt":"2025-01-23T14:25:36","slug":"ateliers-bien-etre","status":"publish","type":"page","link":"https:\/\/savoiedefemme.fr\/index.php\/ateliers-bien-etre\/","title":{"rendered":"Ateliers bien-\u00eatre"},"content":{"rendered":"\n<p>L&rsquo;association propose dans ses locaux plusieurs ateliers :<\/p>\n\n\n\n<ul class=\"wp-block-list\">\n<li>Massage (s\u00e9ances individuelles)<\/li>\n\n\n\n<li>Groupes de parole<\/li>\n\n\n\n<li>Sophrologie<\/li>\n\n\n\n<li>Art Th\u00e9rapie<\/li>\n\n\n\n<li>Qi Gong<\/li>\n\n\n\n<li>Self-d\u00e9fense<\/li>\n<\/ul>\n\n\n\n<p>Ces temps ont pour objectif de permettre aux femmes victimes de violences conjugales de <strong>prendre soin d&rsquo;elles, de se retrouver avec leur corps, de rencontrer d&rsquo;autres femmes dans la m\u00eame situation<\/strong> etc. Les ateliers sont assur\u00e9s par des b\u00e9n\u00e9voles ou des intervenantes ext\u00e9rieures et sont totalement gratuits, il suffit simplement de s&rsquo;inscrire aupr\u00e8s d&rsquo;une intervenante sociale ou d&rsquo;appeler. Pour plus d\u2019informations concernant les ateliers, veuillez nous contactez par t\u00e9l\u00e9phone au 04-79-85-53-68.<\/p>\n","protected":false},"excerpt":{"rendered":"<p>L&rsquo;association propose dans ses locaux plusieurs ateliers : Ces temps ont pour objectif de permettre aux femmes victimes de violences conjugales de prendre soin d&rsquo;elles, de se retrouver avec leur corps, de rencontrer d&rsquo;autres femmes dans la m\u00eame situation etc. Les ateliers sont assur\u00e9s par des b\u00e9n\u00e9voles ou des intervenantes ext\u00e9rieures et sont totalement gratuits, il suffit simplement de s&rsquo;inscrire aupr\u00e8s d&rsquo;une intervenante sociale ou d&rsquo;appeler. Pour plus d\u2019informations concernant les ateliers, veuillez nous contactez par t\u00e9l\u00e9phone au 04-79-85-53-68.<\/p>\n","protected":false},"author":1,"featured_media":0,"parent":0,"menu_order":0,"comment_status":"closed","ping_status":"closed","template":"","meta":{"footnotes":""},"class_list":["post-1816","page","type-page","status-publish","hentry"],"jetpack_sharing_enabled":true,"_links":{"self":[{"href":"https:\/\/savoiedefemme.fr\/index.php\/wp-json\/wp\/v2\/pages\/1816","targetHints":{"allow":["GET"]}}],"collection":[{"href":"https:\/\/savoiedefemme.fr\/index.php\/wp-json\/wp\/v2\/pages"}],"about":[{"href":"https:\/\/savoiedefemme.fr\/index.php\/wp-json\/wp\/v2\/types\/page"}],"author":[{"embeddable":true,"href":"https:\/\/savoiedefemme.fr\/index.php\/wp-json\/wp\/v2\/users\/1"}],"replies":[{"embeddable":true,"href":"https:\/\/savoiedefemme.fr\/index.php\/wp-json\/wp\/v2\/comments?post=1816"}],"version-history":[{"count":1,"href":"https:\/\/savoiedefemme.fr\/index.php\/wp-json\/wp\/v2\/pages\/1816\/revisions"}],"predecessor-version":[{"id":1820,"href":"https:\/\/savoiedefemme.fr\/index.php\/wp-json\/wp\/v2\/pages\/1816\/revisions\/1820"}],"wp:attachment":[{"href":"https:\/\/savoiedefemme.fr\/index.php\/wp-json\/wp\/v2\/media?parent=1816"}],"curies":[{"name":"wp","href":"https:\/\/api.w.org\/{rel}","templated":true}]}}