{"id":191,"date":"2018-03-09T15:18:51","date_gmt":"2018-03-09T14:18:51","guid":{"rendered":"http:\/\/savoiedefemme.fr\/?page_id=191"},"modified":"2026-01-15T15:22:06","modified_gmt":"2026-01-15T14:22:06","slug":"nos-missions","status":"publish","type":"page","link":"https:\/\/savoiedefemme.fr\/index.php\/nos-missions\/","title":{"rendered":"Accueil de jour"},"content":{"rendered":"<h5>\u00a0<\/h5>\n<h4>L\u2019accueil de jour physique et t\u00e9l\u00e9phonique<\/h4>\n<p>Il s\u2019agit d\u2019offrir un temps d\u2019\u00e9change et de repos aux <strong>femmes<\/strong> victimes de violences conjugales <strong>et leurs enfants<\/strong>, dans un lieu chaleureux, s\u00e9curisant et non-stigmatisant.<\/p>\n<p>L&rsquo;accueil de jour permet un <strong>premier contact<\/strong> avec notre association sans que ce moment soit formalis\u00e9 par la prise d&rsquo;un rendez-vous. Ce premier contact am\u00e8nera un accompagnement diff\u00e9rent en fonction de la situation. Peut-\u00eatre cette femme a-t-elle pour le moment simplement besoin de poser son r\u00e9cit, d&rsquo;\u00eatre entendue ? Peut-\u00eatre son besoin est-il plut\u00f4t de travailler \u00e0 identifier les diff\u00e9rentes phases du cycle de la violence pour mieux en sortir ? Peut-\u00eatre est-elle dans une situation urgente et dangereuse, dans l&rsquo;attente d&rsquo;un h\u00e9bergement ? Peut-\u00eatre encore a-t-elle besoin d&rsquo;aide pour pr\u00e9parer des d\u00e9marches administratives et judiciaires (d\u00e9p\u00f4t de plainte, demande de divorce, d\u00e9part du domicile&#8230;). Chaque situation correspond \u00e0 <strong>des besoins diff\u00e9rents<\/strong> mais chacune d&rsquo;entre elle requiert une <strong>\u00e9coute bienveillante et active<\/strong>.<\/p>\n<p>L\u2019accueil de jour ne consiste cependant pas seulement \u00e0 recevoir les femmes en rendez vous mais aussi leur permettre de venir dans nos locaux pour\u00a0<strong>partager un moment informel, convivial, de partage et d\u2019\u00e9coute<\/strong>. Nous laissons nos portes ouvertes aux femmes que nous suivons ainsi elles peuvent venir prendre un caf\u00e9, emprunter des livres, discuter avec les membres de l\u2019\u00e9quipe, utiliser les ordinateurs et le t\u00e9l\u00e9phone si elles le souhaitent.<\/p>\n<h4>Accueil de jour enfant<\/h4>\n<p>Nous accueillons \u00e9galement les <strong>enfants<\/strong> et les <strong>adolescents<\/strong>, \u00e0 partir de 3ans. Cet accueil de jour a pour but d&rsquo;offrir un espace de parole aux jeunes autour des violences dont ils peuvent aussi \u00eatre victime.<\/p>\n<p>Parce que les <strong>enfants sont aussi victimes des violences conjugales<\/strong>.<\/p>\n<p>Cet accueil de jour se fait uniquement sur rendez-vous<\/p>\n<ul>\n<li>par t\u00e9l\u00e9phone au 04 79 85 53 68<\/li>\n<li>par mail a parentalite@savoiedefemme.fr<\/li>\n<\/ul>\n<h5><img loading=\"lazy\" decoding=\"async\" class=\"alignnone size-large wp-image-1868\" src=\"https:\/\/savoiedefemme.fr\/wp-content\/uploads\/2026\/01\/flyers-accueil-de-jour-enfants-et-ados-1024x1024.png\" alt=\"\" width=\"960\" height=\"960\" srcset=\"https:\/\/savoiedefemme.fr\/wp-content\/uploads\/2026\/01\/flyers-accueil-de-jour-enfants-et-ados-1024x1024.png 1024w, https:\/\/savoiedefemme.fr\/wp-content\/uploads\/2026\/01\/flyers-accueil-de-jour-enfants-et-ados-300x300.png 300w, https:\/\/savoiedefemme.fr\/wp-content\/uploads\/2026\/01\/flyers-accueil-de-jour-enfants-et-ados-150x150.png 150w, https:\/\/savoiedefemme.fr\/wp-content\/uploads\/2026\/01\/flyers-accueil-de-jour-enfants-et-ados-768x768.png 768w, https:\/\/savoiedefemme.fr\/wp-content\/uploads\/2026\/01\/flyers-accueil-de-jour-enfants-et-ados-1140x1140.png 1140w, https:\/\/savoiedefemme.fr\/wp-content\/uploads\/2026\/01\/flyers-accueil-de-jour-enfants-et-ados-75x75.png 75w, https:\/\/savoiedefemme.fr\/wp-content\/uploads\/2026\/01\/flyers-accueil-de-jour-enfants-et-ados.png 1500w\" sizes=\"auto, (max-width: 960px) 100vw, 960px\" \/><\/h5>\n\n\n<h5 class=\"wp-block-heading\"><\/h5>\n\n\n\n<h5 class=\"wp-block-heading\"><\/h5>\n\n\n\n<p><\/p>\n","protected":false},"excerpt":{"rendered":"<p>\u00a0 L\u2019accueil de jour physique et t\u00e9l\u00e9phonique Il s\u2019agit d\u2019offrir un temps d\u2019\u00e9change et de repos aux femmes victimes de violences conjugales et leurs enfants, dans un lieu chaleureux, s\u00e9curisant et non-stigmatisant. L&rsquo;accueil de jour permet un premier contact avec notre association sans que ce moment soit formalis\u00e9 par la prise d&rsquo;un rendez-vous. Ce premier contact am\u00e8nera un accompagnement diff\u00e9rent en fonction de la situation. Peut-\u00eatre cette femme a-t-elle pour le moment simplement besoin de poser son r\u00e9cit, d&rsquo;\u00eatre entendue ? Peut-\u00eatre son besoin est-il plut\u00f4t de travailler \u00e0 identifier les diff\u00e9rentes phases du cycle de la violence pour mieux en sortir ? Peut-\u00eatre est-elle dans une situation urgente et dangereuse, dans l&rsquo;attente d&rsquo;un h\u00e9bergement ? Peut-\u00eatre encore a-t-elle besoin d&rsquo;aide pour pr\u00e9parer des d\u00e9marches administratives et judiciaires (d\u00e9p\u00f4t de plainte, demande de divorce, d\u00e9part du domicile&#8230;). Chaque situation correspond \u00e0 des besoins diff\u00e9rents mais chacune d&rsquo;entre elle requiert une \u00e9coute bienveillante et active. L\u2019accueil de jour ne consiste cependant pas seulement \u00e0 recevoir les femmes en rendez vous mais aussi leur permettre de venir dans nos locaux pour\u00a0partager un moment informel, convivial, de partage et d\u2019\u00e9coute. Nous laissons nos portes ouvertes aux femmes que nous suivons ainsi elles peuvent venir prendre un caf\u00e9, emprunter des livres, discuter avec les membres de l\u2019\u00e9quipe, utiliser les ordinateurs et le t\u00e9l\u00e9phone si elles le souhaitent. Accueil de jour enfant Nous accueillons \u00e9galement les enfants et les adolescents, \u00e0 partir de 3ans. Cet accueil de jour a pour but d&rsquo;offrir un espace de parole aux jeunes autour des violences dont ils peuvent aussi \u00eatre victime. Parce que les enfants sont aussi victimes des violences conjugales. Cet accueil de jour se fait uniquement sur rendez-vous par t\u00e9l\u00e9phone au 04 79 85 53 68 par mail a parentalite@savoiedefemme.fr<\/p>\n","protected":false},"author":1,"featured_media":0,"parent":0,"menu_order":0,"comment_status":"closed","ping_status":"closed","template":"","meta":{"footnotes":""},"class_list":["post-191","page","type-page","status-publish","hentry"],"jetpack_sharing_enabled":true,"_links":{"self":[{"href":"https:\/\/savoiedefemme.fr\/index.php\/wp-json\/wp\/v2\/pages\/191","targetHints":{"allow":["GET"]}}],"collection":[{"href":"https:\/\/savoiedefemme.fr\/index.php\/wp-json\/wp\/v2\/pages"}],"about":[{"href":"https:\/\/savoiedefemme.fr\/index.php\/wp-json\/wp\/v2\/types\/page"}],"author":[{"embeddable":true,"href":"https:\/\/savoiedefemme.fr\/index.php\/wp-json\/wp\/v2\/users\/1"}],"replies":[{"embeddable":true,"href":"https:\/\/savoiedefemme.fr\/index.php\/wp-json\/wp\/v2\/comments?post=191"}],"version-history":[{"count":14,"href":"https:\/\/savoiedefemme.fr\/index.php\/wp-json\/wp\/v2\/pages\/191\/revisions"}],"predecessor-version":[{"id":1869,"href":"https:\/\/savoiedefemme.fr\/index.php\/wp-json\/wp\/v2\/pages\/191\/revisions\/1869"}],"wp:attachment":[{"href":"https:\/\/savoiedefemme.fr\/index.php\/wp-json\/wp\/v2\/media?parent=191"}],"curies":[{"name":"wp","href":"https:\/\/api.w.org\/{rel}","templated":true}]}}