{"id":214,"date":"2018-03-13T15:53:27","date_gmt":"2018-03-13T14:53:27","guid":{"rendered":"http:\/\/savoiedefemme.fr\/?page_id=214"},"modified":"2025-01-23T14:21:32","modified_gmt":"2025-01-23T13:21:32","slug":"les-partenaires","status":"publish","type":"page","link":"https:\/\/savoiedefemme.fr\/index.php\/les-partenaires\/","title":{"rendered":"Les partenaires"},"content":{"rendered":"<h5><\/h5>\n<p>Nous travaillons \u00e0 un d\u00e9veloppement du<strong> maillage territorial<\/strong> <strong>avec les professionnel-le-s<\/strong> intervenant dans les violences conjugales : gendarmerie, acteurs de la sant\u00e9, centres sociaux, tribunal, foyers d&rsquo;h\u00e9bergement. Le but est de mieux articuler les pratiques professionnelles pour une prise en charge plus globale des violences conjugales.<\/p>\n<h5> <\/h5>\n<p>Nous proposons \u00e9galement des<strong> formations de sensibilisation<\/strong> \u00e0 destination des professionnel-le-s selon les besoins. La dur\u00e9e et le contenu de la formation sont \u00e0 construire ensemble. Ces formations participent \u00e0 s&rsquo;assurer que les femmes victimes re\u00e7oivent le meilleur accompagnement possible \u00e0 toutes les \u00e9tapes de leur parcours.<\/p>\n<h5><\/h5>\n<h5>Ils nous soutiennent :<\/h5>\n<h5><span style=\"color: #ffffff;\"><img loading=\"lazy\" decoding=\"async\" class=\"alignnone wp-image-1704 size-large\" src=\"https:\/\/savoiedefemme.fr\/wp-content\/uploads\/2024\/03\/Merci-a-nos-soutiens-2-724x1024.png\" alt=\"\" width=\"724\" height=\"1024\" srcset=\"https:\/\/savoiedefemme.fr\/wp-content\/uploads\/2024\/03\/Merci-a-nos-soutiens-2-724x1024.png 724w, https:\/\/savoiedefemme.fr\/wp-content\/uploads\/2024\/03\/Merci-a-nos-soutiens-2-212x300.png 212w, https:\/\/savoiedefemme.fr\/wp-content\/uploads\/2024\/03\/Merci-a-nos-soutiens-2-768x1086.png 768w, https:\/\/savoiedefemme.fr\/wp-content\/uploads\/2024\/03\/Merci-a-nos-soutiens-2-1087x1536.png 1087w, https:\/\/savoiedefemme.fr\/wp-content\/uploads\/2024\/03\/Merci-a-nos-soutiens-2-1449x2048.png 1449w, https:\/\/savoiedefemme.fr\/wp-content\/uploads\/2024\/03\/Merci-a-nos-soutiens-2-1140x1612.png 1140w\" sizes=\"auto, (max-width: 724px) 100vw, 724px\" \/>.<\/span><\/h5>\n<h5><span style=\"color: #ffffff;\">.<\/span><\/h5>\n\n\n<h5 class=\"wp-block-heading\"><span style=\"color: #ffffff;\"><\/span><\/h5>\n\n\n<\/p>\n<h5><span style=\"color: #ffffff;\">.<\/span><\/h5>\n<h5><span style=\"color: #ffffff;\">.<\/span><\/h5>","protected":false},"excerpt":{"rendered":"<p>Nous travaillons \u00e0 un d\u00e9veloppement du maillage territorial avec les professionnel-le-s intervenant dans les violences conjugales : gendarmerie, acteurs de la sant\u00e9, centres sociaux, tribunal, foyers d&rsquo;h\u00e9bergement. Le but est de mieux articuler les pratiques professionnelles pour une prise en charge plus globale des violences conjugales. Nous proposons \u00e9galement des formations de sensibilisation \u00e0 destination des professionnel-le-s selon les besoins. La dur\u00e9e et le contenu de la formation sont \u00e0 construire ensemble. Ces formations participent \u00e0 s&rsquo;assurer que les femmes victimes re\u00e7oivent le meilleur accompagnement possible \u00e0 toutes les \u00e9tapes de leur parcours. Ils nous soutiennent : . . . .<\/p>\n","protected":false},"author":1,"featured_media":0,"parent":0,"menu_order":0,"comment_status":"closed","ping_status":"closed","template":"","meta":{"footnotes":""},"class_list":["post-214","page","type-page","status-publish","hentry"],"jetpack_sharing_enabled":true,"_links":{"self":[{"href":"https:\/\/savoiedefemme.fr\/index.php\/wp-json\/wp\/v2\/pages\/214","targetHints":{"allow":["GET"]}}],"collection":[{"href":"https:\/\/savoiedefemme.fr\/index.php\/wp-json\/wp\/v2\/pages"}],"about":[{"href":"https:\/\/savoiedefemme.fr\/index.php\/wp-json\/wp\/v2\/types\/page"}],"author":[{"embeddable":true,"href":"https:\/\/savoiedefemme.fr\/index.php\/wp-json\/wp\/v2\/users\/1"}],"replies":[{"embeddable":true,"href":"https:\/\/savoiedefemme.fr\/index.php\/wp-json\/wp\/v2\/comments?post=214"}],"version-history":[{"count":14,"href":"https:\/\/savoiedefemme.fr\/index.php\/wp-json\/wp\/v2\/pages\/214\/revisions"}],"predecessor-version":[{"id":1798,"href":"https:\/\/savoiedefemme.fr\/index.php\/wp-json\/wp\/v2\/pages\/214\/revisions\/1798"}],"wp:attachment":[{"href":"https:\/\/savoiedefemme.fr\/index.php\/wp-json\/wp\/v2\/media?parent=214"}],"curies":[{"name":"wp","href":"https:\/\/api.w.org\/{rel}","templated":true}]}}