{"id":265,"date":"2018-03-21T15:34:43","date_gmt":"2018-03-21T14:34:43","guid":{"rendered":"http:\/\/savoiedefemme.fr\/?page_id=265"},"modified":"2022-04-12T10:19:21","modified_gmt":"2022-04-12T08:19:21","slug":"lexposition-photo","status":"publish","type":"page","link":"https:\/\/savoiedefemme.fr\/index.php\/lexposition-photo\/","title":{"rendered":"L&rsquo;Exposition Photo"},"content":{"rendered":"<p>L&rsquo;artiste photographe <a href=\"https:\/\/www.facebook.com\/ErickBeugnetPhotographe\/\">Erick Beugnet<\/a> nous a offert une s\u00e9rie de portraits de femmes.<\/p>\n<p>Nous souhaitions mettre en valeur des <strong>visages ordinaires qui semblent sereins au premier abord<\/strong>. Des femmes comme on en croise tous les jours dans la rue, au travail ou m\u00eame au sein de notre famille. Des femmes qui ne correspondent pas \u00e0 l&rsquo;image de la \u00ab\u00a0<strong>femme battue<\/strong>\u00ab\u00a0, dont on est loin d&rsquo;imaginer qu&rsquo;elles subissent des violences psychologiques, physiques, verbales, sexuelles et\/ou \u00e9conomiques.<\/p>\n<p>Ensemble, nous avons ensuite r\u00e9fl\u00e9chi \u00e0 des paroles souvent prononc\u00e9es par les femmes qui viennent \u00e0 l&rsquo;association ou \u00e0 des formules maintes fois entendues dans l&rsquo;opinion publique. Nous avons s\u00e9lectionn\u00e9 des citations qui correspondent \u00e0 des <strong>id\u00e9es re\u00e7ues<\/strong> sur la violence conjugale ou \u00e0 des freins qui dissuadent les femmes \u00e0 quitter leur conjoint.<\/p>\n<p>Associ\u00e9es, photos et citations tentent de questionner le spectateur sur ses id\u00e9es re\u00e7ues sur la violence conjugale : \u00ab\u00a0suis-je s\u00fbr de ne conna\u00eetre aucune femme susceptible d&rsquo;en \u00eatre victime ?\u00a0\u00bb<\/p>\n<p>Cette exposition met ainsi en lumi\u00e8re <strong>le caract\u00e8re ordinaire, quotidien et cach\u00e9 des violences conjugales<\/strong>.<\/p>\n<p>Merci \u00e0 Erick Beugnet !<\/p>\n<p>L&rsquo;exposition est disponible dans nos locaux (six cadres en verre format A2). N&rsquo;h\u00e9sitez pas \u00e0 nous contacter si vous \u00eates int\u00e9ress\u00e9-e.<\/p>\n<p><img loading=\"lazy\" decoding=\"async\" class=\"alignnone wp-image-282 size-large\" src=\"https:\/\/savoiedefemme.fr\/wp-content\/uploads\/2018\/03\/IMG_4912-683x1024.jpg\" alt=\"\" width=\"683\" height=\"1024\" srcset=\"https:\/\/savoiedefemme.fr\/wp-content\/uploads\/2018\/03\/IMG_4912-683x1024.jpg 683w, https:\/\/savoiedefemme.fr\/wp-content\/uploads\/2018\/03\/IMG_4912-200x300.jpg 200w, https:\/\/savoiedefemme.fr\/wp-content\/uploads\/2018\/03\/IMG_4912-768x1152.jpg 768w, https:\/\/savoiedefemme.fr\/wp-content\/uploads\/2018\/03\/IMG_4912-1140x1710.jpg 1140w\" sizes=\"auto, (max-width: 683px) 100vw, 683px\" \/><\/p>\n<p><img loading=\"lazy\" decoding=\"async\" class=\"alignnone wp-image-281 size-large\" src=\"https:\/\/savoiedefemme.fr\/wp-content\/uploads\/2018\/03\/IMG_4845-683x1024.jpg\" alt=\"\" width=\"683\" height=\"1024\" srcset=\"https:\/\/savoiedefemme.fr\/wp-content\/uploads\/2018\/03\/IMG_4845-683x1024.jpg 683w, https:\/\/savoiedefemme.fr\/wp-content\/uploads\/2018\/03\/IMG_4845-200x300.jpg 200w, https:\/\/savoiedefemme.fr\/wp-content\/uploads\/2018\/03\/IMG_4845-768x1152.jpg 768w, https:\/\/savoiedefemme.fr\/wp-content\/uploads\/2018\/03\/IMG_4845-1140x1710.jpg 1140w\" sizes=\"auto, (max-width: 683px) 100vw, 683px\" \/><\/p>\n<p><img loading=\"lazy\" decoding=\"async\" class=\"alignnone wp-image-279 size-large\" src=\"https:\/\/savoiedefemme.fr\/wp-content\/uploads\/2018\/03\/IMG_4642-683x1024.jpg\" alt=\"\" width=\"683\" height=\"1024\" srcset=\"https:\/\/savoiedefemme.fr\/wp-content\/uploads\/2018\/03\/IMG_4642-683x1024.jpg 683w, https:\/\/savoiedefemme.fr\/wp-content\/uploads\/2018\/03\/IMG_4642-200x300.jpg 200w, https:\/\/savoiedefemme.fr\/wp-content\/uploads\/2018\/03\/IMG_4642-768x1152.jpg 768w, https:\/\/savoiedefemme.fr\/wp-content\/uploads\/2018\/03\/IMG_4642-1140x1710.jpg 1140w\" sizes=\"auto, (max-width: 683px) 100vw, 683px\" \/><\/p>\n<p><img loading=\"lazy\" decoding=\"async\" class=\"alignnone wp-image-280 size-large\" src=\"https:\/\/savoiedefemme.fr\/wp-content\/uploads\/2018\/03\/IMG_4791-683x1024.jpg\" alt=\"\" width=\"683\" height=\"1024\" srcset=\"https:\/\/savoiedefemme.fr\/wp-content\/uploads\/2018\/03\/IMG_4791-683x1024.jpg 683w, https:\/\/savoiedefemme.fr\/wp-content\/uploads\/2018\/03\/IMG_4791-200x300.jpg 200w, https:\/\/savoiedefemme.fr\/wp-content\/uploads\/2018\/03\/IMG_4791-768x1152.jpg 768w, https:\/\/savoiedefemme.fr\/wp-content\/uploads\/2018\/03\/IMG_4791-1140x1710.jpg 1140w\" sizes=\"auto, (max-width: 683px) 100vw, 683px\" \/><\/p>\n<p><img loading=\"lazy\" decoding=\"async\" class=\"alignnone wp-image-278 size-large\" src=\"https:\/\/savoiedefemme.fr\/wp-content\/uploads\/2018\/03\/IMG_4044-683x1024.jpg\" alt=\"\" width=\"683\" height=\"1024\" srcset=\"https:\/\/savoiedefemme.fr\/wp-content\/uploads\/2018\/03\/IMG_4044-683x1024.jpg 683w, https:\/\/savoiedefemme.fr\/wp-content\/uploads\/2018\/03\/IMG_4044-200x300.jpg 200w, https:\/\/savoiedefemme.fr\/wp-content\/uploads\/2018\/03\/IMG_4044-768x1152.jpg 768w, https:\/\/savoiedefemme.fr\/wp-content\/uploads\/2018\/03\/IMG_4044-1140x1710.jpg 1140w\" sizes=\"auto, (max-width: 683px) 100vw, 683px\" \/><\/p>\n<p><img loading=\"lazy\" decoding=\"async\" class=\"alignnone wp-image-277 size-large\" src=\"https:\/\/savoiedefemme.fr\/wp-content\/uploads\/2018\/03\/IMG_4003-683x1024.jpg\" alt=\"\" width=\"683\" height=\"1024\" srcset=\"https:\/\/savoiedefemme.fr\/wp-content\/uploads\/2018\/03\/IMG_4003-683x1024.jpg 683w, https:\/\/savoiedefemme.fr\/wp-content\/uploads\/2018\/03\/IMG_4003-200x300.jpg 200w, https:\/\/savoiedefemme.fr\/wp-content\/uploads\/2018\/03\/IMG_4003-768x1152.jpg 768w, https:\/\/savoiedefemme.fr\/wp-content\/uploads\/2018\/03\/IMG_4003-1140x1710.jpg 1140w\" sizes=\"auto, (max-width: 683px) 100vw, 683px\" \/><\/p>\n","protected":false},"excerpt":{"rendered":"<p>L&rsquo;artiste photographe Erick Beugnet nous a offert une s\u00e9rie de portraits de femmes. Nous souhaitions mettre en valeur des visages ordinaires qui semblent sereins au premier abord. Des femmes comme on en croise tous les jours dans la rue, au travail ou m\u00eame au sein de notre famille. Des femmes qui ne correspondent pas \u00e0 l&rsquo;image de la \u00ab\u00a0femme battue\u00ab\u00a0, dont on est loin d&rsquo;imaginer qu&rsquo;elles subissent des violences psychologiques, physiques, verbales, sexuelles et\/ou \u00e9conomiques. Ensemble, nous avons ensuite r\u00e9fl\u00e9chi \u00e0 des paroles souvent prononc\u00e9es par les femmes qui viennent \u00e0 l&rsquo;association ou \u00e0 des formules maintes fois entendues dans l&rsquo;opinion publique. Nous avons s\u00e9lectionn\u00e9 des citations qui correspondent \u00e0 des id\u00e9es re\u00e7ues sur la violence conjugale ou \u00e0 des freins qui dissuadent les femmes \u00e0 quitter leur conjoint. Associ\u00e9es, photos et citations tentent de questionner le spectateur sur ses id\u00e9es re\u00e7ues sur la violence conjugale : \u00ab\u00a0suis-je s\u00fbr de ne conna\u00eetre aucune femme susceptible d&rsquo;en \u00eatre victime ?\u00a0\u00bb Cette exposition met ainsi en lumi\u00e8re le caract\u00e8re ordinaire, quotidien et cach\u00e9 des violences conjugales. Merci \u00e0 Erick Beugnet ! L&rsquo;exposition est disponible dans nos locaux (six cadres en verre format A2). N&rsquo;h\u00e9sitez pas \u00e0 nous contacter si vous \u00eates int\u00e9ress\u00e9-e.<\/p>\n","protected":false},"author":1,"featured_media":0,"parent":0,"menu_order":0,"comment_status":"closed","ping_status":"closed","template":"","meta":{"footnotes":""},"class_list":["post-265","page","type-page","status-publish","hentry"],"jetpack_sharing_enabled":true,"_links":{"self":[{"href":"https:\/\/savoiedefemme.fr\/index.php\/wp-json\/wp\/v2\/pages\/265","targetHints":{"allow":["GET"]}}],"collection":[{"href":"https:\/\/savoiedefemme.fr\/index.php\/wp-json\/wp\/v2\/pages"}],"about":[{"href":"https:\/\/savoiedefemme.fr\/index.php\/wp-json\/wp\/v2\/types\/page"}],"author":[{"embeddable":true,"href":"https:\/\/savoiedefemme.fr\/index.php\/wp-json\/wp\/v2\/users\/1"}],"replies":[{"embeddable":true,"href":"https:\/\/savoiedefemme.fr\/index.php\/wp-json\/wp\/v2\/comments?post=265"}],"version-history":[{"count":5,"href":"https:\/\/savoiedefemme.fr\/index.php\/wp-json\/wp\/v2\/pages\/265\/revisions"}],"predecessor-version":[{"id":1367,"href":"https:\/\/savoiedefemme.fr\/index.php\/wp-json\/wp\/v2\/pages\/265\/revisions\/1367"}],"wp:attachment":[{"href":"https:\/\/savoiedefemme.fr\/index.php\/wp-json\/wp\/v2\/media?parent=265"}],"curies":[{"name":"wp","href":"https:\/\/api.w.org\/{rel}","templated":true}]}}