{"id":292,"date":"2018-03-23T14:56:56","date_gmt":"2018-03-23T13:56:56","guid":{"rendered":"http:\/\/savoiedefemme.fr\/?page_id=292"},"modified":"2026-01-15T14:25:44","modified_gmt":"2026-01-15T13:25:44","slug":"les-chiffres","status":"publish","type":"page","link":"https:\/\/savoiedefemme.fr\/index.php\/les-chiffres\/","title":{"rendered":"Les chiffres"},"content":{"rendered":"<div class=\"wp-block-image\">\n<figure class=\"aligncenter size-full is-resized\"><img loading=\"lazy\" decoding=\"async\" width=\"344\" height=\"245\" src=\"https:\/\/savoiedefemme.fr\/wp-content\/uploads\/2026\/01\/image.png\" alt=\"\" class=\"wp-image-1854\" style=\"width:248px;height:auto\" srcset=\"https:\/\/savoiedefemme.fr\/wp-content\/uploads\/2026\/01\/image.png 344w, https:\/\/savoiedefemme.fr\/wp-content\/uploads\/2026\/01\/image-300x214.png 300w\" sizes=\"auto, (max-width: 344px) 100vw, 344px\" \/><\/figure>\n<\/div>\n\n\n<h3 class=\"wp-block-heading\">Les chiffres de l&rsquo;association 2024 :<\/h3>\n\n\n\n<ul class=\"wp-block-list\">\n<li>Nous avons re\u00e7u<strong> 771<\/strong> femmes en entretien individuel<\/li>\n\n\n\n<li><strong>1 772<\/strong> entretiens ont \u00e9t\u00e9 r\u00e9alis\u00e9s avec les femmes re\u00e7ues<\/li>\n\n\n\n<li>Nous avons re\u00e7u <strong>1 631<\/strong> appels de femmes victimes ou de partenaires sociaux<\/li>\n<\/ul>\n\n\n\n<h4 class=\"wp-block-heading\">Les chiffres nationaux<\/h4>\n\n\n\n<ul class=\"wp-block-list\">\n<li><strong>141 <\/strong>femmes tu\u00e9es par le partenaire, ex-partenaire en 2024<\/li>\n\n\n\n<li><strong>270 <\/strong>tentatives de f\u00e9minicide<\/li>\n\n\n\n<li><strong>906 <\/strong>femmes victimes ont tent\u00e9 de se suicider \u00e0 cause de l&rsquo;harc\u00e8lement par (ex)partenaire<\/li>\n\n\n\n<li><strong>272 400<\/strong> victimes de violences conjugales enregistr\u00e9es par les services de s\u00e9curit\u00e9s<\/li>\n<\/ul>\n\n\n<div class=\"wp-block-image\">\n<figure class=\"aligncenter size-full is-resized\"><img loading=\"lazy\" decoding=\"async\" width=\"560\" height=\"315\" src=\"https:\/\/savoiedefemme.fr\/wp-content\/uploads\/2024\/08\/Copie-de-En-2017.png\" alt=\"\" class=\"wp-image-1738\" style=\"width:421px;height:auto\" srcset=\"https:\/\/savoiedefemme.fr\/wp-content\/uploads\/2024\/08\/Copie-de-En-2017.png 560w, https:\/\/savoiedefemme.fr\/wp-content\/uploads\/2024\/08\/Copie-de-En-2017-300x169.png 300w\" sizes=\"auto, (max-width: 560px) 100vw, 560px\" \/><\/figure>\n<\/div>\n\n\n<h3 class=\"wp-block-heading\">Les chiffre de l&rsquo;association &#8211; Savoie<\/h3>\n\n\n\n<ul class=\"wp-block-list\">\n<li>Nous avons re\u00e7u <strong>742<\/strong> femmes en entretien individuel<\/li>\n\n\n\n<li><strong>1 545<\/strong> entretiens ont \u00e9t\u00e9 r\u00e9alis\u00e9s avec les femmes re\u00e7ues<\/li>\n\n\n\n<li>Nous avons re\u00e7u <strong>2 109<\/strong> appels de femmes victimes ou de partenaires sociaux<\/li>\n<\/ul>\n\n\n\n<h4 class=\"wp-block-heading\">Les chiffres nationaux<\/h4>\n\n\n\n<ul class=\"wp-block-list\">\n<li><strong>112<\/strong> femmes tu\u00e9es par le partenaire, ex-partenaire en 2023.<\/li>\n<\/ul>\n\n\n\n<div class=\"wp-block-group\"><div class=\"wp-block-group__inner-container is-layout-flow wp-block-group-is-layout-flow\">\n<div class=\"wp-block-group\"><div class=\"wp-block-group__inner-container is-layout-flow wp-block-group-is-layout-flow\">\n<h5><img loading=\"lazy\" decoding=\"async\" class=\"wp-image-1448 aligncenter\" src=\"https:\/\/savoiedefemme.fr\/wp-content\/uploads\/2023\/08\/Copie-de-En-20171.png\" alt=\"\" width=\"435\" height=\"245\" srcset=\"https:\/\/savoiedefemme.fr\/wp-content\/uploads\/2023\/08\/Copie-de-En-20171.png 560w, https:\/\/savoiedefemme.fr\/wp-content\/uploads\/2023\/08\/Copie-de-En-20171-300x169.png 300w\" sizes=\"auto, (max-width: 435px) 100vw, 435px\" \/><\/h5>\n<h5>Les chiffre de l&rsquo;association &#8211; Savoie<\/h5>\n<ul>\n<li>Nous avons re\u00e7u <strong>521<\/strong> femmes en entretien individuel.<\/li>\n<li><strong>1196<\/strong> entretiens ont \u00e9t\u00e9 r\u00e9alis\u00e9s avec les femmes re\u00e7ues.<\/li>\n<li>Nous avons re\u00e7u <strong>1639<\/strong> appels de femmes victimes ou de partenaires sociaux.<\/li>\n<\/ul>\n<h5>Les chiffres nationaux<\/h5>\n<ul>\n<li><strong>112<\/strong> femmes tu\u00e9es par le partenaire, ex-partenaire en 2022.<\/li>\n<\/ul>\n<h5><img loading=\"lazy\" decoding=\"async\" class=\"wp-image-1326 aligncenter\" src=\"https:\/\/savoiedefemme.fr\/wp-content\/uploads\/2022\/01\/en-2021.png\" alt=\"\" width=\"435\" height=\"245\" srcset=\"https:\/\/savoiedefemme.fr\/wp-content\/uploads\/2022\/01\/en-2021.png 560w, https:\/\/savoiedefemme.fr\/wp-content\/uploads\/2022\/01\/en-2021-300x169.png 300w\" sizes=\"auto, (max-width: 435px) 100vw, 435px\" \/><\/h5>\n<h5>Les chiffres de l&rsquo;association &#8211; Savoie<\/h5>\n<ul>\n<li><span style=\"color: #ffffff;\">.<\/span>Nous avons re\u00e7u <b>523<\/b>\u00a0femmes en entretien individuel.<\/li>\n<li><b>446<\/b> de ces femmes venaient pour la premi\u00e8re fois \u00e0 l&rsquo;association.<\/li>\n<li><strong>1101<\/strong> entretiens ont \u00e9t\u00e9 r\u00e9alis\u00e9s avec les femmes re\u00e7ues\u00a0<\/li>\n<li>Nous avons re\u00e7u <strong>1919<\/strong> appels de femmes victimes ou de partenaires sociaux.\u00a0<\/li>\n<\/ul>\n<h5>Les chiffres des autres associations\u00a0<\/h5>\n<ul>\n<li><strong>113<\/strong> femmes tu\u00e9es par le conjoint ou ex-conjoint en 2021<\/li>\n<\/ul>\n<p>source du collectif \u00ab\u00a0F\u00e9minicides par compagnons ou ex\u00a0\u00bb<\/p>\n<h5><img loading=\"lazy\" decoding=\"async\" class=\"wp-image-986 aligncenter\" src=\"https:\/\/savoiedefemme.fr\/wp-content\/uploads\/2021\/04\/Copie-de-En-2017-1.png\" alt=\"\" width=\"345\" height=\"194\" srcset=\"https:\/\/savoiedefemme.fr\/wp-content\/uploads\/2021\/04\/Copie-de-En-2017-1.png 560w, https:\/\/savoiedefemme.fr\/wp-content\/uploads\/2021\/04\/Copie-de-En-2017-1-300x169.png 300w\" sizes=\"auto, (max-width: 345px) 100vw, 345px\" \/><\/h5>\n<h5>Les chiffres de l&rsquo;association &#8211; Savoie<\/h5>\n<ul>\n<li>Nous avons re\u00e7u<strong> 500<\/strong> femmes accueillies et accompagn\u00e9es.<\/li>\n<li><b>434<\/b>\u00a0de ces femmes venaient pour la premi\u00e8re fois \u00e0 l&rsquo;association.<\/li>\n<li><strong>937<\/strong> entretiens ont \u00e9t\u00e9 r\u00e9alis\u00e9 avec les femmes re\u00e7ues.\u00a0<\/li>\n<li><strong>1557<\/strong> appels de femmes victimes et de partenaires sociaux.<\/li>\n<\/ul>\n<h5>Les chiffres nationaux<\/h5>\n<ul>\n<li><strong>100<\/strong>\u00a0femmes tu\u00e9es par le partenaire, ex-partenaire en 2020.<\/li>\n<li><strong>213 000<\/strong> femmes victimes de violences physique ou sexuelles en France (estimation)<\/li>\n<li><strong>14%<\/strong> de ces femmes d\u00e9clarent avoir port\u00e9 plainte \u00e0 la gendarmerie ou en commissariat de police \u00e0 la suite de ces violences<\/li>\n<li><strong>25<\/strong> enfants tu\u00e9s dans le cadre de violences au sein du couple parental<\/li>\n<\/ul>\n<p>Source : https:\/\/www.egalite-femmes-hommes.gouv.fr\/wp-content\/uploads\/2020\/12\/Chiffres-cles-EFH_2020.pdf\u00a0<\/p>\n<h5><img loading=\"lazy\" decoding=\"async\" class=\"wp-image-927 aligncenter\" src=\"https:\/\/savoiedefemme.fr\/wp-content\/uploads\/2020\/12\/en-2019-chiffres.png\" alt=\"\" width=\"341\" height=\"192\" \/><\/h5>\n<h5>Les chiffres de l&rsquo;association &#8211; Savoie<\/h5>\n<ul>\n<li>Nous avons re\u00e7u<strong> 534<\/strong> femmes accueillies et accompagn\u00e9es.<\/li>\n<li><strong>963<\/strong> entretiens ont \u00e9t\u00e9 r\u00e9alis\u00e9 avec les femmes re\u00e7ues.\u00a0<\/li>\n<li><strong>1612<\/strong> appels de victimes et de partenaires sociaux.\u00a0<\/li>\n<\/ul>\n<h5>Les chiffres nationaux<\/h5>\n<ul>\n<li><strong>146<\/strong> femmes tu\u00e9es par le partenaire, ex-partenaire en 2019.<\/li>\n<li><strong>213 000<\/strong> femmes victimes de violences physique ou sexuelles en France (estimation)<\/li>\n<li><strong>18%<\/strong> de ces femmes d\u00e9clarent avoir port\u00e9 plainte \u00e0 la gendarmerie ou en commissariat de police \u00e0 la suite de ces violences<\/li>\n<li><strong>25<\/strong> enfants tu\u00e9s dans le cadre de violences au sein du couple parental<\/li>\n<\/ul>\n<h5><img loading=\"lazy\" decoding=\"async\" class=\"wp-image-671 aligncenter\" src=\"https:\/\/savoiedefemme.fr\/wp-content\/uploads\/2019\/06\/Copie-de-En-2017-1.png\" alt=\"\" width=\"218\" height=\"136\" srcset=\"https:\/\/savoiedefemme.fr\/wp-content\/uploads\/2019\/06\/Copie-de-En-2017-1.png 345w, https:\/\/savoiedefemme.fr\/wp-content\/uploads\/2019\/06\/Copie-de-En-2017-1-300x187.png 300w\" sizes=\"auto, (max-width: 218px) 100vw, 218px\" \/><\/h5>\n<h5>Les chiffres de l&rsquo;association &#8211; Savoie<\/h5>\n<ul>\n<li><span style=\"color: #ffffff;\">.<\/span>Nous avons re\u00e7u <strong>359<\/strong> femmes en entretien individuel.<\/li>\n<li><strong>293<\/strong> de ces femmes venaient pour la premi\u00e8re fois \u00e0 l&rsquo;association (ce que nous appelons des \u00ab\u00a0nouvelles situations\u00a0\u00bb). <strong>202<\/strong> d&rsquo;entre elles ont \u00e9t\u00e9 suivit au-del\u00e0 d&rsquo;un entretien.<\/li>\n<li><strong>348<\/strong>\u00a0orientations (juridique, psychologique, m\u00e9dicale, sociale) vers des partenaires ont \u00e9t\u00e9 effectu\u00e9es<\/li>\n<li><strong>37<\/strong>\u00a0d\u00e9parts du domicile vers des organismes d&rsquo;h\u00e9bergement ou de logement ont \u00e9t\u00e9 pr\u00e9par\u00e9s<\/li>\n<li><strong>3<\/strong> femmes seules et <strong>4<\/strong> femmes avec enfants (soit <strong>8<\/strong> enfants) ont \u00e9t\u00e9 h\u00e9berg\u00e9-e-s dans nos appartements-refuge<\/li>\n<li>Nous avons re\u00e7u <strong>1449<\/strong> appels de femmes victimes ou de partenaires sociaux suivant ces femmes<\/li>\n<\/ul>\n<h5>Les chiffres nationaux<\/h5>\n<ul>\n<li><strong>219 000<\/strong> femmes victimes de violences conjugales en France par an (estimation)<\/li>\n<li><strong>19%<\/strong> de ces femmes victimes d\u00e9clarent avoir d\u00e9pos\u00e9 plainte en gendarmerie ou en commissariat de police suite \u00e0 ces violences<\/li>\n<li><strong>121<\/strong> femmes tu\u00e9es par leur partenaire ou ex-partenaire \u00ab\u00a0officiel\u00a0\u00bb (conjoint, concubin, pacs\u00e9 ou \u00ab\u00a0ex\u00a0\u00bb) ou \u00ab\u00a0non-officiel\u00a0\u00bb (petits-amis, amants, relations \u00e9pisodiques&#8230;)<\/li>\n<li><strong>21<\/strong> enfants tu\u00e9s dans le cadre de violences au sein du couple parental<\/li>\n<li><strong>28<\/strong> hommes tu\u00e9s par leur partenaire ou ex-partenaire<\/li>\n<\/ul>\n<p>Source :<a href=\"https:\/\/stop-violences-femmes.gouv.fr\/les-chiffres-de-reference-sur-les.html\"> https:\/\/stop-violences-femmes.gouv.fr\/les-chiffres-de-reference-sur-les.html\u00a0<\/a><\/p>\n<h5><img loading=\"lazy\" decoding=\"async\" class=\"aligncenter wp-image-303 size-medium\" src=\"https:\/\/savoiedefemme.fr\/wp-content\/uploads\/2018\/03\/En-2017-2-300x169.png\" alt=\"\" width=\"300\" height=\"169\" srcset=\"https:\/\/savoiedefemme.fr\/wp-content\/uploads\/2018\/03\/En-2017-2-300x169.png 300w, https:\/\/savoiedefemme.fr\/wp-content\/uploads\/2018\/03\/En-2017-2.png 560w\" sizes=\"auto, (max-width: 300px) 100vw, 300px\" \/><\/h5>\n<h5>Les chiffres de l&rsquo;association &#8211; Savoie<\/h5>\n<ul>\n<li><span style=\"color: #ffffff;\">.<\/span>Nous avons re\u00e7u <strong>310<\/strong> femmes en entretien individuel, dont 213 suivies au-del\u00e0 de deux entretiens (<strong>69%<\/strong>)<\/li>\n<li><strong>238<\/strong> de ces femmes venaient pour la premi\u00e8re fois \u00e0 l&rsquo;association (ce que nous appelons des \u00ab\u00a0nouvelles situations\u00a0\u00bb) (<strong>77%<\/strong>)<\/li>\n<li><strong>310<\/strong> orientations (juridique, psychologique, m\u00e9dicale, sociale) vers des partenaires ont \u00e9t\u00e9 effectu\u00e9es<\/li>\n<li><strong>43<\/strong> d\u00e9parts du domicile vers des organismes d&rsquo;h\u00e9bergement ou de logement ont \u00e9t\u00e9 pr\u00e9par\u00e9s<\/li>\n<li><strong>2<\/strong> femmes seules et <strong>5<\/strong> femmes avec enfants (soit <strong>10<\/strong> enfants) ont \u00e9t\u00e9 h\u00e9berg\u00e9-e-s dans nos appartements-refuge<\/li>\n<li>Nous avons re\u00e7u <strong>1093<\/strong> appels de femmes victimes ou de partenaires sociaux suivant ces femmes<\/li>\n<\/ul>\n<h5>Les chiffres nationaux<\/h5>\n<ul>\n<li><strong>219 000<\/strong> femmes victimes de violence conjugale en France (estimation)<\/li>\n<li><strong>4<\/strong> victimes <strong>sur 5<\/strong> ne portent pas plainte<\/li>\n<li><strong>3 <\/strong>femmes victimes<strong> sur 4<\/strong>\u00a0d\u00e9clarent avoir subi des faits r\u00e9p\u00e9t\u00e9s<\/li>\n<li><strong>8 <\/strong>femmes victimes<strong> sur 10\u00a0<\/strong>d\u00e9clarent avoir \u00e9galement \u00e9t\u00e9 soumises \u00e0 des atteintes psychologiques ou des agressions verbales<\/li>\n<li><strong>130<\/strong>\u00a0femmes tu\u00e9es par leur partenaire ou ex-partenaire intime \u00ab\u00a0officiel\u00a0\u00bb (conjoint, concubin, pacs\u00e9 ou \u00ab\u00a0ex\u00a0\u00bb) ou non officiel (petits-amis, amants, relations \u00e9pisodiques&#8230;)<\/li>\n<li><strong>25<\/strong> enfants tu\u00e9s dans le cadre des violences conjugales<\/li>\n<li><strong>21<\/strong> hommes ont \u00e9t\u00e9 tu\u00e9s par leur leur partenaire ou ex-partenaire intime.<\/li>\n<\/ul>\n<p><span style=\"color: #000000;\">Source :\u00a0<\/span><a href=\"http:\/\/stop-violences-femmes.gouv.fr\/les-chiffres-de-reference-sur-les.html\">http:\/\/stop-violences-femmes.gouv.fr\/les-chiffres-de-reference-sur-les.html<\/a>.<\/p>\n<p><img loading=\"lazy\" decoding=\"async\" class=\"aligncenter wp-image-302 size-medium\" src=\"https:\/\/savoiedefemme.fr\/wp-content\/uploads\/2018\/03\/En-2017-4-300x169.png\" alt=\"\" width=\"300\" height=\"169\" srcset=\"https:\/\/savoiedefemme.fr\/wp-content\/uploads\/2018\/03\/En-2017-4-300x169.png 300w, https:\/\/savoiedefemme.fr\/wp-content\/uploads\/2018\/03\/En-2017-4.png 560w\" sizes=\"auto, (max-width: 300px) 100vw, 300px\" \/><\/p>\n<h5>Les chiffres de l&rsquo;association &#8211; Savoie<\/h5>\n<ul>\n<li>Nous avons accompagn\u00e9 <strong>358<\/strong> femmes victimes de violence conjugale (re\u00e7ues en entretien individuel)<\/li>\n<li><strong>46<\/strong> d\u00e9parts du domicile ont \u00e9t\u00e9 travaill\u00e9s<\/li>\n<li><strong>9<\/strong> femmes et<strong> 11<\/strong> enfants ont \u00e9t\u00e9 h\u00e9berg\u00e9-e-s dans nos appartements-refuge<\/li>\n<li>Nous avons re\u00e7u <strong>1037<\/strong> appels de femmes victimes ou de partenaires sociaux suivant ces femmes<\/li>\n<\/ul>\n<h5><span style=\"color: #ffffff;\">.<\/span>Les chiffres nationaux<\/h5>\n<ul>\n<li><strong>225 000<\/strong> femmes victimes de violence conjugale en France (estimation)<\/li>\n<li><strong>4<\/strong> victimes <strong>sur 5<\/strong> ne portent pas plainte<\/li>\n<li><strong>70%<\/strong> des violences faites aux femmes sont le fait du partenaire<\/li>\n<li><strong>3 <\/strong>femmes victimes<strong> sur 4<\/strong>\u00a0d\u00e9clarent avoir subi des faits r\u00e9p\u00e9t\u00e9s<\/li>\n<li><strong>8 <\/strong>femmes victimes<strong> sur 10\u00a0<\/strong>d\u00e9clarent avoir \u00e9galement \u00e9t\u00e9 soumises \u00e0 des atteintes psychologiques ou des agressions verbales<\/li>\n<li><strong>123<\/strong> femmes tu\u00e9es par leur partenaire ou ex-partenaire intime \u00ab\u00a0officiel\u00a0\u00bb (conjoint, concubin, pacs\u00e9 ou \u00ab\u00a0ex\u00a0\u00bb) ou non officiel (petits-amis, amants, relations \u00e9pisodiques&#8230;)<\/li>\n<li><strong>25<\/strong> enfants tu\u00e9s dans le cadre des violences conjugales<\/li>\n<li><strong class=\"caractencadre-spip spip\">34 <\/strong>hommes\u00a0ont \u00e9t\u00e9 tu\u00e9s par leur leur partenaire ou ex-partenaire intime, dont trois au sein de couples homosexuels<\/li>\n<\/ul>\n<p><span style=\"color: #ffffff;\">.<\/span><\/p>\n<p>Source :\u00a0<a href=\"http:\/\/stop-violences-femmes.gouv.fr\/les-chiffres-de-reference-sur-les.html\">http:\/\/stop-violences-femmes.gouv.fr\/les-chiffres-de-reference-sur-les.html<\/a><\/p>\n<p>Voir \u00e9galement <a href=\"http:\/\/www.egalite-femmes-hommes.gouv.fr\/wp-content\/uploads\/2017\/09\/Etude-nationale-sur-les-morts-violentes-au-sein-du-couple-annee-2016.pdf\">l&rsquo;Etude Nationale sur les Morts Violentes au sein du Couple 2016<\/a><\/p>\n<h5 style=\"text-align: center;\">\u00a0<\/h5>\n<\/div><\/div>\n<\/div><\/div>\n","protected":false},"excerpt":{"rendered":"<p>Les chiffres de l&rsquo;association 2024 : Les chiffres nationaux Les chiffre de l&rsquo;association &#8211; Savoie Les chiffres nationaux Les chiffre de l&rsquo;association &#8211; Savoie Nous avons re\u00e7u 521 femmes en entretien individuel. 1196 entretiens ont \u00e9t\u00e9 r\u00e9alis\u00e9s avec les femmes re\u00e7ues. Nous avons re\u00e7u 1639 appels de femmes victimes ou de partenaires sociaux. Les chiffres nationaux 112 femmes tu\u00e9es par le partenaire, ex-partenaire en 2022. Les chiffres de l&rsquo;association &#8211; Savoie .Nous avons re\u00e7u 523\u00a0femmes en entretien individuel. 446 de ces femmes venaient pour la premi\u00e8re fois \u00e0 l&rsquo;association. 1101 entretiens ont \u00e9t\u00e9 r\u00e9alis\u00e9s avec les femmes re\u00e7ues\u00a0 Nous avons re\u00e7u 1919 appels de femmes victimes ou de partenaires sociaux.\u00a0 Les chiffres des autres associations\u00a0 113 femmes tu\u00e9es par le conjoint ou ex-conjoint en 2021 source du collectif \u00ab\u00a0F\u00e9minicides par compagnons ou ex\u00a0\u00bb Les chiffres de l&rsquo;association &#8211; Savoie Nous avons re\u00e7u 500 femmes accueillies et accompagn\u00e9es. 434\u00a0de ces femmes venaient pour la premi\u00e8re fois \u00e0 l&rsquo;association. 937 entretiens ont \u00e9t\u00e9 r\u00e9alis\u00e9 avec les femmes re\u00e7ues.\u00a0 1557 appels de femmes victimes et de partenaires sociaux. Les chiffres nationaux 100\u00a0femmes tu\u00e9es par le partenaire, ex-partenaire en 2020. 213 000 femmes victimes de violences physique ou sexuelles en France (estimation) 14% de ces femmes d\u00e9clarent avoir port\u00e9 plainte \u00e0 la gendarmerie ou en commissariat de police \u00e0 la suite de ces violences 25 enfants tu\u00e9s dans le cadre de violences au sein du couple parental Source : https:\/\/www.egalite-femmes-hommes.gouv.fr\/wp-content\/uploads\/2020\/12\/Chiffres-cles-EFH_2020.pdf\u00a0 Les chiffres de l&rsquo;association &#8211; Savoie Nous avons re\u00e7u 534 femmes accueillies et accompagn\u00e9es. 963 entretiens ont \u00e9t\u00e9 r\u00e9alis\u00e9 avec les femmes re\u00e7ues.\u00a0 1612 appels de victimes et de partenaires sociaux.\u00a0 Les chiffres nationaux 146 femmes tu\u00e9es par le partenaire, ex-partenaire en 2019. 213 000 femmes victimes de violences physique ou sexuelles en France (estimation) 18% de ces femmes d\u00e9clarent avoir port\u00e9 plainte \u00e0 la gendarmerie ou en commissariat de police \u00e0 la suite de ces violences 25 enfants tu\u00e9s dans le cadre de violences au sein du couple parental Les chiffres de l&rsquo;association &#8211; Savoie .Nous avons re\u00e7u 359 femmes en entretien individuel. 293 de ces femmes venaient pour la premi\u00e8re fois \u00e0 l&rsquo;association (ce que nous appelons des \u00ab\u00a0nouvelles situations\u00a0\u00bb). 202 d&rsquo;entre elles ont \u00e9t\u00e9 suivit au-del\u00e0 d&rsquo;un entretien. 348\u00a0orientations (juridique, psychologique, m\u00e9dicale, sociale) vers des partenaires ont \u00e9t\u00e9 effectu\u00e9es 37\u00a0d\u00e9parts du domicile vers des organismes d&rsquo;h\u00e9bergement ou de logement ont \u00e9t\u00e9 pr\u00e9par\u00e9s 3 femmes seules et 4 femmes avec enfants (soit 8 enfants) ont \u00e9t\u00e9 h\u00e9berg\u00e9-e-s dans nos appartements-refuge Nous avons re\u00e7u 1449 appels de femmes victimes ou de partenaires sociaux suivant ces femmes Les chiffres nationaux 219 000 femmes victimes de violences conjugales en France par an (estimation) 19% de ces femmes victimes d\u00e9clarent avoir d\u00e9pos\u00e9 plainte en gendarmerie ou en commissariat de police suite \u00e0 ces violences 121 femmes tu\u00e9es par leur partenaire ou ex-partenaire \u00ab\u00a0officiel\u00a0\u00bb (conjoint, concubin, pacs\u00e9 ou \u00ab\u00a0ex\u00a0\u00bb) ou \u00ab\u00a0non-officiel\u00a0\u00bb (petits-amis, amants, relations \u00e9pisodiques&#8230;) 21 enfants tu\u00e9s dans le cadre de violences au sein du couple parental 28 hommes tu\u00e9s par leur partenaire ou ex-partenaire Source : https:\/\/stop-violences-femmes.gouv.fr\/les-chiffres-de-reference-sur-les.html\u00a0 Les chiffres de l&rsquo;association &#8211; Savoie .Nous avons re\u00e7u 310 femmes en entretien individuel, dont 213 suivies au-del\u00e0 de deux entretiens (69%) 238 de ces femmes venaient pour la premi\u00e8re fois \u00e0 l&rsquo;association (ce que nous appelons des \u00ab\u00a0nouvelles situations\u00a0\u00bb) (77%) 310 orientations (juridique, psychologique, m\u00e9dicale, sociale) vers des partenaires ont \u00e9t\u00e9 effectu\u00e9es 43 d\u00e9parts du domicile vers des organismes d&rsquo;h\u00e9bergement ou de logement ont \u00e9t\u00e9 pr\u00e9par\u00e9s 2 femmes seules et 5 femmes avec enfants (soit 10 enfants) ont \u00e9t\u00e9 h\u00e9berg\u00e9-e-s dans nos appartements-refuge Nous avons re\u00e7u 1093 appels de femmes victimes ou de partenaires sociaux suivant ces femmes Les chiffres nationaux 219 000 femmes victimes de violence conjugale en France (estimation) 4 victimes sur 5 ne portent pas plainte 3 femmes victimes sur 4\u00a0d\u00e9clarent avoir subi des faits r\u00e9p\u00e9t\u00e9s 8 femmes victimes sur 10\u00a0d\u00e9clarent avoir \u00e9galement \u00e9t\u00e9 soumises \u00e0 des atteintes psychologiques ou des agressions verbales 130\u00a0femmes tu\u00e9es par leur partenaire ou ex-partenaire intime \u00ab\u00a0officiel\u00a0\u00bb (conjoint, concubin, pacs\u00e9 ou \u00ab\u00a0ex\u00a0\u00bb) ou non officiel (petits-amis, amants, relations \u00e9pisodiques&#8230;) 25 enfants tu\u00e9s dans le cadre des violences conjugales 21 hommes ont \u00e9t\u00e9 tu\u00e9s par leur leur partenaire ou ex-partenaire intime. Source :\u00a0http:\/\/stop-violences-femmes.gouv.fr\/les-chiffres-de-reference-sur-les.html. Les chiffres de l&rsquo;association &#8211; Savoie Nous avons accompagn\u00e9 358 femmes victimes de violence conjugale (re\u00e7ues en entretien individuel) 46 d\u00e9parts du domicile ont \u00e9t\u00e9 travaill\u00e9s 9 femmes et 11 enfants ont \u00e9t\u00e9 h\u00e9berg\u00e9-e-s dans nos appartements-refuge Nous avons re\u00e7u 1037 appels de femmes victimes ou de partenaires sociaux suivant ces femmes .Les chiffres nationaux 225 000 femmes victimes de violence conjugale en France (estimation) 4 victimes sur 5 ne portent pas plainte 70% des violences faites aux femmes sont le fait du partenaire 3 femmes victimes sur 4\u00a0d\u00e9clarent avoir subi des faits r\u00e9p\u00e9t\u00e9s 8 femmes victimes sur 10\u00a0d\u00e9clarent avoir \u00e9galement \u00e9t\u00e9 soumises \u00e0 des atteintes psychologiques ou des agressions verbales 123 femmes tu\u00e9es par leur partenaire ou ex-partenaire intime \u00ab\u00a0officiel\u00a0\u00bb (conjoint, concubin, pacs\u00e9 ou \u00ab\u00a0ex\u00a0\u00bb) ou non officiel (petits-amis, amants, relations \u00e9pisodiques&#8230;) 25 enfants tu\u00e9s dans le cadre des violences conjugales 34 hommes\u00a0ont \u00e9t\u00e9 tu\u00e9s par leur leur partenaire ou ex-partenaire intime, dont trois au sein de couples homosexuels . Source :\u00a0http:\/\/stop-violences-femmes.gouv.fr\/les-chiffres-de-reference-sur-les.html Voir \u00e9galement l&rsquo;Etude Nationale sur les Morts Violentes au sein du Couple 2016 \u00a0<\/p>\n","protected":false},"author":1,"featured_media":0,"parent":0,"menu_order":0,"comment_status":"closed","ping_status":"closed","template":"","meta":{"footnotes":""},"class_list":["post-292","page","type-page","status-publish","hentry"],"jetpack_sharing_enabled":true,"_links":{"self":[{"href":"https:\/\/savoiedefemme.fr\/index.php\/wp-json\/wp\/v2\/pages\/292","targetHints":{"allow":["GET"]}}],"collection":[{"href":"https:\/\/savoiedefemme.fr\/index.php\/wp-json\/wp\/v2\/pages"}],"about":[{"href":"https:\/\/savoiedefemme.fr\/index.php\/wp-json\/wp\/v2\/types\/page"}],"author":[{"embeddable":true,"href":"https:\/\/savoiedefemme.fr\/index.php\/wp-json\/wp\/v2\/users\/1"}],"replies":[{"embeddable":true,"href":"https:\/\/savoiedefemme.fr\/index.php\/wp-json\/wp\/v2\/comments?post=292"}],"version-history":[{"count":28,"href":"https:\/\/savoiedefemme.fr\/index.php\/wp-json\/wp\/v2\/pages\/292\/revisions"}],"predecessor-version":[{"id":1857,"href":"https:\/\/savoiedefemme.fr\/index.php\/wp-json\/wp\/v2\/pages\/292\/revisions\/1857"}],"wp:attachment":[{"href":"https:\/\/savoiedefemme.fr\/index.php\/wp-json\/wp\/v2\/media?parent=292"}],"curies":[{"name":"wp","href":"https:\/\/api.w.org\/{rel}","templated":true}]}}