{"id":331,"date":"2018-03-29T17:18:26","date_gmt":"2018-03-29T15:18:26","guid":{"rendered":"http:\/\/savoiedefemme.fr\/?page_id=331"},"modified":"2026-01-15T13:35:13","modified_gmt":"2026-01-15T12:35:13","slug":"le-cycle-de-la-violence","status":"publish","type":"page","link":"https:\/\/savoiedefemme.fr\/index.php\/le-cycle-de-la-violence\/","title":{"rendered":"Le cycle de la violence"},"content":{"rendered":"<p>&nbsp;<\/p>\n<p>La violence au sein du couple se manifeste \u00e0 travers\u00a0<strong>plusieurs phases<\/strong> bien distinctes qui permettent \u00e0 l&rsquo;auteur des violences de <strong>maintenir une emprise<\/strong> sur sa conjointe. Ces phases forment un cycle qui se r\u00e9p\u00e8te continuellement, que les professionnel-le-s nomment \u00ab\u00a0le cycle de la violence\u00a0\u00bb. Le couple entre alors dans une spirale dont<strong> les cycles sont de plus en plus rapproch\u00e9s<\/strong>.<\/p>\n<ul>\n<li>La tension monte<\/li>\n<li>La violence explose<\/li>\n<li>L&rsquo;auteur se justifie \/ sa partenaire porte la responsabilit\u00e9<\/li>\n<li>L&rsquo;auteur promet de ne plus recommencer \/ sa partenaire reprend espoir<\/li>\n<li>L&rsquo;accalmie ne dure pas et tr\u00e8s vite la tension s&rsquo;installe \u00e0 nouveau<\/li>\n<\/ul>\n<p>Cet <strong>encha\u00eenement de plus en plus rapide<\/strong> des cycles cr\u00e9\u00e9 de la <strong>confusion<\/strong> dans l&rsquo;esprit de la victime des violences. La peur, l&rsquo;attente, la sid\u00e9ration, l&rsquo;espoir, l&rsquo;amour, finissent par se <strong>confondre<\/strong> pour cr\u00e9er une situation d&#8217;emprise psychologique.<\/p>\n<p>Plus le temps avance et plus les cycles s&rsquo;encha\u00eenent, <strong>plus la phase \u00ab\u00a0lune de miel\u00a0\u00bb a tendance \u00e0 dispara\u00eetre<\/strong>. Les \u00e9pisodes de violence deviennent <strong>quotidiens et ordinaires<\/strong>.<\/p>\n<p><img loading=\"lazy\" decoding=\"async\" class=\"alignnone size-full wp-image-1847\" src=\"https:\/\/savoiedefemme.fr\/wp-content\/uploads\/2026\/01\/cycle-de-la-violence.png\" alt=\"\" width=\"800\" height=\"800\" srcset=\"https:\/\/savoiedefemme.fr\/wp-content\/uploads\/2026\/01\/cycle-de-la-violence.png 800w, https:\/\/savoiedefemme.fr\/wp-content\/uploads\/2026\/01\/cycle-de-la-violence-300x300.png 300w, https:\/\/savoiedefemme.fr\/wp-content\/uploads\/2026\/01\/cycle-de-la-violence-150x150.png 150w, https:\/\/savoiedefemme.fr\/wp-content\/uploads\/2026\/01\/cycle-de-la-violence-768x768.png 768w, https:\/\/savoiedefemme.fr\/wp-content\/uploads\/2026\/01\/cycle-de-la-violence-75x75.png 75w\" sizes=\"auto, (max-width: 800px) 100vw, 800px\" \/><\/p>\n<h3>Sortir de la spirale<\/h3>\n<p>Une fois cette dynamique install\u00e9e, elle ne pourra pas s&rsquo;arr\u00eater toute seule. <strong>La s\u00e9paration, le d\u00e9part du domicile, la prise de distance, auront l&rsquo;effet de rompre les cycles<\/strong>. N\u00e9anmoins, dans la plupart des cas, <strong>cela ne changera pas le lien \u00e0 la violence<\/strong>\u00a0qui s&rsquo;est install\u00e9 au sein du couple et qui continuera \u00e0 s&rsquo;exercer <strong>sous d&rsquo;autres formes<\/strong>. C&rsquo;est pourquoi il arrive que des femmes victimes retournent plusieurs fois au domicile et\/ou retirent leur plainte : le lien n&rsquo;est pas rompu.<\/p>\n<p>Comment rompre d\u00e9finitivement cette spirale ? Il n&rsquo;existe pas de r\u00e9ponse toute faite et chaque situation est diff\u00e9rente. L&rsquo;auteur des violences peut d\u00e9cider de se soigner. Attention n\u00e9anmoins, <strong>cette d\u00e9marche ne peut venir que de lui et de lui seul<\/strong>. Il doit <strong>prendre l&rsquo;enti\u00e8re responsabilit\u00e9 de la violence<\/strong> et avoir conscientis\u00e9 son r\u00f4le dans cette spirale. Nous rencontrons souvent des femmes victimes qui restent avec leur conjoint violent dans l&rsquo;attente et l&rsquo;espoir qu&rsquo;il se soigne, tout en continuant \u00e0 subir les violences. Cela ne leur appartient pourtant plus. <strong>Elles ne sont pas responsables !<\/strong> Lui seul est responsable des violences.<\/p>\n<p>Bien souvent, cela n\u00e9cessitera l&rsquo;intervention d&rsquo;un<strong> tiers ext\u00e9rieur<\/strong> dans le lien de la violence. La police\/gendarmerie, la justice p\u00e9nale et\/ou administrative, associations&#8230; Malgr\u00e9 le caract\u00e8re intime et priv\u00e9 d&rsquo;une relation de couple, la violence conjugale est <strong>punie par la loi<\/strong>. Le cadre conjugal est m\u00eame consid\u00e9r\u00e9 comme une <strong>circonstance aggravante<\/strong> pour les crimes (viol) et les d\u00e9lits (coups et blessures, harc\u00e8lement, menaces, s\u00e9questration, vol des documents essentiels tels que les papiers&#8230;).<\/p>\n<p>&nbsp;<\/p>\n<h3>Les cycles<\/h3>\n<p>Pr\u00e9cisons ici encore que plus le temps passe, plus <strong>les cycles se rapprochent<\/strong> dans le temps et <strong>plus la phase \u00ab\u00a0lune de miel\u00a0\u00bb tend \u00e0 s&rsquo;effacer<\/strong>.<\/p>\n<p>&nbsp;<\/p>\n<h5><em>Phase n\u00b01 &#8211; la tension \/ l&rsquo;escalade<\/em><\/h5>\n<p>Au d\u00e9but de la relation, le couple va bien. Progressivement, une tension s&rsquo;installe et des<strong> sc\u00e8nes<\/strong> de col\u00e8re ou au contraire de silences mena\u00e7ants <strong>se r\u00e9p\u00e8tent<\/strong>. Des petits d\u00e9tails deviennent les d\u00e9clencheurs : un objet mal rang\u00e9, quelques minutes de retard, un SMS de la part d&rsquo;un-e ami-e, des moments pass\u00e9s sans lui&#8230; Ces <strong>r\u00e9actions deviennent ordinaires<\/strong> et pour les \u00e9viter, <strong>la femme victime les devance<\/strong>. Elle se plie aux exigences de son conjoint, fait en sorte qu&rsquo;il n&rsquo;y ait plus de pr\u00e9texte d\u00e9clencheur de ces incidents, elle tente de faire baisser la tension. Celui-ci exprime sa <strong>frustration<\/strong>, sa <strong>d\u00e9ception<\/strong> et refuse souvent de communiquer ou de r\u00e9pondre aux inqui\u00e9tudes de sa partenaire.<\/p>\n<p>M\u00eame si cela pourrait en avoir l&rsquo;air, <strong>ce ne sont pas des sc\u00e8nes de dispute ou des sc\u00e8nes de m\u00e9nage<\/strong>. Les deux partenaires ne s&rsquo;expriment pas d&rsquo;\u00e9gal \u00e0 \u00e9gal. La victime a peur, elle anticipe les comportements de son conjoint, elle s&rsquo;efface. Lui exerce d\u00e9j\u00e0 un contr\u00f4le sur la vie du couple. Il ne s&rsquo;agit pas de conflits ; <strong>c&rsquo;est d\u00e9j\u00e0 de la violence conjugale par le fait m\u00eame de la r\u00e9p\u00e9tition des actes<\/strong>.<\/p>\n<p>Attention : la mont\u00e9e des tensions est commune \u00e0 tous les couples. Ce qui est diff\u00e9rent ici est <strong>la mani\u00e8re d&rsquo;\u00e9vacuer les tensions<\/strong>. Au lieu de les g\u00e9rer en s\u2019appuyant sur un <strong>processus relationnel<\/strong> avec sa partenaire, le conjoint a besoin de rester dans une dynamique conjugale o\u00f9 il pr\u00e9serve son <strong>contr\u00f4le<\/strong> et sa <strong>puissance<\/strong>.<\/p>\n<p>&nbsp;<\/p>\n<h5><em>Phase n\u00b02 &#8211; l&rsquo;explosion \/ le passage \u00e0 l&rsquo;acte<\/em><\/h5>\n<p>Quelque soit la violence utilis\u00e9e, cet \u00e9pisode violent a lieu. Il peut s&rsquo;agir de <strong>coups, d&rsquo;attaques physiques, d&rsquo;agression sexuelle, de viol, d&rsquo;insultes, d&rsquo;humiliation, de menaces avec armes<\/strong>. Il r\u00e9sulte d&rsquo;une accumulation des tensions o\u00f9 le conjoint violent donne l&rsquo;impression de finalement perdre le contr\u00f4le de lui-m\u00eame, de ne pas pouvoir s&rsquo;en emp\u00eacher. Sa partenaire est souvent an\u00e9antie, se sent d\u00e9munie et ne comprend pas. Elle a peur de mourir et est en \u00e9tat de <strong>sid\u00e9ration<\/strong>.<\/p>\n<p>&nbsp;<\/p>\n<h5><em>Phase n\u00b03 &#8211; la justification \/ le transfert de responsabilit\u00e9<\/em><\/h5>\n<p>Le conjoint violent trouve des excuses pour faire passer cet \u00e9pisode de violence comme une<strong> r\u00e9action normale et attendue<\/strong>\u00a0face aux faux-pas de sa partenaire. \u00ab\u00a0Si elle ne s&rsquo;\u00e9tait pas habill\u00e9e comme \u00e7a\u00a0\u00bb, \u00ab\u00a0si elle ne lui avait pas cach\u00e9 cette information\u00a0\u00bb, \u00ab\u00a0si elle n&rsquo;avait pas l&rsquo;air de prendre autant de plaisir en compagnie de quelqu&rsquo;un d&rsquo;autre\u00a0\u00bb, \u00ab\u00a0si elle n&rsquo;avait pas oubli\u00e9 de racheter tel aliment\u00a0\u00bb, \u00ab\u00a0si elle ne parlait pas autant\u00a0\u00bb&#8230; \u00ab\u00a0S&rsquo;il n&rsquo;avait pas autant de boulot\u00a0\u00bb, \u00ab\u00a0s&rsquo;il n&rsquo;\u00e9tait pas autant stress\u00e9\u00a0\u00bb, \u00ab\u00a0si elle ne le rendait pas malade comme cela&#8230;\u00a0\u00bb.<\/p>\n<p>De son c\u00f4t\u00e9, elle int\u00e9riorise ces responsabilit\u00e9s : <strong>\u00ab\u00a0c&rsquo;est vrai que je le connais bien, je n&rsquo;aurais pas d\u00fb agir comme \u00e7a. Je sais qu&rsquo;il n&rsquo;aime pas, j&rsquo;ai jou\u00e9 avec le feu, c&rsquo;est de ma faute\u00a0\u00bb<\/strong>. Elle devient alors responsable d&rsquo;avoir \u00e9t\u00e9 violent\u00e9e. Elle n&rsquo;aurait pas d\u00fb. Le couple retourne \u00e0 une vie normale puisque \u00ab\u00a0l&rsquo;affaire est r\u00e9gl\u00e9e\u00a0\u00bb.<\/p>\n<p>La crise n&rsquo;\u00e9tant pas encore pass\u00e9e, la victime a peur des repr\u00e9sailles si elle porte plainte. Durant cet \u00e9pisode, il est essentiel qu&rsquo;elle soit <strong>accompagn\u00e9e<\/strong>.<\/p>\n<p>&nbsp;<\/p>\n<h5><em>Phase n\u00b04 &#8211; la lune de miel \/ le sursis amoureux<\/em><\/h5>\n<p>Apr\u00e8s la crise, le conjoint observe la peur et la r\u00e9volte de sa partenaire. Il a <strong>peur de la perdre<\/strong> et reprend le processus relationnel, se montre plus <strong>doux<\/strong>. Il exprime des <strong>regrets<\/strong>, tout en minimisant les faits et justifiant ses actes. <strong>Bien qu&rsquo;il demande pardon, il n&rsquo;endosse pas la totale responsabilit\u00e9 de sa violence<\/strong>. Il veut recommencer \u00e0 z\u00e9ro, fait des promesses (mariage, enfants, projets), redevient amoureux, fait des cadeaux, partage les t\u00e2ches domestiques, s&rsquo;occupe davantage des enfants. <strong>Il promet de se soigner<\/strong>, d&rsquo;essayer d&rsquo;aller mieux, de ne plus jamais recommencer.<\/p>\n<p>La victime <strong>souffle enfin<\/strong>. Elle sort la t\u00eate de l&rsquo;eau et sait que pendant cette courte p\u00e9riode au moins, elle ne subira pas d&rsquo;\u00e9pisode violent. Elle a l&rsquo;impression de retrouver l&rsquo;homme qu&rsquo;elle a aim\u00e9 et<strong> se convainc qu&rsquo;elle a raison de rester<\/strong> et d&rsquo;esp\u00e9rer. Elle pardonne tout en exigeant qu&rsquo;il change.<\/p>\n<p>Plus l&#8217;emprise est forte, plus les \u00e9pisodes de lune de miel raccourcissent. En effet, <strong>l&rsquo;auteur finit par ne plus en avoir besoin pour maintenir sa victime dans la d\u00e9pendance<\/strong>. Les effets de cette violence sur la sant\u00e9 de la victime, sur les aspects \u00e9conomiques et administratifs de sa vie, sur son estime d&rsquo;elle-m\u00eame, sont tels qu&rsquo;elle se sent totalement <strong>pi\u00e9g\u00e9e<\/strong>.<\/p>\n<p>C&rsquo;est pendant ces \u00e9pisodes de lune de miel que la victime <strong>retire sa plainte, revient au domicile et rompt les relations avec ses proches<\/strong>. Parce qu&rsquo;ils ne voient son couple qu&rsquo;\u00e0 travers le prisme de la violence, elle a le sentiment d&rsquo;\u00eatre <strong>jug\u00e9e<\/strong> et <strong>incomprise<\/strong>. Selon elle, ils ne voient pas les aspects positifs et l&rsquo;amour qui subsiste dans le couple. C&rsquo;est pourquoi c&rsquo;est souvent pendant cette p\u00e9riode que les proches, les voisins, les coll\u00e8gues et les professionnel-le-s <strong>renoncent \u00e0 intervenir<\/strong>, d\u00e9sar\u00e7onn\u00e9s par le comportement incoh\u00e9rent de la victime.<\/p>\n<p>Conna\u00eetre ce cycle de la violence et les m\u00e9canismes de l&#8217;emprise permet ainsi de <strong>comprendre ces revirements de situation<\/strong>. C&rsquo;est pourquoi il est essentiel d&rsquo;avoir \u00e0 l&rsquo;esprit qu&rsquo;il ne faut <strong>surtout pas abandonner<\/strong> la victime \u00e0 ce moment-l\u00e0. Apr\u00e8s la lune de miel, les \u00e9pisodes de tension et de violence recommenceront. Elle aura alors besoin d&rsquo;\u00eatre de nouveau soutenue et accompagn\u00e9e.<\/p>\n<p>&nbsp;<\/p>\n<p>Si vous vous reconnaissez dans ces paragraphes ou si cela vous fait penser \u00e0 l&rsquo;histoire d&rsquo;une amie \/ proche \u00e0 vous, n&rsquo;h\u00e9sitez pas \u00e0 nous appeler au 04-79-85-53-68 ou \u00e0 appeler le 3919.<\/p>\n<p>&nbsp;<\/p>\n<p>&nbsp;<\/p>\n","protected":false},"excerpt":{"rendered":"<p>&nbsp; La violence au sein du couple se manifeste \u00e0 travers\u00a0plusieurs phases bien distinctes qui permettent \u00e0 l&rsquo;auteur des violences de maintenir une emprise sur sa conjointe. Ces phases forment un cycle qui se r\u00e9p\u00e8te continuellement, que les professionnel-le-s nomment \u00ab\u00a0le cycle de la violence\u00a0\u00bb. Le couple entre alors dans une spirale dont les cycles sont de plus en plus rapproch\u00e9s. La tension monte La violence explose L&rsquo;auteur se justifie \/ sa partenaire porte la responsabilit\u00e9 L&rsquo;auteur promet de ne plus recommencer \/ sa partenaire reprend espoir L&rsquo;accalmie ne dure pas et tr\u00e8s vite la tension s&rsquo;installe \u00e0 nouveau Cet encha\u00eenement de plus en plus rapide des cycles cr\u00e9\u00e9 de la confusion dans l&rsquo;esprit de la victime des violences. La peur, l&rsquo;attente, la sid\u00e9ration, l&rsquo;espoir, l&rsquo;amour, finissent par se confondre pour cr\u00e9er une situation d&#8217;emprise psychologique. Plus le temps avance et plus les cycles s&rsquo;encha\u00eenent, plus la phase \u00ab\u00a0lune de miel\u00a0\u00bb a tendance \u00e0 dispara\u00eetre. Les \u00e9pisodes de violence deviennent quotidiens et ordinaires. Sortir de la spirale Une fois cette dynamique install\u00e9e, elle ne pourra pas s&rsquo;arr\u00eater toute seule. La s\u00e9paration, le d\u00e9part du domicile, la prise de distance, auront l&rsquo;effet de rompre les cycles. N\u00e9anmoins, dans la plupart des cas, cela ne changera pas le lien \u00e0 la violence\u00a0qui s&rsquo;est install\u00e9 au sein du couple et qui continuera \u00e0 s&rsquo;exercer sous d&rsquo;autres formes. C&rsquo;est pourquoi il arrive que des femmes victimes retournent plusieurs fois au domicile et\/ou retirent leur plainte : le lien n&rsquo;est pas rompu. Comment rompre d\u00e9finitivement cette spirale ? Il n&rsquo;existe pas de r\u00e9ponse toute faite et chaque situation est diff\u00e9rente. L&rsquo;auteur des violences peut d\u00e9cider de se soigner. Attention n\u00e9anmoins, cette d\u00e9marche ne peut venir que de lui et de lui seul. Il doit prendre l&rsquo;enti\u00e8re responsabilit\u00e9 de la violence et avoir conscientis\u00e9 son r\u00f4le dans cette spirale. Nous rencontrons souvent des femmes victimes qui restent avec leur conjoint violent dans l&rsquo;attente et l&rsquo;espoir qu&rsquo;il se soigne, tout en continuant \u00e0 subir les violences. Cela ne leur appartient pourtant plus. Elles ne sont pas responsables ! Lui seul est responsable des violences. Bien souvent, cela n\u00e9cessitera l&rsquo;intervention d&rsquo;un tiers ext\u00e9rieur dans le lien de la violence. La police\/gendarmerie, la justice p\u00e9nale et\/ou administrative, associations&#8230; Malgr\u00e9 le caract\u00e8re intime et priv\u00e9 d&rsquo;une relation de couple, la violence conjugale est punie par la loi. Le cadre conjugal est m\u00eame consid\u00e9r\u00e9 comme une circonstance aggravante pour les crimes (viol) et les d\u00e9lits (coups et blessures, harc\u00e8lement, menaces, s\u00e9questration, vol des documents essentiels tels que les papiers&#8230;). &nbsp; Les cycles Pr\u00e9cisons ici encore que plus le temps passe, plus les cycles se rapprochent dans le temps et plus la phase \u00ab\u00a0lune de miel\u00a0\u00bb tend \u00e0 s&rsquo;effacer. &nbsp; Phase n\u00b01 &#8211; la tension \/ l&rsquo;escalade Au d\u00e9but de la relation, le couple va bien. Progressivement, une tension s&rsquo;installe et des sc\u00e8nes de col\u00e8re ou au contraire de silences mena\u00e7ants se r\u00e9p\u00e8tent. Des petits d\u00e9tails deviennent les d\u00e9clencheurs : un objet mal rang\u00e9, quelques minutes de retard, un SMS de la part d&rsquo;un-e ami-e, des moments pass\u00e9s sans lui&#8230; Ces r\u00e9actions deviennent ordinaires et pour les \u00e9viter, la femme victime les devance. Elle se plie aux exigences de son conjoint, fait en sorte qu&rsquo;il n&rsquo;y ait plus de pr\u00e9texte d\u00e9clencheur de ces incidents, elle tente de faire baisser la tension. Celui-ci exprime sa frustration, sa d\u00e9ception et refuse souvent de communiquer ou de r\u00e9pondre aux inqui\u00e9tudes de sa partenaire. M\u00eame si cela pourrait en avoir l&rsquo;air, ce ne sont pas des sc\u00e8nes de dispute ou des sc\u00e8nes de m\u00e9nage. Les deux partenaires ne s&rsquo;expriment pas d&rsquo;\u00e9gal \u00e0 \u00e9gal. La victime a peur, elle anticipe les comportements de son conjoint, elle s&rsquo;efface. Lui exerce d\u00e9j\u00e0 un contr\u00f4le sur la vie du couple. Il ne s&rsquo;agit pas de conflits ; c&rsquo;est d\u00e9j\u00e0 de la violence conjugale par le fait m\u00eame de la r\u00e9p\u00e9tition des actes. Attention : la mont\u00e9e des tensions est commune \u00e0 tous les couples. Ce qui est diff\u00e9rent ici est la mani\u00e8re d&rsquo;\u00e9vacuer les tensions. Au lieu de les g\u00e9rer en s\u2019appuyant sur un processus relationnel avec sa partenaire, le conjoint a besoin de rester dans une dynamique conjugale o\u00f9 il pr\u00e9serve son contr\u00f4le et sa puissance. &nbsp; Phase n\u00b02 &#8211; l&rsquo;explosion \/ le passage \u00e0 l&rsquo;acte Quelque soit la violence utilis\u00e9e, cet \u00e9pisode violent a lieu. Il peut s&rsquo;agir de coups, d&rsquo;attaques physiques, d&rsquo;agression sexuelle, de viol, d&rsquo;insultes, d&rsquo;humiliation, de menaces avec armes. Il r\u00e9sulte d&rsquo;une accumulation des tensions o\u00f9 le conjoint violent donne l&rsquo;impression de finalement perdre le contr\u00f4le de lui-m\u00eame, de ne pas pouvoir s&rsquo;en emp\u00eacher. Sa partenaire est souvent an\u00e9antie, se sent d\u00e9munie et ne comprend pas. Elle a peur de mourir et est en \u00e9tat de sid\u00e9ration. &nbsp; Phase n\u00b03 &#8211; la justification \/ le transfert de responsabilit\u00e9 Le conjoint violent trouve des excuses pour faire passer cet \u00e9pisode de violence comme une r\u00e9action normale et attendue\u00a0face aux faux-pas de sa partenaire. \u00ab\u00a0Si elle ne s&rsquo;\u00e9tait pas habill\u00e9e comme \u00e7a\u00a0\u00bb, \u00ab\u00a0si elle ne lui avait pas cach\u00e9 cette information\u00a0\u00bb, \u00ab\u00a0si elle n&rsquo;avait pas l&rsquo;air de prendre autant de plaisir en compagnie de quelqu&rsquo;un d&rsquo;autre\u00a0\u00bb, \u00ab\u00a0si elle n&rsquo;avait pas oubli\u00e9 de racheter tel aliment\u00a0\u00bb, \u00ab\u00a0si elle ne parlait pas autant\u00a0\u00bb&#8230; \u00ab\u00a0S&rsquo;il n&rsquo;avait pas autant de boulot\u00a0\u00bb, \u00ab\u00a0s&rsquo;il n&rsquo;\u00e9tait pas autant stress\u00e9\u00a0\u00bb, \u00ab\u00a0si elle ne le rendait pas malade comme cela&#8230;\u00a0\u00bb. De son c\u00f4t\u00e9, elle int\u00e9riorise ces responsabilit\u00e9s : \u00ab\u00a0c&rsquo;est vrai que je le connais bien, je n&rsquo;aurais pas d\u00fb agir comme \u00e7a. Je sais qu&rsquo;il n&rsquo;aime pas, j&rsquo;ai jou\u00e9 avec le feu, c&rsquo;est de ma faute\u00a0\u00bb. Elle devient alors responsable d&rsquo;avoir \u00e9t\u00e9 violent\u00e9e. Elle n&rsquo;aurait pas d\u00fb. Le couple retourne \u00e0 une vie normale puisque \u00ab\u00a0l&rsquo;affaire est r\u00e9gl\u00e9e\u00a0\u00bb. La crise n&rsquo;\u00e9tant pas encore pass\u00e9e, la victime a peur des repr\u00e9sailles si elle porte plainte. Durant cet \u00e9pisode, il est essentiel qu&rsquo;elle soit accompagn\u00e9e. &nbsp; Phase n\u00b04 &#8211; la lune de miel \/ le sursis amoureux Apr\u00e8s la crise, le conjoint observe la peur et la r\u00e9volte de sa partenaire. Il a peur de la perdre et reprend le processus relationnel, se montre plus doux. Il exprime des regrets, tout en minimisant les faits et justifiant ses actes. Bien qu&rsquo;il demande pardon, il n&rsquo;endosse pas la totale responsabilit\u00e9 de sa violence. Il veut recommencer \u00e0 z\u00e9ro, fait des promesses (mariage, enfants, projets), redevient amoureux, fait des cadeaux, partage les t\u00e2ches domestiques, s&rsquo;occupe davantage des enfants. Il promet de se soigner, d&rsquo;essayer d&rsquo;aller mieux, de ne plus jamais recommencer. La victime souffle enfin. Elle sort la t\u00eate de l&rsquo;eau et sait que pendant cette courte p\u00e9riode au moins, elle ne subira pas d&rsquo;\u00e9pisode violent. Elle a l&rsquo;impression de retrouver l&rsquo;homme qu&rsquo;elle a aim\u00e9 et se convainc qu&rsquo;elle a raison de rester et d&rsquo;esp\u00e9rer. Elle pardonne tout en exigeant qu&rsquo;il change. Plus l&#8217;emprise est forte, plus les \u00e9pisodes de lune de miel raccourcissent. En effet, l&rsquo;auteur finit par ne plus en avoir besoin pour maintenir sa victime dans la d\u00e9pendance. Les effets de cette violence sur la sant\u00e9 de la victime, sur les aspects \u00e9conomiques et administratifs de sa vie, sur son estime d&rsquo;elle-m\u00eame, sont tels qu&rsquo;elle se sent totalement pi\u00e9g\u00e9e. C&rsquo;est pendant ces \u00e9pisodes de lune de miel que la victime retire sa plainte, revient au domicile et rompt les relations avec ses proches. Parce qu&rsquo;ils ne voient son couple qu&rsquo;\u00e0 travers le prisme de la violence, elle a le sentiment d&rsquo;\u00eatre jug\u00e9e et incomprise. Selon elle, ils ne voient pas les aspects positifs et l&rsquo;amour qui subsiste dans le couple. C&rsquo;est pourquoi c&rsquo;est souvent pendant cette p\u00e9riode que les proches, les voisins, les coll\u00e8gues et les professionnel-le-s renoncent \u00e0 intervenir, d\u00e9sar\u00e7onn\u00e9s par le comportement incoh\u00e9rent de la victime. Conna\u00eetre ce cycle de la violence et les m\u00e9canismes de l&#8217;emprise permet ainsi de comprendre ces revirements de situation. C&rsquo;est pourquoi il est essentiel d&rsquo;avoir \u00e0 l&rsquo;esprit qu&rsquo;il ne faut surtout pas abandonner la victime \u00e0 ce moment-l\u00e0. Apr\u00e8s la lune de miel, les \u00e9pisodes de tension et de violence recommenceront. Elle aura alors besoin d&rsquo;\u00eatre de nouveau soutenue et accompagn\u00e9e. &nbsp; Si vous vous reconnaissez dans ces paragraphes ou si cela vous fait penser \u00e0 l&rsquo;histoire d&rsquo;une amie \/ proche \u00e0 vous, n&rsquo;h\u00e9sitez pas \u00e0 nous appeler au 04-79-85-53-68 ou \u00e0 appeler le 3919. &nbsp; &nbsp;<\/p>\n","protected":false},"author":1,"featured_media":0,"parent":0,"menu_order":0,"comment_status":"closed","ping_status":"closed","template":"","meta":{"footnotes":""},"class_list":["post-331","page","type-page","status-publish","hentry"],"jetpack_sharing_enabled":true,"_links":{"self":[{"href":"https:\/\/savoiedefemme.fr\/index.php\/wp-json\/wp\/v2\/pages\/331","targetHints":{"allow":["GET"]}}],"collection":[{"href":"https:\/\/savoiedefemme.fr\/index.php\/wp-json\/wp\/v2\/pages"}],"about":[{"href":"https:\/\/savoiedefemme.fr\/index.php\/wp-json\/wp\/v2\/types\/page"}],"author":[{"embeddable":true,"href":"https:\/\/savoiedefemme.fr\/index.php\/wp-json\/wp\/v2\/users\/1"}],"replies":[{"embeddable":true,"href":"https:\/\/savoiedefemme.fr\/index.php\/wp-json\/wp\/v2\/comments?post=331"}],"version-history":[{"count":20,"href":"https:\/\/savoiedefemme.fr\/index.php\/wp-json\/wp\/v2\/pages\/331\/revisions"}],"predecessor-version":[{"id":1848,"href":"https:\/\/savoiedefemme.fr\/index.php\/wp-json\/wp\/v2\/pages\/331\/revisions\/1848"}],"wp:attachment":[{"href":"https:\/\/savoiedefemme.fr\/index.php\/wp-json\/wp\/v2\/media?parent=331"}],"curies":[{"name":"wp","href":"https:\/\/api.w.org\/{rel}","templated":true}]}}