{"id":445,"date":"2018-04-25T14:08:05","date_gmt":"2018-04-25T12:08:05","guid":{"rendered":"http:\/\/savoiedefemme.fr\/?page_id=445"},"modified":"2026-01-16T11:28:13","modified_gmt":"2026-01-16T10:28:13","slug":"faire-un-don","status":"publish","type":"page","link":"https:\/\/savoiedefemme.fr\/index.php\/faire-un-don\/","title":{"rendered":"Faire un don"},"content":{"rendered":"<p><img loading=\"lazy\" decoding=\"async\" class=\"alignnone  wp-image-1902 aligncenter\" src=\"https:\/\/savoiedefemme.fr\/wp-content\/uploads\/2026\/01\/Capture-decran-2026-01-16-112645.png\" alt=\"\" width=\"506\" height=\"505\" srcset=\"https:\/\/savoiedefemme.fr\/wp-content\/uploads\/2026\/01\/Capture-decran-2026-01-16-112645.png 605w, https:\/\/savoiedefemme.fr\/wp-content\/uploads\/2026\/01\/Capture-decran-2026-01-16-112645-300x300.png 300w, https:\/\/savoiedefemme.fr\/wp-content\/uploads\/2026\/01\/Capture-decran-2026-01-16-112645-150x150.png 150w, https:\/\/savoiedefemme.fr\/wp-content\/uploads\/2026\/01\/Capture-decran-2026-01-16-112645-75x75.png 75w\" sizes=\"auto, (max-width: 506px) 100vw, 506px\" \/><\/p>\n<p>Pour pouvoir continuer \u00e0 faire vivre l\u2019association, nous avons besoin de financements et de dons. Malheureusement, l\u2019argent est un facteur important de la lutte contre les violences faites aux femmes. Pour aider les femmes \u00e0 parler et les accompagner dans leur reconstruction, il faut des structures, des moyens humains et mat\u00e9riels. Tout cela a un co\u00fbt.<\/p>\n<p>Si vous souhaitez nous soutenir, vous pouvez faire un\u00a0<strong>don en ligne via la plateforme HelloAsso<\/strong>.\u00a0<a href=\"https:\/\/www.helloasso.com\/associations\/savoie-de-femme\">Cliquez ici pour voir notre page HelloAsso<\/a>.<\/p>\n<p>Pour pouvez \u00e9galement nous envoyer vos dons<strong>\u00a0par courrier ou venir dans nos locaux<\/strong>\u00a0pour que l\u2019on puisse se rencontrer et discuter autour d\u2019une boisson chaude ! (<em>560 Chemin de la Cassine \u00e0 Chamb\u00e9ry<\/em>)<\/p>\n<p>Les dons sont directement vers\u00e9s \u00e0 l\u2019association SaVoie de femme. Les dons et cotisations au profit des organismes d\u2019utilit\u00e9 publique et assimil\u00e9s et des organismes d\u2019int\u00e9r\u00eat g\u00e9n\u00e9ral et assimil\u00e9s ouvrent droit \u00e0\u00a0<strong>une r\u00e9duction d\u2019imp\u00f4t \u00e9gale \u00e0 66% des versements pris en compte dans la limite annuelle de 20% du revenu imposable.<br \/>\n<\/strong><\/p>\n<ul>\n<li><strong>Vous \u00eates un particulier :<\/strong>\u00a0pour les particuliers, votre don est d\u00e9ductible de l\u2019imp\u00f4t sur le revenu \u00e0 hauteur de 66% du don et dans la limite de 20% du revenu imposable.<br \/>\n<em>Exemple : Un don de 100 \u20ac = 66 \u20ac d\u2019\u00e9conomie d\u2019imp\u00f4t. \u2013 OU de l\u2019Imp\u00f4t sur la Fortune \u00e0 hauteur de 75% du don dans la limite de 50 000 \u20ac.\u00a0<\/em><br \/>\n<em>Exemple : un don de 500 \u20ac = 300 \u20ac d\u2019\u00e9conomie d\u2019imp\u00f4t.<\/em><\/li>\n<li><strong>Vous \u00eates une entreprise, une association :<\/strong>\u00a0pour les entreprises, r\u00e9duction d\u2019imp\u00f4t de 60% du don et dans la limite de 5% du chiffre d\u2019affaires.<br \/>\n<em>Exemple : Un don de 500 \u20ac = 300 \u20ac d\u2019\u00e9conomie d\u2019imp\u00f4t.<\/em><\/li>\n<\/ul>\n<p>Tou-te-s les donateurs-trices recevront un re\u00e7u de d\u00e9duction fiscale (mod\u00e8le CERFA). Ceci en regard de la loi n\u00b02003-709 du 1er ao\u00fbt 2003, relative au m\u00e9c\u00e9nat et aux associations, qui augmente l\u2019avantage fiscal attach\u00e9 aux dons.<\/p>\n<p>&nbsp;<\/p>\n<p><img loading=\"lazy\" decoding=\"async\" class=\"alignright wp-image-447 size-full\" src=\"https:\/\/savoiedefemme.fr\/wp-content\/uploads\/2018\/04\/Banni\u00e8re-mail.png\" alt=\"\" width=\"600\" height=\"200\" srcset=\"https:\/\/savoiedefemme.fr\/wp-content\/uploads\/2018\/04\/Banni\u00e8re-mail.png 600w, https:\/\/savoiedefemme.fr\/wp-content\/uploads\/2018\/04\/Banni\u00e8re-mail-300x100.png 300w\" sizes=\"auto, (max-width: 600px) 100vw, 600px\" \/><\/p>\n","protected":false},"excerpt":{"rendered":"<p>Pour pouvoir continuer \u00e0 faire vivre l\u2019association, nous avons besoin de financements et de dons. Malheureusement, l\u2019argent est un facteur important de la lutte contre les violences faites aux femmes. Pour aider les femmes \u00e0 parler et les accompagner dans leur reconstruction, il faut des structures, des moyens humains et mat\u00e9riels. Tout cela a un co\u00fbt. Si vous souhaitez nous soutenir, vous pouvez faire un\u00a0don en ligne via la plateforme HelloAsso.\u00a0Cliquez ici pour voir notre page HelloAsso. Pour pouvez \u00e9galement nous envoyer vos dons\u00a0par courrier ou venir dans nos locaux\u00a0pour que l\u2019on puisse se rencontrer et discuter autour d\u2019une boisson chaude ! (560 Chemin de la Cassine \u00e0 Chamb\u00e9ry) Les dons sont directement vers\u00e9s \u00e0 l\u2019association SaVoie de femme. Les dons et cotisations au profit des organismes d\u2019utilit\u00e9 publique et assimil\u00e9s et des organismes d\u2019int\u00e9r\u00eat g\u00e9n\u00e9ral et assimil\u00e9s ouvrent droit \u00e0\u00a0une r\u00e9duction d\u2019imp\u00f4t \u00e9gale \u00e0 66% des versements pris en compte dans la limite annuelle de 20% du revenu imposable. Vous \u00eates un particulier :\u00a0pour les particuliers, votre don est d\u00e9ductible de l\u2019imp\u00f4t sur le revenu \u00e0 hauteur de 66% du don et dans la limite de 20% du revenu imposable. Exemple : Un don de 100 \u20ac = 66 \u20ac d\u2019\u00e9conomie d\u2019imp\u00f4t. \u2013 OU de l\u2019Imp\u00f4t sur la Fortune \u00e0 hauteur de 75% du don dans la limite de 50 000 \u20ac.\u00a0 Exemple : un don de 500 \u20ac = 300 \u20ac d\u2019\u00e9conomie d\u2019imp\u00f4t. Vous \u00eates une entreprise, une association :\u00a0pour les entreprises, r\u00e9duction d\u2019imp\u00f4t de 60% du don et dans la limite de 5% du chiffre d\u2019affaires. Exemple : Un don de 500 \u20ac = 300 \u20ac d\u2019\u00e9conomie d\u2019imp\u00f4t. Tou-te-s les donateurs-trices recevront un re\u00e7u de d\u00e9duction fiscale (mod\u00e8le CERFA). Ceci en regard de la loi n\u00b02003-709 du 1er ao\u00fbt 2003, relative au m\u00e9c\u00e9nat et aux associations, qui augmente l\u2019avantage fiscal attach\u00e9 aux dons. &nbsp;<\/p>\n","protected":false},"author":1,"featured_media":0,"parent":0,"menu_order":0,"comment_status":"closed","ping_status":"closed","template":"","meta":{"footnotes":""},"class_list":["post-445","page","type-page","status-publish","hentry"],"jetpack_sharing_enabled":true,"_links":{"self":[{"href":"https:\/\/savoiedefemme.fr\/index.php\/wp-json\/wp\/v2\/pages\/445","targetHints":{"allow":["GET"]}}],"collection":[{"href":"https:\/\/savoiedefemme.fr\/index.php\/wp-json\/wp\/v2\/pages"}],"about":[{"href":"https:\/\/savoiedefemme.fr\/index.php\/wp-json\/wp\/v2\/types\/page"}],"author":[{"embeddable":true,"href":"https:\/\/savoiedefemme.fr\/index.php\/wp-json\/wp\/v2\/users\/1"}],"replies":[{"embeddable":true,"href":"https:\/\/savoiedefemme.fr\/index.php\/wp-json\/wp\/v2\/comments?post=445"}],"version-history":[{"count":3,"href":"https:\/\/savoiedefemme.fr\/index.php\/wp-json\/wp\/v2\/pages\/445\/revisions"}],"predecessor-version":[{"id":1904,"href":"https:\/\/savoiedefemme.fr\/index.php\/wp-json\/wp\/v2\/pages\/445\/revisions\/1904"}],"wp:attachment":[{"href":"https:\/\/savoiedefemme.fr\/index.php\/wp-json\/wp\/v2\/media?parent=445"}],"curies":[{"name":"wp","href":"https:\/\/api.w.org\/{rel}","templated":true}]}}