{"id":462,"date":"2018-04-26T16:34:24","date_gmt":"2018-04-26T14:34:24","guid":{"rendered":"http:\/\/savoiedefemme.fr\/?page_id=462"},"modified":"2018-05-02T15:50:47","modified_gmt":"2018-05-02T13:50:47","slug":"trouver-de-laide","status":"publish","type":"page","link":"https:\/\/savoiedefemme.fr\/index.php\/trouver-de-laide\/","title":{"rendered":"Trouver de l&rsquo;aide"},"content":{"rendered":"<h4><\/h4>\n<h4 style=\"text-align: center;\"><img loading=\"lazy\" decoding=\"async\" class=\"aligncenter wp-image-530 size-full\" src=\"https:\/\/savoiedefemme.fr\/wp-content\/uploads\/2018\/05\/COMMENT-CA-SE-PASSE-DANS-MON-COUPLE-_-6-e1525268941280.png\" alt=\"\" width=\"600\" height=\"74\" \/><\/h4>\n<p><strong>15<\/strong>\u00a0 \u00a0 \u00a0Urgence m\u00e9dicale<\/p>\n<p><strong>17\u00a0<\/strong> \u00a0 \u00a0Police<\/p>\n<p><strong>18\u00a0<\/strong> \u00a0 \u00a0Pompiers<\/p>\n<p><strong>112\u00a0<\/strong>\u00a0 \u00a0Appel d&rsquo;urgence gratuit pour tous les services d&rsquo;urgence (pompiers, police, aide m\u00e9dicale d&rsquo;urgence)<\/p>\n<p><strong>115\u00a0<\/strong> \u00a0 H\u00e9bergement d&rsquo;urgence<\/p>\n<p><strong>119\u00a0<\/strong> \u00a0 Enfance en danger<\/p>\n<p>&nbsp;<\/p>\n<p>&nbsp;<\/p>\n<h4 style=\"text-align: center;\"><img loading=\"lazy\" decoding=\"async\" class=\"aligncenter wp-image-531 size-full\" src=\"https:\/\/savoiedefemme.fr\/wp-content\/uploads\/2018\/05\/COMMENT-CA-SE-PASSE-DANS-MON-COUPLE-_-e1525268971294.jpg\" alt=\"\" width=\"600\" height=\"74\" \/><\/h4>\n<h5 style=\"text-align: center;\">En Savoie<\/h5>\n<p>&nbsp;<\/p>\n<ul>\n<li><strong>SaVoie de femme<\/strong><\/li>\n<\/ul>\n<p>Accueil de jour physique et t\u00e9l\u00e9phonique \/ entretiens individuels \/ ateliers de groupe \/ 04-79-85-53-68 \/ contact@savoiedefemme.fr<\/p>\n<p>&nbsp;<\/p>\n<ul>\n<li><strong>CIDFF de la Savoie<\/strong> (<em>Centre d&rsquo;Information sur les Droits des Femmes et des Familles<\/em>)<\/li>\n<\/ul>\n<p>Accueil sur rendez-vous au\u00a004-50-09-52-40,\u00a0du lundi au vendredi de 9h \u00e0 12h30 et de 13h30 \u00e0 17h30 \/\u00a0<a href=\"mailto:%20cidff73@orange.fr\">cidff73@orange.fr<\/a>\u00a0\/\u00a0<a href=\"http:\/\/www.cidff73.fr\/\">Le site internet ici<\/a><\/p>\n<p>&nbsp;<\/p>\n<ul>\n<li><strong>L&rsquo;AVIJ des Savoie<\/strong> (<em>Aide aux Victimes Intervention Judiciaire<\/em>)<\/li>\n<\/ul>\n<p>Ecoute et soutien, accompagnement dans les d\u00e9marches p\u00e9nales, informations juridiques. Equipe compos\u00e9e notamment de juristes et psychologues qui travaillent sur trois p\u00f4les : aide aux victimes, lieu d&rsquo;accueil (rencontres parents-enfants) et mesures socio-judiciaires.\u00a004-50-07-37-00 \/\u00a0avij.des.savoie@gmail.com \/ <a href=\"http:\/\/avij-des-savoie.fr\/accueil\">Le site internet ici<\/a><\/p>\n<p>&nbsp;<\/p>\n<h5 style=\"text-align: center;\">Au niveau national<\/h5>\n<p>&nbsp;<\/p>\n<ul>\n<li><strong>3919<\/strong> &#8211; <em>Violences Femmes Info<\/em><\/li>\n<\/ul>\n<p>Num\u00e9ro d&rsquo;\u00e9coute national destin\u00e9 aux femmes victimes de violences, \u00e0 leur entourage et aux professionnel-le-s. Appels anonymes et gratuits (depuis fixes et mobiles), 7 jours sur 7, de 9h \u00e0 22h du lundi au vendredi et de 9h \u00e0 18h les samedi, dimanche et jours feri\u00e9s. Le 3919 n&rsquo;est pas un appel d&rsquo;urgence (en cas d&rsquo;urgence, appelez le 17, le 18 ou le 15)<\/p>\n<p>&nbsp;<\/p>\n<ul>\n<li>Associations du r\u00e9seau <strong>Solidarit\u00e9 Femmes<\/strong><\/li>\n<\/ul>\n<p>Ces associations \u00e9coutent, informent, accompagnent et h\u00e9bergent les femmes victimes de violences et leurs enfants. Cliquez ici pour voir la <a href=\"http:\/\/www.solidaritefemmes.org\/nous-trouver\">liste des associations par d\u00e9partement<\/a>.<\/p>\n<p>&nbsp;<\/p>\n<ul>\n<li>Les <strong>CIDFF<\/strong> (<em>Centres d&rsquo;Information sur les Droits des Femmes et des Familles<\/em>)<\/li>\n<\/ul>\n<p>Les CIDFF sont des lieux d&rsquo;information du public et des femmes en particulier dans les domaines du droit, de l&#8217;emploi et de la famille. Cliquez ici pour trouver<a href=\"http:\/\/www.infofemmes.com\/v2\/p\/Contact\/Liste-des-CIDFF\/73\"> le CIDFF le plus proche de chez vous<\/a>.<\/p>\n<p>&nbsp;<\/p>\n<ul>\n<li><strong>Les services d&rsquo;aide aux victimes<\/strong><\/li>\n<\/ul>\n<p>Ils sont en majorit\u00e9 f\u00e9d\u00e9r\u00e9s \u00e0 l&rsquo;INAVEM et proposent une \u00e9coute, une information sur les droits, un soutien, un accompagnement dans les d\u00e9marches p\u00e9nales et le cas \u00e9ch\u00e9ant une orientation vers des services sp\u00e9cialis\u00e9s. <a href=\"http:\/\/www.france-victimes.fr\/\">Cliquez ici pour trouver la liste des associations sp\u00e9cialis\u00e9e sur l&rsquo;aide aux victimes<\/a>.<\/p>\n<p>&nbsp;<\/p>\n<ul>\n<li>Les associations du <strong>Planning Familial<\/strong><\/li>\n<\/ul>\n<p>Elles proposent des lieux de paroles et d&rsquo;\u00e9coute sur toutes les questions concernant la sexualit\u00e9, la contraception, l&rsquo;interruption volontaire de grossesse, les MST, le sida et les probl\u00e8mes de violence. Trouvez ici la <a href=\"https:\/\/www.planning-familial.org\/carte\/metropole\">liste des \u00e9tablissements d&rsquo;information \/ centres de planification ici.<\/a><\/p>\n<p>&nbsp;<\/p>\n<ul>\n<li><em>Le Collectif F\u00e9ministe Contre le Viol<\/em> (<strong>CFCV<\/strong>)<\/li>\n<\/ul>\n<p>L&rsquo;association g\u00e8re une plateforme t\u00e9l\u00e9phonique Viols-Femmes Information du lundi au vendredi de 10h \u00e0 19h :\u00a008-00-05-95-95. L&rsquo;appel est gratuit depuis toute la France. Conseils, \u00e9coute, soutien, solidarit\u00e9 et informations dans les d\u00e9marches pour les personnes qui ont subi des violences sexuelles. <a href=\"http:\/\/www.cfcv.asso.fr\">Lien vers le site internet<\/a>.<\/p>\n<p>&nbsp;<\/p>\n<ul>\n<li>Les <strong>d\u00e9l\u00e9gations r\u00e9gionales et missions d\u00e9partementales aux Droits des Femmes et \u00e0 l&rsquo;Egalit\u00e9<\/strong><\/li>\n<\/ul>\n<p>Elles repr\u00e9sentent localement le Secr\u00e9tariat d&rsquo;Etat charg\u00e9 de l&rsquo;Egalit\u00e9 entre les Femmes et les Hommes. Elles sont charg\u00e9es de la mise en oeuvre de la politique nationale en mati\u00e8re de lutte contre les violences faites aux femmes<\/p>\n<p>&nbsp;<\/p>\n<ul>\n<li><a href=\"http:\/\/www.stop-violences-femmes.gouv.fr\/\">Stop Violences Femmes<\/a><\/li>\n<\/ul>\n<p>Site internet du gouvernement sur les violences faites aux femmes o\u00f9 vous trouverez des informations pratiques.<\/p>\n<p>&nbsp;<\/p>\n<p>&nbsp;<\/p>\n<p>Vous pouvez \u00e9galement prendre rendez-vous chez un-e psychologue ou psychoth\u00e9rapeute pour <strong>y trouver une \u00e9coute durable et active<\/strong>. Attention, il est important de se rappeler que vous n&rsquo;allez pas consulter chez un-e psychologue parce que vous auriez un probl\u00e8me psychologique ou parce que vous seriez \u00ab\u00a0folle\u00a0\u00bb ou responsable de la violence, <strong>mais parce que vous avez subi des violences et qu&rsquo;il faut soigner ce traumatisme<\/strong>.<\/p>\n<p>&nbsp;<\/p>\n","protected":false},"excerpt":{"rendered":"<p>15\u00a0 \u00a0 \u00a0Urgence m\u00e9dicale 17\u00a0 \u00a0 \u00a0Police 18\u00a0 \u00a0 \u00a0Pompiers 112\u00a0\u00a0 \u00a0Appel d&rsquo;urgence gratuit pour tous les services d&rsquo;urgence (pompiers, police, aide m\u00e9dicale d&rsquo;urgence) 115\u00a0 \u00a0 H\u00e9bergement d&rsquo;urgence 119\u00a0 \u00a0 Enfance en danger &nbsp; &nbsp; En Savoie &nbsp; SaVoie de femme Accueil de jour physique et t\u00e9l\u00e9phonique \/ entretiens individuels \/ ateliers de groupe \/ 04-79-85-53-68 \/ contact@savoiedefemme.fr &nbsp; CIDFF de la Savoie (Centre d&rsquo;Information sur les Droits des Femmes et des Familles) Accueil sur rendez-vous au\u00a004-50-09-52-40,\u00a0du lundi au vendredi de 9h \u00e0 12h30 et de 13h30 \u00e0 17h30 \/\u00a0cidff73@orange.fr\u00a0\/\u00a0Le site internet ici &nbsp; L&rsquo;AVIJ des Savoie (Aide aux Victimes Intervention Judiciaire) Ecoute et soutien, accompagnement dans les d\u00e9marches p\u00e9nales, informations juridiques. Equipe compos\u00e9e notamment de juristes et psychologues qui travaillent sur trois p\u00f4les : aide aux victimes, lieu d&rsquo;accueil (rencontres parents-enfants) et mesures socio-judiciaires.\u00a004-50-07-37-00 \/\u00a0avij.des.savoie@gmail.com \/ Le site internet ici &nbsp; Au niveau national &nbsp; 3919 &#8211; Violences Femmes Info Num\u00e9ro d&rsquo;\u00e9coute national destin\u00e9 aux femmes victimes de violences, \u00e0 leur entourage et aux professionnel-le-s. Appels anonymes et gratuits (depuis fixes et mobiles), 7 jours sur 7, de 9h \u00e0 22h du lundi au vendredi et de 9h \u00e0 18h les samedi, dimanche et jours feri\u00e9s. Le 3919 n&rsquo;est pas un appel d&rsquo;urgence (en cas d&rsquo;urgence, appelez le 17, le 18 ou le 15) &nbsp; Associations du r\u00e9seau Solidarit\u00e9 Femmes Ces associations \u00e9coutent, informent, accompagnent et h\u00e9bergent les femmes victimes de violences et leurs enfants. Cliquez ici pour voir la liste des associations par d\u00e9partement. &nbsp; Les CIDFF (Centres d&rsquo;Information sur les Droits des Femmes et des Familles) Les CIDFF sont des lieux d&rsquo;information du public et des femmes en particulier dans les domaines du droit, de l&#8217;emploi et de la famille. Cliquez ici pour trouver le CIDFF le plus proche de chez vous. &nbsp; Les services d&rsquo;aide aux victimes Ils sont en majorit\u00e9 f\u00e9d\u00e9r\u00e9s \u00e0 l&rsquo;INAVEM et proposent une \u00e9coute, une information sur les droits, un soutien, un accompagnement dans les d\u00e9marches p\u00e9nales et le cas \u00e9ch\u00e9ant une orientation vers des services sp\u00e9cialis\u00e9s. Cliquez ici pour trouver la liste des associations sp\u00e9cialis\u00e9e sur l&rsquo;aide aux victimes. &nbsp; Les associations du Planning Familial Elles proposent des lieux de paroles et d&rsquo;\u00e9coute sur toutes les questions concernant la sexualit\u00e9, la contraception, l&rsquo;interruption volontaire de grossesse, les MST, le sida et les probl\u00e8mes de violence. Trouvez ici la liste des \u00e9tablissements d&rsquo;information \/ centres de planification ici. &nbsp; Le Collectif F\u00e9ministe Contre le Viol (CFCV) L&rsquo;association g\u00e8re une plateforme t\u00e9l\u00e9phonique Viols-Femmes Information du lundi au vendredi de 10h \u00e0 19h :\u00a008-00-05-95-95. L&rsquo;appel est gratuit depuis toute la France. Conseils, \u00e9coute, soutien, solidarit\u00e9 et informations dans les d\u00e9marches pour les personnes qui ont subi des violences sexuelles. Lien vers le site internet. &nbsp; Les d\u00e9l\u00e9gations r\u00e9gionales et missions d\u00e9partementales aux Droits des Femmes et \u00e0 l&rsquo;Egalit\u00e9 Elles repr\u00e9sentent localement le Secr\u00e9tariat d&rsquo;Etat charg\u00e9 de l&rsquo;Egalit\u00e9 entre les Femmes et les Hommes. Elles sont charg\u00e9es de la mise en oeuvre de la politique nationale en mati\u00e8re de lutte contre les violences faites aux femmes &nbsp; Stop Violences Femmes Site internet du gouvernement sur les violences faites aux femmes o\u00f9 vous trouverez des informations pratiques. &nbsp; &nbsp; Vous pouvez \u00e9galement prendre rendez-vous chez un-e psychologue ou psychoth\u00e9rapeute pour y trouver une \u00e9coute durable et active. Attention, il est important de se rappeler que vous n&rsquo;allez pas consulter chez un-e psychologue parce que vous auriez un probl\u00e8me psychologique ou parce que vous seriez \u00ab\u00a0folle\u00a0\u00bb ou responsable de la violence, mais parce que vous avez subi des violences et qu&rsquo;il faut soigner ce traumatisme. &nbsp;<\/p>\n","protected":false},"author":1,"featured_media":0,"parent":0,"menu_order":0,"comment_status":"closed","ping_status":"closed","template":"","meta":{"footnotes":""},"class_list":["post-462","page","type-page","status-publish","hentry"],"jetpack_sharing_enabled":true,"_links":{"self":[{"href":"https:\/\/savoiedefemme.fr\/index.php\/wp-json\/wp\/v2\/pages\/462","targetHints":{"allow":["GET"]}}],"collection":[{"href":"https:\/\/savoiedefemme.fr\/index.php\/wp-json\/wp\/v2\/pages"}],"about":[{"href":"https:\/\/savoiedefemme.fr\/index.php\/wp-json\/wp\/v2\/types\/page"}],"author":[{"embeddable":true,"href":"https:\/\/savoiedefemme.fr\/index.php\/wp-json\/wp\/v2\/users\/1"}],"replies":[{"embeddable":true,"href":"https:\/\/savoiedefemme.fr\/index.php\/wp-json\/wp\/v2\/comments?post=462"}],"version-history":[{"count":20,"href":"https:\/\/savoiedefemme.fr\/index.php\/wp-json\/wp\/v2\/pages\/462\/revisions"}],"predecessor-version":[{"id":534,"href":"https:\/\/savoiedefemme.fr\/index.php\/wp-json\/wp\/v2\/pages\/462\/revisions\/534"}],"wp:attachment":[{"href":"https:\/\/savoiedefemme.fr\/index.php\/wp-json\/wp\/v2\/media?parent=462"}],"curies":[{"name":"wp","href":"https:\/\/api.w.org\/{rel}","templated":true}]}}