{"id":557,"date":"2018-06-01T14:30:46","date_gmt":"2018-06-01T12:30:46","guid":{"rendered":"http:\/\/savoiedefemme.fr\/?page_id=557"},"modified":"2018-06-26T16:02:05","modified_gmt":"2018-06-26T14:02:05","slug":"exposition-le-courage-des-femmes","status":"publish","type":"page","link":"https:\/\/savoiedefemme.fr\/index.php\/exposition-le-courage-des-femmes\/","title":{"rendered":"Exposition \u00ab\u00a0Le Courage des Femmes\u00a0\u00bb"},"content":{"rendered":"<p><img loading=\"lazy\" decoding=\"async\" class=\"aligncenter wp-image-559 size-large\" src=\"https:\/\/savoiedefemme.fr\/wp-content\/uploads\/2018\/06\/DSC_0037-1024x681.jpg\" alt=\"\" width=\"960\" height=\"638\" \/><\/p>\n<p>&nbsp;<\/p>\n<p>En 2018, l&rsquo;artiste-peintre chamb\u00e9rienne <a href=\"https:\/\/www.veronique-gey-bonnier.com\/\">V\u00e9ronique Bonnier<\/a> a propos\u00e9 aux \u00e9l\u00e8ves de son atelier de composer sur le th\u00e8me \u00ab\u00a0Le Courage des femmes\u00a0\u00bb.<\/p>\n<p>Ce travail a donn\u00e9 lieu \u00e0 une tr\u00e8s belle exposition, visible \u00e0 la Chapelle Vaugelas du lundi 28 mai au dimanche 3 juin 2018.<\/p>\n<p>V\u00e9ronique Bonnier a souhait\u00e9 que cette exposition s&rsquo;inscrive dans un engagement concret aupr\u00e8s des femmes dont les droits sont bafou\u00e9s. Ainsi la totalit\u00e9 des profits r\u00e9colt\u00e9s gr\u00e2ce \u00e0 la vente des oeuvres a t-elle \u00e9t\u00e9 revers\u00e9e \u00e0 SaVoie de femme.<\/p>\n<p>Au total, ce sont plus de 2300 euros qui ont \u00e9t\u00e9 g\u00e9n\u00e9reusement r\u00e9colt\u00e9s. V\u00e9ronique Bonnier et ses \u00e9l\u00e8ves se sont rendus le\u00a018 juin dans les locaux de SaVoie de femme pour remettre cette somme \u00e0 la pr\u00e9sidente, Armelle Devinant (voir photo de la fin). Cinq membres de l\u2019association dont la directrice ont accueilli la d\u00e9l\u00e9gation d\u2019artistes touch\u00e9s par leur engagement. Apr\u00e8s les pr\u00e9sentations et la visite des locaux, la rencontre s\u2019est prolong\u00e9e par un ap\u00e9ritif amical et particuli\u00e8rement chaleureux. V\u00e9ronique Bonnier et plusieurs \u00e9l\u00e8ves ont d\u00e9clar\u00e9 vouloir cr\u00e9er d\u2019autres occasions de soutenir l\u2019action de l&rsquo;association.<\/p>\n<p>Nous souhaitons adresser nos remerciements les plus sinc\u00e8res et notre reconnaissance \u00e0 V\u00e9ronique Bonnier et ses \u00e9l\u00e8ves pour leur g\u00e9n\u00e9rosit\u00e9 et leur engagement aupr\u00e8s des femmes.<\/p>\n<p>&nbsp;<\/p>\n<p><img loading=\"lazy\" decoding=\"async\" class=\"aligncenter wp-image-558 size-large\" src=\"https:\/\/savoiedefemme.fr\/wp-content\/uploads\/2018\/06\/Affiche-expo-\u00e9l\u00e8ves-2018-001-724x1024.jpg\" alt=\"\" width=\"724\" height=\"1024\" \/><\/p>\n<p>&nbsp;<\/p>\n<p><img loading=\"lazy\" decoding=\"async\" class=\"aligncenter wp-image-560 size-large\" src=\"https:\/\/savoiedefemme.fr\/wp-content\/uploads\/2018\/06\/DSC_0044-1024x681.jpg\" alt=\"\" width=\"960\" height=\"638\" srcset=\"https:\/\/savoiedefemme.fr\/wp-content\/uploads\/2018\/06\/DSC_0044-1024x681.jpg 1024w, https:\/\/savoiedefemme.fr\/wp-content\/uploads\/2018\/06\/DSC_0044-300x199.jpg 300w, https:\/\/savoiedefemme.fr\/wp-content\/uploads\/2018\/06\/DSC_0044-768x511.jpg 768w, https:\/\/savoiedefemme.fr\/wp-content\/uploads\/2018\/06\/DSC_0044-1140x758.jpg 1140w, https:\/\/savoiedefemme.fr\/wp-content\/uploads\/2018\/06\/DSC_0044.jpg 1805w\" sizes=\"auto, (max-width: 960px) 100vw, 960px\" \/><\/p>\n<p>&nbsp;<\/p>\n<p><img loading=\"lazy\" decoding=\"async\" class=\"aligncenter wp-image-561 size-large\" src=\"https:\/\/savoiedefemme.fr\/wp-content\/uploads\/2018\/06\/DSC_0053-1024x678.jpg\" alt=\"\" width=\"960\" height=\"636\" srcset=\"https:\/\/savoiedefemme.fr\/wp-content\/uploads\/2018\/06\/DSC_0053-1024x678.jpg 1024w, https:\/\/savoiedefemme.fr\/wp-content\/uploads\/2018\/06\/DSC_0053-300x199.jpg 300w, https:\/\/savoiedefemme.fr\/wp-content\/uploads\/2018\/06\/DSC_0053-768x508.jpg 768w, https:\/\/savoiedefemme.fr\/wp-content\/uploads\/2018\/06\/DSC_0053-1140x755.jpg 1140w, https:\/\/savoiedefemme.fr\/wp-content\/uploads\/2018\/06\/DSC_0053-500x330.jpg 500w, https:\/\/savoiedefemme.fr\/wp-content\/uploads\/2018\/06\/DSC_0053.jpg 1595w\" sizes=\"auto, (max-width: 960px) 100vw, 960px\" \/><\/p>\n<p>&nbsp;<\/p>\n<p><img loading=\"lazy\" decoding=\"async\" class=\"aligncenter wp-image-575 size-large\" src=\"https:\/\/savoiedefemme.fr\/wp-content\/uploads\/2018\/06\/Remise-montant-des-ventes-\u00e0-SaVoie-de-Femme-1024x577.jpg\" alt=\"\" width=\"960\" height=\"541\" srcset=\"https:\/\/savoiedefemme.fr\/wp-content\/uploads\/2018\/06\/Remise-montant-des-ventes-\u00e0-SaVoie-de-Femme-1024x577.jpg 1024w, https:\/\/savoiedefemme.fr\/wp-content\/uploads\/2018\/06\/Remise-montant-des-ventes-\u00e0-SaVoie-de-Femme-300x169.jpg 300w, https:\/\/savoiedefemme.fr\/wp-content\/uploads\/2018\/06\/Remise-montant-des-ventes-\u00e0-SaVoie-de-Femme-768x433.jpg 768w, https:\/\/savoiedefemme.fr\/wp-content\/uploads\/2018\/06\/Remise-montant-des-ventes-\u00e0-SaVoie-de-Femme-1140x642.jpg 1140w, https:\/\/savoiedefemme.fr\/wp-content\/uploads\/2018\/06\/Remise-montant-des-ventes-\u00e0-SaVoie-de-Femme.jpg 1797w\" sizes=\"auto, (max-width: 960px) 100vw, 960px\" \/><\/p>\n","protected":false},"excerpt":{"rendered":"<p>&nbsp; En 2018, l&rsquo;artiste-peintre chamb\u00e9rienne V\u00e9ronique Bonnier a propos\u00e9 aux \u00e9l\u00e8ves de son atelier de composer sur le th\u00e8me \u00ab\u00a0Le Courage des femmes\u00a0\u00bb. Ce travail a donn\u00e9 lieu \u00e0 une tr\u00e8s belle exposition, visible \u00e0 la Chapelle Vaugelas du lundi 28 mai au dimanche 3 juin 2018. V\u00e9ronique Bonnier a souhait\u00e9 que cette exposition s&rsquo;inscrive dans un engagement concret aupr\u00e8s des femmes dont les droits sont bafou\u00e9s. Ainsi la totalit\u00e9 des profits r\u00e9colt\u00e9s gr\u00e2ce \u00e0 la vente des oeuvres a t-elle \u00e9t\u00e9 revers\u00e9e \u00e0 SaVoie de femme. Au total, ce sont plus de 2300 euros qui ont \u00e9t\u00e9 g\u00e9n\u00e9reusement r\u00e9colt\u00e9s. V\u00e9ronique Bonnier et ses \u00e9l\u00e8ves se sont rendus le\u00a018 juin dans les locaux de SaVoie de femme pour remettre cette somme \u00e0 la pr\u00e9sidente, Armelle Devinant (voir photo de la fin). Cinq membres de l\u2019association dont la directrice ont accueilli la d\u00e9l\u00e9gation d\u2019artistes touch\u00e9s par leur engagement. Apr\u00e8s les pr\u00e9sentations et la visite des locaux, la rencontre s\u2019est prolong\u00e9e par un ap\u00e9ritif amical et particuli\u00e8rement chaleureux. V\u00e9ronique Bonnier et plusieurs \u00e9l\u00e8ves ont d\u00e9clar\u00e9 vouloir cr\u00e9er d\u2019autres occasions de soutenir l\u2019action de l&rsquo;association. Nous souhaitons adresser nos remerciements les plus sinc\u00e8res et notre reconnaissance \u00e0 V\u00e9ronique Bonnier et ses \u00e9l\u00e8ves pour leur g\u00e9n\u00e9rosit\u00e9 et leur engagement aupr\u00e8s des femmes. &nbsp; &nbsp; &nbsp; &nbsp;<\/p>\n","protected":false},"author":1,"featured_media":0,"parent":0,"menu_order":0,"comment_status":"closed","ping_status":"closed","template":"","meta":{"footnotes":""},"class_list":["post-557","page","type-page","status-publish","hentry"],"jetpack_sharing_enabled":true,"_links":{"self":[{"href":"https:\/\/savoiedefemme.fr\/index.php\/wp-json\/wp\/v2\/pages\/557","targetHints":{"allow":["GET"]}}],"collection":[{"href":"https:\/\/savoiedefemme.fr\/index.php\/wp-json\/wp\/v2\/pages"}],"about":[{"href":"https:\/\/savoiedefemme.fr\/index.php\/wp-json\/wp\/v2\/types\/page"}],"author":[{"embeddable":true,"href":"https:\/\/savoiedefemme.fr\/index.php\/wp-json\/wp\/v2\/users\/1"}],"replies":[{"embeddable":true,"href":"https:\/\/savoiedefemme.fr\/index.php\/wp-json\/wp\/v2\/comments?post=557"}],"version-history":[{"count":7,"href":"https:\/\/savoiedefemme.fr\/index.php\/wp-json\/wp\/v2\/pages\/557\/revisions"}],"predecessor-version":[{"id":577,"href":"https:\/\/savoiedefemme.fr\/index.php\/wp-json\/wp\/v2\/pages\/557\/revisions\/577"}],"wp:attachment":[{"href":"https:\/\/savoiedefemme.fr\/index.php\/wp-json\/wp\/v2\/media?parent=557"}],"curies":[{"name":"wp","href":"https:\/\/api.w.org\/{rel}","templated":true}]}}