{"id":7,"date":"2018-03-02T10:45:23","date_gmt":"2018-03-02T09:45:23","guid":{"rendered":"http:\/\/savoiedefemme.fr\/?page_id=7"},"modified":"2026-01-15T16:11:44","modified_gmt":"2026-01-15T15:11:44","slug":"accueil","status":"publish","type":"page","link":"https:\/\/savoiedefemme.fr\/","title":{"rendered":"Accueil"},"content":{"rendered":"\n<hr class=\"wp-block-separator has-css-opacity\"\/>\n\n\n<p><!--EndFragment--><\/p>\n<h1 class=\"_2cuy _3dgx _2vxa\" style=\"text-align: center;\"><span style=\"color: #e06c26;\"><strong>Bienvenue\u00a0<\/strong><\/span><\/h1>\n<div>\u00a0<\/div>\n<div class=\"_2cuy _3dgx _2vxa\">SaVoie de femme est une association cr\u00e9\u00e9e en 1977 \u00e0 Chamb\u00e9ry qui lutte <strong>contre toutes les formes de violences conjugales, qu\u2019elles soient d\u2019ordre psychologique, physique, verbal, sexuel, \u00e9conomique et administratif<\/strong>. En janvier 2018, anciennement SOS Femmes Violences, l&rsquo;association change de nom afin de mieux mettre en valeur son projet associatif.<\/div>\n<div><span style=\"color: #ffffff;\">.<\/span><\/div>\n<div>\u00a0<\/div>\n<div>Que faisons-nous ? Nous offrons principalement un <strong>accueil de jour physique<\/strong> &#8211; pendant lequel les femmes peuvent venir se poser, boire une boisson chaude, discuter, lire &#8211; et un <strong>accueil de jour t\u00e9l\u00e9phonique <\/strong>&#8211; pendant lequel nous proposons une \u00e9coute active et bienveillante, un accompagnement dans les d\u00e9marches (plainte, main courante, divorce) ainsi qu&rsquo;une r\u00e9orientation si n\u00e9cessaire vers d&rsquo;autres professionnel-le-s (juristes, m\u00e9decins, psychologues). Cet accueil de jour est ouvert\u00a0<strong>le mardi de 12h \u00e0 16h, le jeudi de 12h \u00e0 18h et le lundi, mercredi et vendredi de 10h \u00e0 16h<\/strong>. En dehors de ces horaires, vous pouvez appeler le <strong>3919<\/strong> (num\u00e9ro violences femmes info).<\/div>\n<div>\u00a0<\/div>\n<div><span style=\"color: #ffffff;\">.<\/span><\/div>\n<div>Chaque jour sur les m\u00eames horaires, les femmes qui le souhaitent b\u00e9n\u00e9ficient d&rsquo;<strong>entretiens individuels<\/strong>\u00a0aupr\u00e8s d&rsquo;intervenantes sociales. Plusieurs fois par mois, nous organisons des <strong>ateliers collectifs et individuels<\/strong>. Notre engagement est d&rsquo;accompagner les femmes dans la restauration de leur bien-\u00eatre et leur estime d&rsquo;elles-m\u00eames et de les aider \u00e0 rompre le cycle de la violence.<\/div>\n<div><span style=\"color: #ffffff;\">.<\/span><\/div>\n<div><span style=\"color: #ffffff;\">.<\/span><\/div>\n<div>\u00a0<\/div>\n<div><img loading=\"lazy\" decoding=\"async\" class=\"alignnone size-large wp-image-1883\" src=\"https:\/\/savoiedefemme.fr\/wp-content\/uploads\/2026\/01\/Affiche-SVDF-2025-1-724x1024.png\" alt=\"\" width=\"724\" height=\"1024\" srcset=\"https:\/\/savoiedefemme.fr\/wp-content\/uploads\/2026\/01\/Affiche-SVDF-2025-1-724x1024.png 724w, https:\/\/savoiedefemme.fr\/wp-content\/uploads\/2026\/01\/Affiche-SVDF-2025-1-212x300.png 212w, https:\/\/savoiedefemme.fr\/wp-content\/uploads\/2026\/01\/Affiche-SVDF-2025-1-768x1086.png 768w, https:\/\/savoiedefemme.fr\/wp-content\/uploads\/2026\/01\/Affiche-SVDF-2025-1-1086x1536.png 1086w, https:\/\/savoiedefemme.fr\/wp-content\/uploads\/2026\/01\/Affiche-SVDF-2025-1-1448x2048.png 1448w, https:\/\/savoiedefemme.fr\/wp-content\/uploads\/2026\/01\/Affiche-SVDF-2025-1-1140x1613.png 1140w, https:\/\/savoiedefemme.fr\/wp-content\/uploads\/2026\/01\/Affiche-SVDF-2025-1.png 1587w\" sizes=\"auto, (max-width: 724px) 100vw, 724px\" \/><\/div>\n<div>\n<div>Vous trouverez sur ce site des informations sur notre association et sur les violences conjugales. Il a vocation \u00e0 sensibiliser le public \u00e0 la probl\u00e9matique et aux sp\u00e9cificit\u00e9s des violences au sein du couple. Ce site se veut \u00e9galement un espace d&rsquo;outils et de ressources pour les femmes victimes ainsi que pour les professionnel-le-s qui les accompagnent.<\/div>\n<div>\u00a0<\/div>\n<div>\u00a0<\/div>\n<div>Pour une v\u00e9ritable \u00e9coute, des informations plus pr\u00e9cises et un accompagnement sur le long-terme, vous pouvez \u00e9galement nous appeler au <strong>04-79-85-53-68<\/strong>, nous \u00e9crire \u00e0 <strong>contact@savoiedefemme.fr<\/strong> ou nous rendre visite dans nos locaux au <strong>560 Chemin de la Cassine \u00e0 Chamb\u00e9ry<\/strong>.<\/div>\n<div><span style=\"color: #ffffff;\">.<\/span><\/div>\n<div>Pour quitter rapidement ce site, maintenez enfonc\u00e9e la touche <strong>CTRL<\/strong> et appuyez sur <strong>W<\/strong>.<\/div>\n<\/div>\n<div>\n<div>Pour effacer votre historique : <a href=\"http:\/\/www.commentcamarche.com\/faq\/4675-desactiver-et-supprimer-l-historique-des-recherches\">consultez cette page<\/a><\/div>\n<\/div>\n<p><!--StartFragment--><\/p>","protected":false},"excerpt":{"rendered":"<p>Bienvenue\u00a0 \u00a0 SaVoie de femme est une association cr\u00e9\u00e9e en 1977 \u00e0 Chamb\u00e9ry qui lutte contre toutes les formes de violences conjugales, qu\u2019elles soient d\u2019ordre psychologique, physique, verbal, sexuel, \u00e9conomique et administratif. En janvier 2018, anciennement SOS Femmes Violences, l&rsquo;association change de nom afin de mieux mettre en valeur son projet associatif. . \u00a0 Que faisons-nous ? Nous offrons principalement un accueil de jour physique &#8211; pendant lequel les femmes peuvent venir se poser, boire une boisson chaude, discuter, lire &#8211; et un accueil de jour t\u00e9l\u00e9phonique &#8211; pendant lequel nous proposons une \u00e9coute active et bienveillante, un accompagnement dans les d\u00e9marches (plainte, main courante, divorce) ainsi qu&rsquo;une r\u00e9orientation si n\u00e9cessaire vers d&rsquo;autres professionnel-le-s (juristes, m\u00e9decins, psychologues). Cet accueil de jour est ouvert\u00a0le mardi de 12h \u00e0 16h, le jeudi de 12h \u00e0 18h et le lundi, mercredi et vendredi de 10h \u00e0 16h. En dehors de ces horaires, vous pouvez appeler le 3919 (num\u00e9ro violences femmes info). \u00a0 . Chaque jour sur les m\u00eames horaires, les femmes qui le souhaitent b\u00e9n\u00e9ficient d&rsquo;entretiens individuels\u00a0aupr\u00e8s d&rsquo;intervenantes sociales. Plusieurs fois par mois, nous organisons des ateliers collectifs et individuels. Notre engagement est d&rsquo;accompagner les femmes dans la restauration de leur bien-\u00eatre et leur estime d&rsquo;elles-m\u00eames et de les aider \u00e0 rompre le cycle de la violence. . . \u00a0 Vous trouverez sur ce site des informations sur notre association et sur les violences conjugales. Il a vocation \u00e0 sensibiliser le public \u00e0 la probl\u00e9matique et aux sp\u00e9cificit\u00e9s des violences au sein du couple. Ce site se veut \u00e9galement un espace d&rsquo;outils et de ressources pour les femmes victimes ainsi que pour les professionnel-le-s qui les accompagnent. \u00a0 \u00a0 Pour une v\u00e9ritable \u00e9coute, des informations plus pr\u00e9cises et un accompagnement sur le long-terme, vous pouvez \u00e9galement nous appeler au 04-79-85-53-68, nous \u00e9crire \u00e0 contact@savoiedefemme.fr ou nous rendre visite dans nos locaux au 560 Chemin de la Cassine \u00e0 Chamb\u00e9ry. . Pour quitter rapidement ce site, maintenez enfonc\u00e9e la touche CTRL et appuyez sur W. Pour effacer votre historique : consultez cette page<\/p>\n","protected":false},"author":1,"featured_media":0,"parent":0,"menu_order":0,"comment_status":"closed","ping_status":"closed","template":"","meta":{"footnotes":""},"class_list":["post-7","page","type-page","status-publish","hentry"],"jetpack_sharing_enabled":true,"_links":{"self":[{"href":"https:\/\/savoiedefemme.fr\/index.php\/wp-json\/wp\/v2\/pages\/7","targetHints":{"allow":["GET"]}}],"collection":[{"href":"https:\/\/savoiedefemme.fr\/index.php\/wp-json\/wp\/v2\/pages"}],"about":[{"href":"https:\/\/savoiedefemme.fr\/index.php\/wp-json\/wp\/v2\/types\/page"}],"author":[{"embeddable":true,"href":"https:\/\/savoiedefemme.fr\/index.php\/wp-json\/wp\/v2\/users\/1"}],"replies":[{"embeddable":true,"href":"https:\/\/savoiedefemme.fr\/index.php\/wp-json\/wp\/v2\/comments?post=7"}],"version-history":[{"count":77,"href":"https:\/\/savoiedefemme.fr\/index.php\/wp-json\/wp\/v2\/pages\/7\/revisions"}],"predecessor-version":[{"id":1884,"href":"https:\/\/savoiedefemme.fr\/index.php\/wp-json\/wp\/v2\/pages\/7\/revisions\/1884"}],"wp:attachment":[{"href":"https:\/\/savoiedefemme.fr\/index.php\/wp-json\/wp\/v2\/media?parent=7"}],"curies":[{"name":"wp","href":"https:\/\/api.w.org\/{rel}","templated":true}]}}