{"id":76,"date":"2018-03-06T11:41:38","date_gmt":"2018-03-06T10:41:38","guid":{"rendered":"http:\/\/savoiedefemme.fr\/?page_id=76"},"modified":"2025-02-02T03:41:03","modified_gmt":"2025-02-02T02:41:03","slug":"a-propos","status":"publish","type":"page","link":"https:\/\/savoiedefemme.fr\/index.php\/a-propos\/","title":{"rendered":"\u00c0 propos"},"content":{"rendered":"<div><\/div>\n<div class=\"_2cuy _3dgx _2vxa\">SaVoie de femme est une association cr\u00e9\u00e9e en 1977 \u00e0 Chamb\u00e9ry qui lutte contre <strong>toutes les formes de violences conjugales<\/strong>, qu\u2019elles soient d\u2019ordre psychologique, physique, verbal, sexuel, \u00e9conomique et administratif.<\/div>\n<div><\/div>\n<div>SaVoie de femme, c\u2019est une <strong>\u00e9quipe<\/strong> compos\u00e9e de deux intervenantes sociales, d\u2019une charg\u00e9e de d\u00e9veloppement sur le territoire de la Savoie, d\u2019une assistante administrative et d\u2019une directrice mais aussi de <strong>b\u00e9n\u00e9voles<\/strong> qui donnent de leur temps sur des ateliers, l\u2019accueil de jour et d\u2019autres missions de l\u2019association. Le <strong>Conseil d&rsquo;Administration<\/strong>, men\u00e9 par une Pr\u00e9sidente et une vice-pr\u00e9sidente, est quant \u00e0 lui muni d&rsquo;un pouvoir d\u00e9cisionnaire sur le fonctionnement et le projet associatif.<\/div>\n<div><\/div>\n<div class=\"_2cuy _3dgx _2vxa\">Nos principales missions sont :<\/div>\n<ul class=\"_5a_q _5yj1\" dir=\"ltr\">\n<li style=\"list-style-type: none;\">\n<ul class=\"_5a_q _5yj1\" dir=\"ltr\">\n<li class=\"_2cuy _509q _2vxa\">L\u2019<strong>accueil de jour et les permanences t\u00e9l\u00e9phoniques<\/strong>, dans un souci d\u2019\u00e9coute bienveillante et active. Il s\u2019agit d\u2019offrir un temps d\u2019\u00e9change et de repos aux femmes victimes de violences conjugales, dans un lieu chaleureux et s\u00e9cure.<\/li>\n<li class=\"_2cuy _509q _2vxa\">Des <strong>entretiens individuels sur rendez-vous<\/strong> aupr\u00e8s des intervenantes sociales, et ce dans une volont\u00e9 d\u2019accompagner les femmes sur le long-terme dans toutes les d\u00e9marches n\u00e9cessaires \u00e0 leur reconstruction.<\/li>\n<li class=\"_2cuy _509q _2vxa\">Des <strong>ateliers<\/strong> r\u00e9guliers au sein des locaux de l\u2019association : massage, self-d\u00e9fense, groupe de parole, cuisine, art th\u00e9rapie. Ces actions collectives permettent aux femmes d\u2019entreprendre un travail sur la restauration de leur image et de leur bien-\u00eatre.<\/li>\n<li class=\"_2cuy _509q _2vxa\">Des <strong>permanences sur l\u2019ensemble du d\u00e9partement<\/strong> pour aller au plus pr\u00e8s des femmes : Avant-Pays Savoyard (Yenne, Le Pont de Beauvoisin, Saint Genix\/Guiers, Les Echelles), Albertville, Aix-les-Bains. D\u2019autres permanences sont en projet&#8230;<\/li>\n<li class=\"_2cuy _509q _2vxa\">Un <strong>d\u00e9veloppement du maillage territorial avec les professionnel-le-s intervenant dans les violences conjugales<\/strong> : gendarmerie, centres sociaux, tribunal. Ceci dans le but de mieux articuler les pratiques pour une prise en charge plus globale des violences conjugales.<\/li>\n<li class=\"_2cuy _509q _2vxa\">Un travail de<strong> sensibilisation<\/strong> \u00e0 travers la mise en place des partenariats et l\u2019entretien des r\u00e9seaux sociaux et sites internet, pour mieux rendre visible le probl\u00e8me sous toutes ses dimensions.<\/li>\n<\/ul>\n<\/li>\n<\/ul>\n<div class=\"_2cuy _3dgx _2vxa\">En <strong>2018<\/strong>, l\u2019association, alors nomm\u00e9e SOS Femmes Violences, change de nom pour devenir SaVoie de femme. Ce nouveau nom tient \u00e0 rappeler :<\/div>\n<div>\n<ul>\n<li>\u201cSa voie\u201d : Notre engagement \u00e0 accompagner tout au long du parcours des femmes victimes vers la reconstruction<\/li>\n<li>\u201cSa voix\u201d : Notre mission d\u2019\u00e9coute bienveillante et d\u2019encouragement \u00e0 la parole<\/li>\n<li>\u201cSavoie\u201d : Notre attachement au territoire de Savoie<\/li>\n<\/ul>\n<\/div>\n<div class=\"_2cuy _3dgx _2vxa\">SaVoie de femme est membre de la <strong>\u00ab F\u00e9d\u00e9ration Nationale Solidarit\u00e9 Femmes \u00bb (FNSF)<\/strong> qui rassemble, depuis sa cr\u00e9ation en 1987, une soixantaine d\u2019associations \u0153uvrant socialement et politiquement dans l&rsquo;accompagnement des femmes victimes de violences conjugales.<\/div>\n<div><\/div>\n<div class=\"_2cuy _3dgx _2vxa\">Pour tout besoin d\u2019\u00e9coute, de r\u00e9ponses, de conseils, d\u2019informations, n\u2019h\u00e9sitez pas : <strong>04.79.85.53.68.<\/strong> <span class=\"_4yxo\">Nos rencontres sont <strong>anonymes, gratuites et confidentielles<\/strong>.<\/span><\/div>\n<div><\/div>\n<div><img loading=\"lazy\" decoding=\"async\" class=\" wp-image-1825 aligncenter\" src=\"https:\/\/savoiedefemme.fr\/wp-content\/uploads\/2025\/02\/Flyer-A4-724x1024.png\" alt=\"\" width=\"878\" height=\"1242\" srcset=\"https:\/\/savoiedefemme.fr\/wp-content\/uploads\/2025\/02\/Flyer-A4-724x1024.png 724w, https:\/\/savoiedefemme.fr\/wp-content\/uploads\/2025\/02\/Flyer-A4-212x300.png 212w, https:\/\/savoiedefemme.fr\/wp-content\/uploads\/2025\/02\/Flyer-A4-768x1086.png 768w, https:\/\/savoiedefemme.fr\/wp-content\/uploads\/2025\/02\/Flyer-A4-1086x1536.png 1086w, https:\/\/savoiedefemme.fr\/wp-content\/uploads\/2025\/02\/Flyer-A4-1140x1612.png 1140w, https:\/\/savoiedefemme.fr\/wp-content\/uploads\/2025\/02\/Flyer-A4.png 1414w\" sizes=\"auto, (max-width: 878px) 100vw, 878px\" \/><\/div>\n<div><\/div>\n<div><\/div>\n<div><\/div>\n","protected":false},"excerpt":{"rendered":"<p>SaVoie de femme est une association cr\u00e9\u00e9e en 1977 \u00e0 Chamb\u00e9ry qui lutte contre toutes les formes de violences conjugales, qu\u2019elles soient d\u2019ordre psychologique, physique, verbal, sexuel, \u00e9conomique et administratif. SaVoie de femme, c\u2019est une \u00e9quipe compos\u00e9e de deux intervenantes sociales, d\u2019une charg\u00e9e de d\u00e9veloppement sur le territoire de la Savoie, d\u2019une assistante administrative et d\u2019une directrice mais aussi de b\u00e9n\u00e9voles qui donnent de leur temps sur des ateliers, l\u2019accueil de jour et d\u2019autres missions de l\u2019association. Le Conseil d&rsquo;Administration, men\u00e9 par une Pr\u00e9sidente et une vice-pr\u00e9sidente, est quant \u00e0 lui muni d&rsquo;un pouvoir d\u00e9cisionnaire sur le fonctionnement et le projet associatif. Nos principales missions sont : L\u2019accueil de jour et les permanences t\u00e9l\u00e9phoniques, dans un souci d\u2019\u00e9coute bienveillante et active. Il s\u2019agit d\u2019offrir un temps d\u2019\u00e9change et de repos aux femmes victimes de violences conjugales, dans un lieu chaleureux et s\u00e9cure. Des entretiens individuels sur rendez-vous aupr\u00e8s des intervenantes sociales, et ce dans une volont\u00e9 d\u2019accompagner les femmes sur le long-terme dans toutes les d\u00e9marches n\u00e9cessaires \u00e0 leur reconstruction. Des ateliers r\u00e9guliers au sein des locaux de l\u2019association : massage, self-d\u00e9fense, groupe de parole, cuisine, art th\u00e9rapie. Ces actions collectives permettent aux femmes d\u2019entreprendre un travail sur la restauration de leur image et de leur bien-\u00eatre. Des permanences sur l\u2019ensemble du d\u00e9partement pour aller au plus pr\u00e8s des femmes : Avant-Pays Savoyard (Yenne, Le Pont de Beauvoisin, Saint Genix\/Guiers, Les Echelles), Albertville, Aix-les-Bains. D\u2019autres permanences sont en projet&#8230; Un d\u00e9veloppement du maillage territorial avec les professionnel-le-s intervenant dans les violences conjugales : gendarmerie, centres sociaux, tribunal. Ceci dans le but de mieux articuler les pratiques pour une prise en charge plus globale des violences conjugales. Un travail de sensibilisation \u00e0 travers la mise en place des partenariats et l\u2019entretien des r\u00e9seaux sociaux et sites internet, pour mieux rendre visible le probl\u00e8me sous toutes ses dimensions. En 2018, l\u2019association, alors nomm\u00e9e SOS Femmes Violences, change de nom pour devenir SaVoie de femme. Ce nouveau nom tient \u00e0 rappeler : \u201cSa voie\u201d : Notre engagement \u00e0 accompagner tout au long du parcours des femmes victimes vers la reconstruction \u201cSa voix\u201d : Notre mission d\u2019\u00e9coute bienveillante et d\u2019encouragement \u00e0 la parole \u201cSavoie\u201d : Notre attachement au territoire de Savoie SaVoie de femme est membre de la \u00ab F\u00e9d\u00e9ration Nationale Solidarit\u00e9 Femmes \u00bb (FNSF) qui rassemble, depuis sa cr\u00e9ation en 1987, une soixantaine d\u2019associations \u0153uvrant socialement et politiquement dans l&rsquo;accompagnement des femmes victimes de violences conjugales. Pour tout besoin d\u2019\u00e9coute, de r\u00e9ponses, de conseils, d\u2019informations, n\u2019h\u00e9sitez pas : 04.79.85.53.68. Nos rencontres sont anonymes, gratuites et confidentielles.<\/p>\n","protected":false},"author":1,"featured_media":0,"parent":0,"menu_order":0,"comment_status":"closed","ping_status":"closed","template":"","meta":{"footnotes":""},"class_list":["post-76","page","type-page","status-publish","hentry"],"jetpack_sharing_enabled":true,"_links":{"self":[{"href":"https:\/\/savoiedefemme.fr\/index.php\/wp-json\/wp\/v2\/pages\/76","targetHints":{"allow":["GET"]}}],"collection":[{"href":"https:\/\/savoiedefemme.fr\/index.php\/wp-json\/wp\/v2\/pages"}],"about":[{"href":"https:\/\/savoiedefemme.fr\/index.php\/wp-json\/wp\/v2\/types\/page"}],"author":[{"embeddable":true,"href":"https:\/\/savoiedefemme.fr\/index.php\/wp-json\/wp\/v2\/users\/1"}],"replies":[{"embeddable":true,"href":"https:\/\/savoiedefemme.fr\/index.php\/wp-json\/wp\/v2\/comments?post=76"}],"version-history":[{"count":19,"href":"https:\/\/savoiedefemme.fr\/index.php\/wp-json\/wp\/v2\/pages\/76\/revisions"}],"predecessor-version":[{"id":1827,"href":"https:\/\/savoiedefemme.fr\/index.php\/wp-json\/wp\/v2\/pages\/76\/revisions\/1827"}],"wp:attachment":[{"href":"https:\/\/savoiedefemme.fr\/index.php\/wp-json\/wp\/v2\/media?parent=76"}],"curies":[{"name":"wp","href":"https:\/\/api.w.org\/{rel}","templated":true}]}}