{"id":822,"date":"2020-04-15T15:46:56","date_gmt":"2020-04-15T13:46:56","guid":{"rendered":"http:\/\/savoiedefemme.fr\/?page_id=822"},"modified":"2021-04-21T12:13:28","modified_gmt":"2021-04-21T10:13:28","slug":"crise-du-covid-19-savoie-de-femme-lance-son-appel-a-dons","status":"publish","type":"page","link":"https:\/\/savoiedefemme.fr\/index.php\/crise-du-covid-19-savoie-de-femme-lance-son-appel-a-dons\/","title":{"rendered":"SaVoie de femme lance une campagne de lev\u00e9e de fonds 2020"},"content":{"rendered":"\n<figure class=\"wp-block-image size-large\"><img loading=\"lazy\" decoding=\"async\" width=\"940\" height=\"788\" src=\"https:\/\/savoiedefemme.fr\/wp-content\/uploads\/2020\/12\/Post-Facebook-\u00e9v\u00e8nement-carnaval-multicolore.png\" alt=\"\" class=\"wp-image-934\" srcset=\"https:\/\/savoiedefemme.fr\/wp-content\/uploads\/2020\/12\/Post-Facebook-\u00e9v\u00e8nement-carnaval-multicolore.png 940w, https:\/\/savoiedefemme.fr\/wp-content\/uploads\/2020\/12\/Post-Facebook-\u00e9v\u00e8nement-carnaval-multicolore-300x251.png 300w, https:\/\/savoiedefemme.fr\/wp-content\/uploads\/2020\/12\/Post-Facebook-\u00e9v\u00e8nement-carnaval-multicolore-768x644.png 768w\" sizes=\"auto, (max-width: 940px) 100vw, 940px\" \/><\/figure>\n\n\n\n<p>En cette p\u00e9riode de reconfinement, les violences conjugales sont en recrudescence. Pour rappel au cours du premier confinement ont \u00e9t\u00e9 enregistr\u00e9s 44 235 appels entre le 16 Mars et le 11 Mai au 3919; le 114 le num\u00e9ro de signalement par SMS a trait\u00e9 140 dossiers par jour au plus fort de son activit\u00e9. <\/p>\n\n\n\n<p>Au niveau judiciaire ce sont une centaine d&rsquo;ordonnances de protection qui ont \u00e9t\u00e9s d\u00e9livr\u00e9es, 350 auteurs de violences d\u00e9f\u00e9r\u00e9s et jug\u00e9s (avec \u00e9viction syst\u00e9matique du conjoint violent) et 129 t\u00e9l\u00e9phones grand danger remis aux victimes. <\/p>\n\n\n\n<p>Notre association SaVoie de femme continue son activit\u00e9 en maintenant un accueil t\u00e9l\u00e9phonique et physique sur ses jours et horaires habituels. En cette p\u00e9riode particuli\u00e8re, il est d&rsquo;autant plus n\u00e9cessaire de soutenir les femmes victimes de violences conjugales, et de s&rsquo;adapter \u00e0 leurs possibilit\u00e9s de nous contacter. Notre mission est aussi d&rsquo;accompagner les femmes pour pr\u00e9parer l&rsquo;apr\u00e8s confinement et les perspectives qu&rsquo;elles pourront alors envisager. <\/p>\n\n\n\n<p>Ainsi, nous lan\u00e7ons un appel aux <strong><a href=\"https:\/\/www.helloasso.com\/associations\/savoie-de-femme\/formulaires\/1\/widget\">dons<\/a> <\/strong>afin de soutenir notre association. Quel que soit le montant donn\u00e9, chaque geste compte pour aider les femmes victimes de violences et leurs enfants en danger. Agissons, ensemble, pour lutter contre ce fl\u00e9au.<\/p>\n\n\n\n<p>Nous vous invitons \u00e0 vous cliquer sur le bouton suivant pour faire un don. <\/p>\n\n\n\n<div class=\"wp-block-button aligncenter is-style-fill\"><a class=\"wp-block-button__link has-text-color has-background\" href=\"https:\/\/www.helloasso.com\/associations\/savoie-de-femme\/collectes\/violences-conjugales-pas-une-de-plus\" style=\"background-color:#e06c26;color:#ffffff\" target=\"_blank\" rel=\"noreferrer noopener\"><strong>Faire un don <\/strong><\/a><\/div>\n\n\n\n<h2 class=\"has-text-align-center wp-block-heading\"><strong>Merci pour votre aide pr\u00e9cieuse ! <\/strong><\/h2>\n\n\n\n<div class=\"wp-block-file\"><a href=\"https:\/\/savoiedefemme.fr\/wp-content\/uploads\/2020\/12\/CCF_000017.pdf\">Article Le Dauphin\u00e9 Lib\u00e9r\u00e9 &#8211; SaVoie de Femme <\/a><a href=\"https:\/\/savoiedefemme.fr\/wp-content\/uploads\/2020\/12\/CCF_000017.pdf\" class=\"wp-block-file__button\" download>Je Clique !!<\/a><\/div>\n\n\n\n<p><\/p>\n","protected":false},"excerpt":{"rendered":"<p>En cette p\u00e9riode de reconfinement, les violences conjugales sont en recrudescence. Pour rappel au cours du premier confinement ont \u00e9t\u00e9 enregistr\u00e9s 44 235 appels entre le 16 Mars et le 11 Mai au 3919; le 114 le num\u00e9ro de signalement par SMS a trait\u00e9 140 dossiers par jour au plus fort de son activit\u00e9. Au niveau judiciaire ce sont une centaine d&rsquo;ordonnances de protection qui ont \u00e9t\u00e9s d\u00e9livr\u00e9es, 350 auteurs de violences d\u00e9f\u00e9r\u00e9s et jug\u00e9s (avec \u00e9viction syst\u00e9matique du conjoint violent) et 129 t\u00e9l\u00e9phones grand danger remis aux victimes. Notre association SaVoie de femme continue son activit\u00e9 en maintenant un accueil t\u00e9l\u00e9phonique et physique sur ses jours et horaires habituels. En cette p\u00e9riode particuli\u00e8re, il est d&rsquo;autant plus n\u00e9cessaire de soutenir les femmes victimes de violences conjugales, et de s&rsquo;adapter \u00e0 leurs possibilit\u00e9s de nous contacter. Notre mission est aussi d&rsquo;accompagner les femmes pour pr\u00e9parer l&rsquo;apr\u00e8s confinement et les perspectives qu&rsquo;elles pourront alors envisager. Ainsi, nous lan\u00e7ons un appel aux dons afin de soutenir notre association. Quel que soit le montant donn\u00e9, chaque geste compte pour aider les femmes victimes de violences et leurs enfants en danger. Agissons, ensemble, pour lutter contre ce fl\u00e9au. Nous vous invitons \u00e0 vous cliquer sur le bouton suivant pour faire un don. Merci pour votre aide pr\u00e9cieuse !<\/p>\n","protected":false},"author":1,"featured_media":0,"parent":0,"menu_order":0,"comment_status":"closed","ping_status":"closed","template":"","meta":{"footnotes":""},"class_list":["post-822","page","type-page","status-publish","hentry"],"jetpack_sharing_enabled":true,"_links":{"self":[{"href":"https:\/\/savoiedefemme.fr\/index.php\/wp-json\/wp\/v2\/pages\/822","targetHints":{"allow":["GET"]}}],"collection":[{"href":"https:\/\/savoiedefemme.fr\/index.php\/wp-json\/wp\/v2\/pages"}],"about":[{"href":"https:\/\/savoiedefemme.fr\/index.php\/wp-json\/wp\/v2\/types\/page"}],"author":[{"embeddable":true,"href":"https:\/\/savoiedefemme.fr\/index.php\/wp-json\/wp\/v2\/users\/1"}],"replies":[{"embeddable":true,"href":"https:\/\/savoiedefemme.fr\/index.php\/wp-json\/wp\/v2\/comments?post=822"}],"version-history":[{"count":9,"href":"https:\/\/savoiedefemme.fr\/index.php\/wp-json\/wp\/v2\/pages\/822\/revisions"}],"predecessor-version":[{"id":1010,"href":"https:\/\/savoiedefemme.fr\/index.php\/wp-json\/wp\/v2\/pages\/822\/revisions\/1010"}],"wp:attachment":[{"href":"https:\/\/savoiedefemme.fr\/index.php\/wp-json\/wp\/v2\/media?parent=822"}],"curies":[{"name":"wp","href":"https:\/\/api.w.org\/{rel}","templated":true}]}}