{"id":835,"date":"2024-02-19T13:15:00","date_gmt":"2024-02-19T12:15:00","guid":{"rendered":"http:\/\/savoiedefemme.fr\/?page_id=835"},"modified":"2024-02-26T10:15:29","modified_gmt":"2024-02-26T09:15:29","slug":"savoie-de-femme-recrute","status":"publish","type":"page","link":"https:\/\/savoiedefemme.fr\/index.php\/savoie-de-femme-recrute\/","title":{"rendered":"SaVoie de femme recrute un.e volontaire en service civique !"},"content":{"rendered":"\n<h3 class=\"wp-block-heading has-text-align-center has-text-color\" style=\"color:#e06c26\"><strong>SaVoie de Femme est \u00e0 la recherche de sa\/son prochain.e volontaire en service civique ! <\/strong><\/h3>\n\n\n<div class=\"wp-block-image\">\n<figure class=\"aligncenter size-full\"><img loading=\"lazy\" decoding=\"async\" width=\"940\" height=\"788\" src=\"https:\/\/savoiedefemme.fr\/wp-content\/uploads\/2024\/02\/Annonce-service-civique-site-internet.png\" alt=\"\" class=\"wp-image-1668\" srcset=\"https:\/\/savoiedefemme.fr\/wp-content\/uploads\/2024\/02\/Annonce-service-civique-site-internet.png 940w, https:\/\/savoiedefemme.fr\/wp-content\/uploads\/2024\/02\/Annonce-service-civique-site-internet-300x251.png 300w, https:\/\/savoiedefemme.fr\/wp-content\/uploads\/2024\/02\/Annonce-service-civique-site-internet-768x644.png 768w\" sizes=\"auto, (max-width: 940px) 100vw, 940px\" \/><\/figure>\n<\/div>\n\n\n<div style=\"height:30px\" aria-hidden=\"true\" class=\"wp-block-spacer\"><\/div>\n\n\n\n<hr class=\"wp-block-separator has-text-color has-css-opacity has-background is-style-default\" style=\"background-color:#51a0a3;color:#51a0a3\"\/>\n\n\n\n<div style=\"height:30px\" aria-hidden=\"true\" class=\"wp-block-spacer\"><\/div>\n\n\n\n<h4 class=\"wp-block-heading\">Le service civique, c&rsquo;est quoi ?<\/h4>\n\n\n\n<p>C&rsquo;est un engagement volontaire au service de l&rsquo;int\u00e9r\u00eat g\u00e9n\u00e9ral ouvert aux 16-25 ans, \u00e9largi \u00e0 30 ans pour les jeunes en situation de handicap. Accessible sans condition de dipl\u00f4me, le Service Civique est indemnis\u00e9 et s&rsquo;effectue en France ou \u00e0 l&rsquo;\u00e9tranger. <\/p>\n\n\n\n<div style=\"height:50px\" aria-hidden=\"true\" class=\"wp-block-spacer\"><\/div>\n\n\n\n<p>Le(a) volontaire aura pour mission :<\/p>\n\n\n\n<ul class=\"wp-block-list\">\n<li>de d\u00e9velopper et animer des outils de communication et sensibilisation sur les violences conjugales, \u00e0 destination des personnes s&rsquo;int\u00e9ressant \u00e0 ce domaine, et du grand public (site internet, r\u00e9seaux sociaux&#8230;)<\/li>\n\n\n\n<li>de consolider les actions d\u00e9j\u00e0 existantes sur le terrain \u00e0 l&rsquo;aide des b\u00e9n\u00e9voles (\u00e9valuation, am\u00e9lioration, suivi)<\/li>\n\n\n\n<li>de participer \u00e0 l&rsquo;organisation d\u2019\u00e9v\u00e9nements annuels<\/li>\n\n\n\n<li>prise de contact et sollicitation aupr\u00e8s des partenaires locaux<\/li>\n\n\n\n<li>coordination de l\u2019\u00e9quipe de b\u00e9n\u00e9voles en lien avec la r\u00e9f\u00e9rente de l\u2019accueil de jour<\/li>\n<\/ul>\n\n\n\n<p>Une exp\u00e9rience associative et des comp\u00e9tences en informatique et graphisme sont appr\u00e9ci\u00e9es.<\/p>\n\n\n\n<ul class=\"wp-block-list\">\n<li>Quand ? \u00e0 partir du 15 Mars 2024<\/li>\n\n\n\n<li> O\u00f9 ? \u00e0 Chamb\u00e9ry (73000) <\/li>\n\n\n\n<li> Combien de temps ? 8 mois, 24h\/semaine  <\/li>\n<\/ul>\n\n\n\n<div style=\"height:50px\" aria-hidden=\"true\" class=\"wp-block-spacer\"><\/div>\n\n\n\n<h4 class=\"wp-block-heading has-text-color\" style=\"color:#e06c26\"><strong>Pour plus d&rsquo;informations et pour postuler : <\/strong><\/h4>\n\n\n\n<ul class=\"wp-block-list\">\n<li>Sur le site du service civique : <a href=\"https:\/\/www.service-civique.gouv.fr\/trouver-ma-mission\/developper-et-animer-des-outils-de-communication-et-sensibilisation-sur-les-violences-conjugales-65cc907b72feca12c0551614\">https:\/\/www.service-civique.gouv.fr\/trouver-ma-mission\/developper-et-animer-des-outils-de-communication-et-sensibilisation-sur-les-violences-conjugales-65cc907b72feca12c0551614<\/a><\/li>\n\n\n\n<li>par mail : <a href=\"mailto:contact@savoiedefemme.fr\">con<\/a><a rel=\"noreferrer noopener\" aria-label=\"tact@savoiedefemme.fr (opens in a new tab)\" href=\"mailto:contact@savoiedefemme.fr\" target=\"_blank\">tact@savoiedefemme.fr<\/a> <\/li>\n<\/ul>\n\n\n\n<p>Nous attendons vos candidatures ! <\/p>\n\n\n\n<div style=\"height:100px\" aria-hidden=\"true\" class=\"wp-block-spacer\"><\/div>\n","protected":false},"excerpt":{"rendered":"<p>SaVoie de Femme est \u00e0 la recherche de sa\/son prochain.e volontaire en service civique ! Le service civique, c&rsquo;est quoi ? C&rsquo;est un engagement volontaire au service de l&rsquo;int\u00e9r\u00eat g\u00e9n\u00e9ral ouvert aux 16-25 ans, \u00e9largi \u00e0 30 ans pour les jeunes en situation de handicap. Accessible sans condition de dipl\u00f4me, le Service Civique est indemnis\u00e9 et s&rsquo;effectue en France ou \u00e0 l&rsquo;\u00e9tranger. Le(a) volontaire aura pour mission : Une exp\u00e9rience associative et des comp\u00e9tences en informatique et graphisme sont appr\u00e9ci\u00e9es. Pour plus d&rsquo;informations et pour postuler : Nous attendons vos candidatures !<\/p>\n","protected":false},"author":1,"featured_media":0,"parent":0,"menu_order":0,"comment_status":"closed","ping_status":"closed","template":"","meta":{"footnotes":""},"class_list":["post-835","page","type-page","status-publish","hentry"],"jetpack_sharing_enabled":true,"_links":{"self":[{"href":"https:\/\/savoiedefemme.fr\/index.php\/wp-json\/wp\/v2\/pages\/835","targetHints":{"allow":["GET"]}}],"collection":[{"href":"https:\/\/savoiedefemme.fr\/index.php\/wp-json\/wp\/v2\/pages"}],"about":[{"href":"https:\/\/savoiedefemme.fr\/index.php\/wp-json\/wp\/v2\/types\/page"}],"author":[{"embeddable":true,"href":"https:\/\/savoiedefemme.fr\/index.php\/wp-json\/wp\/v2\/users\/1"}],"replies":[{"embeddable":true,"href":"https:\/\/savoiedefemme.fr\/index.php\/wp-json\/wp\/v2\/comments?post=835"}],"version-history":[{"count":19,"href":"https:\/\/savoiedefemme.fr\/index.php\/wp-json\/wp\/v2\/pages\/835\/revisions"}],"predecessor-version":[{"id":1683,"href":"https:\/\/savoiedefemme.fr\/index.php\/wp-json\/wp\/v2\/pages\/835\/revisions\/1683"}],"wp:attachment":[{"href":"https:\/\/savoiedefemme.fr\/index.php\/wp-json\/wp\/v2\/media?parent=835"}],"curies":[{"name":"wp","href":"https:\/\/api.w.org\/{rel}","templated":true}]}}