{"id":849,"date":"2020-04-21T16:47:59","date_gmt":"2020-04-21T14:47:59","guid":{"rendered":"http:\/\/savoiedefemme.fr\/?page_id=849"},"modified":"2026-02-10T09:18:23","modified_gmt":"2026-02-10T08:18:23","slug":"semaine-de-decouverte-des-nouveaux-ateliers-de-savoie-de-femme","status":"publish","type":"page","link":"https:\/\/savoiedefemme.fr\/index.php\/semaine-de-decouverte-des-nouveaux-ateliers-de-savoie-de-femme\/","title":{"rendered":"Semaine de d\u00e9couverte des nouveaux ateliers de SaVoie de Femme"},"content":{"rendered":"\n<p>A l&rsquo;occasion du 8 mars,&nbsp;journ\u00e9e internationale des droits des femmes, SaVoie de Femme a organis\u00e9&nbsp;une&nbsp;semaine de d\u00e9couverte de ses&nbsp;nouveaux ateliers&nbsp;\u00e0 destination des femmes suivies par l&rsquo;association.<\/p>\n\n\n<div class=\"wp-block-image\">\n<figure class=\"aligncenter size-large is-resized\"><img loading=\"lazy\" decoding=\"async\" width=\"724\" height=\"1024\" src=\"https:\/\/savoiedefemme.fr\/wp-content\/uploads\/2020\/04\/Affiche-semaine-8-mars-724x1024.png\" alt=\"\" class=\"wp-image-850\" style=\"width:313px;height:442px\" srcset=\"https:\/\/savoiedefemme.fr\/wp-content\/uploads\/2020\/04\/Affiche-semaine-8-mars-724x1024.png 724w, https:\/\/savoiedefemme.fr\/wp-content\/uploads\/2020\/04\/Affiche-semaine-8-mars-212x300.png 212w, https:\/\/savoiedefemme.fr\/wp-content\/uploads\/2020\/04\/Affiche-semaine-8-mars-768x1086.png 768w, https:\/\/savoiedefemme.fr\/wp-content\/uploads\/2020\/04\/Affiche-semaine-8-mars-1086x1536.png 1086w, https:\/\/savoiedefemme.fr\/wp-content\/uploads\/2020\/04\/Affiche-semaine-8-mars-1448x2048.png 1448w, https:\/\/savoiedefemme.fr\/wp-content\/uploads\/2020\/04\/Affiche-semaine-8-mars-1140x1613.png 1140w, https:\/\/savoiedefemme.fr\/wp-content\/uploads\/2020\/04\/Affiche-semaine-8-mars.png 1587w\" sizes=\"auto, (max-width: 724px) 100vw, 724px\" \/><\/figure>\n<\/div>\n\n\n<p> L&rsquo;objectif de cette semaine \u00e9tait&nbsp;de proposer des initiations \u00e0 plusieurs ateliers, en esp\u00e9rant pouvoir les proposer sur le long terme, par la suite. Ces ateliers ont&nbsp;pour but d&rsquo;accompagner les femmes dans leur reconqu\u00eate de soi, de les aider \u00e0 se retrouver avec leur corps, et \u00e0 se reconstruire.<\/p>\n\n\n\n<p>Nous avons la chance de pouvoir collaborer avec plusieurs&nbsp;intervenantes et professionnel.les, qui donnent&nbsp;de leur temps b\u00e9n\u00e9volement, afin de proposer ces activit\u00e9s aux femmes. Merci \u00e0 elleux !<br>Nos b\u00e9n\u00e9voles ont&nbsp;\u00e9galement contribu\u00e9&nbsp;\u00e0 la r\u00e9ussite de cette semaine, en \u00e9tant pr\u00e9sents lors de ces temps. Merci \u00e0 elles&nbsp;!<\/p>\n\n\n\n<hr class=\"wp-block-separator has-text-color has-css-opacity has-background is-style-wide\" style=\"background-color:#51a0a3;color:#51a0a3\"\/>\n\n\n<div class=\"wp-block-image\">\n<figure class=\"aligncenter size-large is-resized\"><img loading=\"lazy\" decoding=\"async\" width=\"724\" height=\"1024\" src=\"https:\/\/savoiedefemme.fr\/wp-content\/uploads\/2020\/04\/Programme-semaine-du-8-mars-724x1024.png\" alt=\"\" class=\"wp-image-856\" style=\"width:322px;height:454px\" srcset=\"https:\/\/savoiedefemme.fr\/wp-content\/uploads\/2020\/04\/Programme-semaine-du-8-mars-724x1024.png 724w, https:\/\/savoiedefemme.fr\/wp-content\/uploads\/2020\/04\/Programme-semaine-du-8-mars-212x300.png 212w, https:\/\/savoiedefemme.fr\/wp-content\/uploads\/2020\/04\/Programme-semaine-du-8-mars-768x1086.png 768w, https:\/\/savoiedefemme.fr\/wp-content\/uploads\/2020\/04\/Programme-semaine-du-8-mars-1086x1536.png 1086w, https:\/\/savoiedefemme.fr\/wp-content\/uploads\/2020\/04\/Programme-semaine-du-8-mars-1140x1612.png 1140w, https:\/\/savoiedefemme.fr\/wp-content\/uploads\/2020\/04\/Programme-semaine-du-8-mars.png 1414w\" sizes=\"auto, (max-width: 724px) 100vw, 724px\" \/><\/figure>\n<\/div>\n\n\n<p>Cette semaine a d\u00e9marr\u00e9 le dimanche 8 mars, avec une <strong>Initiation \u00e0 la boxe et \u00e0 la self-d\u00e9fense. <\/strong>Notre association SaVoie de Femme, et<strong> <a href=\"http:\/\/www.cssc.fr\/\">le club de Karat\u00e9 et Full Contact CSSC Chamb\u00e9ry<\/a><\/strong> ont propos\u00e9 cette initiation, ouverte \u00e0 toutes les femmes, afin de leur permettre de d\u00e9couvrir et pratiquer durant pr\u00e8s de 3h ces sports de combat.&nbsp;Cet \u00e9v\u00e9nement a \u00e9t\u00e9 l&rsquo;occasion d&rsquo;apprendre des techniques de boxe pieds-poings, pour pr\u00e8s d&rsquo;une vingtaine de participantes, mais aussi d&rsquo;apprendre \u00e0 ext\u00e9rioriser ses \u00e9motions, r\u00e9agir face \u00e0 des situations d&rsquo;agressions, et int\u00e9grer des m\u00e9thodes de d\u00e9fense simples et instinctives. <\/p>\n\n\n<div class=\"wp-block-image\">\n<figure class=\"aligncenter size-large is-resized\"><img loading=\"lazy\" decoding=\"async\" width=\"1008\" height=\"561\" src=\"https:\/\/savoiedefemme.fr\/wp-content\/uploads\/2020\/04\/Capture-2-1.png\" alt=\"\" class=\"wp-image-859\" style=\"width:623px;height:346px\" srcset=\"https:\/\/savoiedefemme.fr\/wp-content\/uploads\/2020\/04\/Capture-2-1.png 1008w, https:\/\/savoiedefemme.fr\/wp-content\/uploads\/2020\/04\/Capture-2-1-300x167.png 300w, https:\/\/savoiedefemme.fr\/wp-content\/uploads\/2020\/04\/Capture-2-1-768x427.png 768w\" sizes=\"auto, (max-width: 1008px) 100vw, 1008px\" \/><\/figure>\n<\/div>\n\n<div class=\"wp-block-image\">\n<figure class=\"aligncenter size-large is-resized\"><img loading=\"lazy\" decoding=\"async\" width=\"1008\" height=\"559\" src=\"https:\/\/savoiedefemme.fr\/wp-content\/uploads\/2020\/04\/capture-1-1.png\" alt=\"\" class=\"wp-image-860\" style=\"width:657px;height:364px\" srcset=\"https:\/\/savoiedefemme.fr\/wp-content\/uploads\/2020\/04\/capture-1-1.png 1008w, https:\/\/savoiedefemme.fr\/wp-content\/uploads\/2020\/04\/capture-1-1-300x166.png 300w, https:\/\/savoiedefemme.fr\/wp-content\/uploads\/2020\/04\/capture-1-1-768x426.png 768w\" sizes=\"auto, (max-width: 1008px) 100vw, 1008px\" \/><\/figure>\n<\/div>\n\n\n<p><\/p>\n\n\n\n<p><\/p>\n\n\n\n<h4 class=\"wp-block-heading\"><strong>Cette semaine a ensuite poursuivi avec une pr\u00e9sentation du groupe de parole, puis un atelier <a href=\"https:\/\/www.facebook.com\/soosphren\"><span style=\"text-decoration: underline;\">sophrologie<\/span><\/a>&#8230;<\/strong><\/h4>\n\n\n<div class=\"wp-block-image\">\n<figure class=\"aligncenter size-large is-resized\"><img loading=\"lazy\" decoding=\"async\" width=\"1006\" height=\"567\" src=\"https:\/\/savoiedefemme.fr\/wp-content\/uploads\/2020\/04\/Capture-3.png\" alt=\"\" class=\"wp-image-862\" style=\"width:635px;height:357px\" srcset=\"https:\/\/savoiedefemme.fr\/wp-content\/uploads\/2020\/04\/Capture-3.png 1006w, https:\/\/savoiedefemme.fr\/wp-content\/uploads\/2020\/04\/Capture-3-300x169.png 300w, https:\/\/savoiedefemme.fr\/wp-content\/uploads\/2020\/04\/Capture-3-768x433.png 768w\" sizes=\"auto, (max-width: 1006px) 100vw, 1006px\" \/><\/figure>\n<\/div>\n\n\n<p><\/p>\n\n\n\n<h4 class=\"wp-block-heading\"><strong>Un atelier soins du visage&#8230;<\/strong><\/h4>\n\n\n\n<figure class=\"wp-block-image size-large is-resized\"><img loading=\"lazy\" decoding=\"async\" width=\"1009\" height=\"563\" src=\"https:\/\/savoiedefemme.fr\/wp-content\/uploads\/2020\/04\/Capture4-1.png\" alt=\"\" class=\"wp-image-869\" style=\"width:623px;height:347px\" srcset=\"https:\/\/savoiedefemme.fr\/wp-content\/uploads\/2020\/04\/Capture4-1.png 1009w, https:\/\/savoiedefemme.fr\/wp-content\/uploads\/2020\/04\/Capture4-1-300x167.png 300w, https:\/\/savoiedefemme.fr\/wp-content\/uploads\/2020\/04\/Capture4-1-768x429.png 768w\" sizes=\"auto, (max-width: 1009px) 100vw, 1009px\" \/><\/figure>\n\n\n\n<p><\/p>\n\n\n\n<h4 class=\"wp-block-heading\"><strong>Ainsi qu&rsquo;un atelier massage, un atelier cuisine, puis le partage du repas ! <\/strong><\/h4>\n\n\n\n<figure class=\"wp-block-image size-large is-resized\"><img loading=\"lazy\" decoding=\"async\" width=\"1006\" height=\"558\" src=\"https:\/\/savoiedefemme.fr\/wp-content\/uploads\/2020\/04\/Capture5.png\" alt=\"\" class=\"wp-image-864\" style=\"width:621px;height:344px\" srcset=\"https:\/\/savoiedefemme.fr\/wp-content\/uploads\/2020\/04\/Capture5.png 1006w, https:\/\/savoiedefemme.fr\/wp-content\/uploads\/2020\/04\/Capture5-300x166.png 300w, https:\/\/savoiedefemme.fr\/wp-content\/uploads\/2020\/04\/Capture5-768x426.png 768w\" sizes=\"auto, (max-width: 1006px) 100vw, 1006px\" \/><\/figure>\n\n\n\n<p>Cette semaine fut un succ\u00e8s puisque nous comptabilisons plus de 20 participations aux diff\u00e9rents ateliers.<\/p>\n\n\n\n<hr class=\"wp-block-separator has-text-color has-css-opacity has-background is-style-wide\" style=\"background-color:#51a0a3;color:#51a0a3\"\/>\n\n\n\n<h4 class=\"wp-block-heading has-text-align-center\">Merci \u00e0 nos <strong>partenaires<\/strong> qui nous ont permis de mettre en place notre atelier soins du visage, ainsi que notre atelier&nbsp;cuisine : <\/h4>\n\n\n\n<p class=\"has-text-align-center has-text-color\" style=\"color:#e06c26\"> Merci \u00e0 <strong><a rel=\"noreferrer noopener\" href=\"https:\/\/www.nocibe.fr\/parfumeries\/chambery\/179\" target=\"_blank\">Nocib\u00e9 Centre ville <\/a>  <\/strong><\/p>\n\n\n<div class=\"wp-block-image\">\n<figure class=\"aligncenter size-large is-resized\"><a href=\"https:\/\/www.nocibe.fr\/parfumeries\/chambery\/179\"><img loading=\"lazy\" decoding=\"async\" width=\"370\" height=\"136\" src=\"https:\/\/savoiedefemme.fr\/wp-content\/uploads\/2020\/04\/logo-nocibe.png\" alt=\"\" class=\"wp-image-851\" style=\"width:414px;height:152px\" srcset=\"https:\/\/savoiedefemme.fr\/wp-content\/uploads\/2020\/04\/logo-nocibe.png 370w, https:\/\/savoiedefemme.fr\/wp-content\/uploads\/2020\/04\/logo-nocibe-300x110.png 300w\" sizes=\"auto, (max-width: 370px) 100vw, 370px\" \/><\/a><\/figure>\n<\/div>\n\n\n<p class=\"has-text-align-center has-text-color\" style=\"color:#e06c26\"> Merci \u00e0 <strong><a href=\"https:\/\/www.april-beauty.com\/april-chambery.html\">April Chamb\u00e9ry<\/a> <\/strong><\/p>\n\n\n<div class=\"wp-block-image\">\n<figure class=\"aligncenter size-large is-resized\"><a href=\"https:\/\/www.april-beauty.com\/april-chambery.html\"><img loading=\"lazy\" decoding=\"async\" width=\"444\" height=\"147\" src=\"https:\/\/savoiedefemme.fr\/wp-content\/uploads\/2020\/04\/april.jpeg\" alt=\"\" class=\"wp-image-854\" style=\"width:574px;height:190px\" srcset=\"https:\/\/savoiedefemme.fr\/wp-content\/uploads\/2020\/04\/april.jpeg 444w, https:\/\/savoiedefemme.fr\/wp-content\/uploads\/2020\/04\/april-300x99.jpeg 300w\" sizes=\"auto, (max-width: 444px) 100vw, 444px\" \/><\/a><\/figure>\n<\/div>\n\n\n<p class=\"has-text-align-center has-text-color\" style=\"color:#e06c26\">Merci \u00e0<a href=\"https:\/\/magasins.lavieclaire.com\/lavieclaire\/fr\/boutique\/france\/auvergne-rhone-alpes\/savoie\/chambery\/chambery-colonne\/la10667\"> <strong>La Vie Claire Chamb\u00e9ry Colonne<\/strong><\/a><\/p>\n\n\n<div class=\"wp-block-image\">\n<figure class=\"aligncenter size-large is-resized\"><a href=\"https:\/\/magasins.lavieclaire.com\/lavieclaire\/fr\/boutique\/france\/auvergne-rhone-alpes\/savoie\/chambery\/chambery-colonne\/la10667\"><img loading=\"lazy\" decoding=\"async\" width=\"600\" height=\"344\" src=\"https:\/\/savoiedefemme.fr\/wp-content\/uploads\/2020\/04\/lavie.jpg\" alt=\"\" class=\"wp-image-855\" style=\"width:368px;height:210px\" srcset=\"https:\/\/savoiedefemme.fr\/wp-content\/uploads\/2020\/04\/lavie.jpg 600w, https:\/\/savoiedefemme.fr\/wp-content\/uploads\/2020\/04\/lavie-300x172.jpg 300w\" sizes=\"auto, (max-width: 600px) 100vw, 600px\" \/><\/a><\/figure>\n<\/div>\n\n\n<hr class=\"wp-block-separator has-text-color has-css-opacity has-background is-style-wide\" style=\"background-color:#51a0a3;color:#51a0a3\"\/>\n\n\n\n<div class=\"wp-block-button is-style-fill aligncenter\"><a class=\"wp-block-button__link has-text-color has-background wp-element-button\" href=\"https:\/\/savoiedefemme.fr\/wp-content\/uploads\/2020\/04\/BILAN-SEMAINE-DE-D\u00c9COUVERTE-DES-NOUVEAUX-ATELIERS-photos-cach\u00e9es.pdf\" style=\"color:#ffffff;background-color:#e06c26\" target=\"_blank\" rel=\"noreferrer noopener\">Pour plus d\u2019informations : <br><strong>consulter le document<em> Bilan de la semaine<\/em><\/strong><\/a><\/div>\n\n\n\n<div class=\"wp-block-file aligncenter\"><a href=\"https:\/\/savoiedefemme.fr\/?attachment_id=873\" target=\"_blank\" rel=\"noreferrer noopener\"><br> <\/a><a href=\"https:\/\/savoiedefemme.fr\/wp-content\/uploads\/2020\/04\/BILAN-SEMAINE-DE-D\u00c9COUVERTE-DES-NOUVEAUX-ATELIERS-photos-cach\u00e9es.pdf\" class=\"wp-block-file__button wp-element-button\" download>Download<\/a><\/div>\n\n\n\n<h4 class=\"wp-block-heading\"><em>Cr\u00e9dits photos : Marie-Laurence Barde, b\u00e9n\u00e9vole<\/em> &amp; <em>SaVoie de femme \u00a9 <\/em><\/h4>\n\n\n\n<p><\/p>\n","protected":false},"excerpt":{"rendered":"<p>A l&rsquo;occasion du 8 mars,&nbsp;journ\u00e9e internationale des droits des femmes, SaVoie de Femme a organis\u00e9&nbsp;une&nbsp;semaine de d\u00e9couverte de ses&nbsp;nouveaux ateliers&nbsp;\u00e0 destination des femmes suivies par l&rsquo;association. L&rsquo;objectif de cette semaine \u00e9tait&nbsp;de proposer des initiations \u00e0 plusieurs ateliers, en esp\u00e9rant pouvoir les proposer sur le long terme, par la suite. Ces ateliers ont&nbsp;pour but d&rsquo;accompagner les femmes dans leur reconqu\u00eate de soi, de les aider \u00e0 se retrouver avec leur corps, et \u00e0 se reconstruire. Nous avons la chance de pouvoir collaborer avec plusieurs&nbsp;intervenantes et professionnel.les, qui donnent&nbsp;de leur temps b\u00e9n\u00e9volement, afin de proposer ces activit\u00e9s aux femmes. Merci \u00e0 elleux !Nos b\u00e9n\u00e9voles ont&nbsp;\u00e9galement contribu\u00e9&nbsp;\u00e0 la r\u00e9ussite de cette semaine, en \u00e9tant pr\u00e9sents lors de ces temps. Merci \u00e0 elles&nbsp;! Cette semaine a d\u00e9marr\u00e9 le dimanche 8 mars, avec une Initiation \u00e0 la boxe et \u00e0 la self-d\u00e9fense. Notre association SaVoie de Femme, et le club de Karat\u00e9 et Full Contact CSSC Chamb\u00e9ry ont propos\u00e9 cette initiation, ouverte \u00e0 toutes les femmes, afin de leur permettre de d\u00e9couvrir et pratiquer durant pr\u00e8s de 3h ces sports de combat.&nbsp;Cet \u00e9v\u00e9nement a \u00e9t\u00e9 l&rsquo;occasion d&rsquo;apprendre des techniques de boxe pieds-poings, pour pr\u00e8s d&rsquo;une vingtaine de participantes, mais aussi d&rsquo;apprendre \u00e0 ext\u00e9rioriser ses \u00e9motions, r\u00e9agir face \u00e0 des situations d&rsquo;agressions, et int\u00e9grer des m\u00e9thodes de d\u00e9fense simples et instinctives. Cette semaine a ensuite poursuivi avec une pr\u00e9sentation du groupe de parole, puis un atelier sophrologie&#8230; Un atelier soins du visage&#8230; Ainsi qu&rsquo;un atelier massage, un atelier cuisine, puis le partage du repas ! Cette semaine fut un succ\u00e8s puisque nous comptabilisons plus de 20 participations aux diff\u00e9rents ateliers. Merci \u00e0 nos partenaires qui nous ont permis de mettre en place notre atelier soins du visage, ainsi que notre atelier&nbsp;cuisine : Merci \u00e0 Nocib\u00e9 Centre ville Merci \u00e0 April Chamb\u00e9ry Merci \u00e0 La Vie Claire Chamb\u00e9ry Colonne Cr\u00e9dits photos : Marie-Laurence Barde, b\u00e9n\u00e9vole &amp; SaVoie de femme \u00a9<\/p>\n","protected":false},"author":1,"featured_media":0,"parent":0,"menu_order":0,"comment_status":"closed","ping_status":"closed","template":"","meta":{"footnotes":""},"class_list":["post-849","page","type-page","status-publish","hentry"],"jetpack_sharing_enabled":true,"_links":{"self":[{"href":"https:\/\/savoiedefemme.fr\/index.php\/wp-json\/wp\/v2\/pages\/849","targetHints":{"allow":["GET"]}}],"collection":[{"href":"https:\/\/savoiedefemme.fr\/index.php\/wp-json\/wp\/v2\/pages"}],"about":[{"href":"https:\/\/savoiedefemme.fr\/index.php\/wp-json\/wp\/v2\/types\/page"}],"author":[{"embeddable":true,"href":"https:\/\/savoiedefemme.fr\/index.php\/wp-json\/wp\/v2\/users\/1"}],"replies":[{"embeddable":true,"href":"https:\/\/savoiedefemme.fr\/index.php\/wp-json\/wp\/v2\/comments?post=849"}],"version-history":[{"count":18,"href":"https:\/\/savoiedefemme.fr\/index.php\/wp-json\/wp\/v2\/pages\/849\/revisions"}],"predecessor-version":[{"id":1926,"href":"https:\/\/savoiedefemme.fr\/index.php\/wp-json\/wp\/v2\/pages\/849\/revisions\/1926"}],"wp:attachment":[{"href":"https:\/\/savoiedefemme.fr\/index.php\/wp-json\/wp\/v2\/media?parent=849"}],"curies":[{"name":"wp","href":"https:\/\/api.w.org\/{rel}","templated":true}]}}