{"id":895,"date":"2020-05-20T15:12:31","date_gmt":"2020-05-20T13:12:31","guid":{"rendered":"http:\/\/savoiedefemme.fr\/?page_id=895"},"modified":"2020-09-22T15:24:05","modified_gmt":"2020-09-22T13:24:05","slug":"stages-projets-et-mecenat-de-competences","status":"publish","type":"page","link":"https:\/\/savoiedefemme.fr\/index.php\/stages-projets-et-mecenat-de-competences\/","title":{"rendered":"Demandes de stages, projets, et m\u00e9c\u00e9nat de comp\u00e9tences"},"content":{"rendered":"\n<p>Vous \u00eates lyc\u00e9en.ne, \u00e9tudiant.e, militant.e, engag\u00e9.e dans la lutte contre les violences faites aux femmes&nbsp;? Vous \u00eates \u00e0 la recherche d\u2019un stage ou souhaitez r\u00e9aliser un projet&nbsp;? Vous \u00eates chef.fe d&rsquo;entreprise et souhaitez mettre en place un m\u00e9c\u00e9nat de comp\u00e9tences ?<\/p>\n\n\n\n<p> Avant de nous solliciter, voici quelques informations essentielles&nbsp;: <\/p>\n\n\n\n<h3 class=\"has-text-color wp-block-heading\" style=\"color:#e06c26\"><strong>Stages <\/strong><\/h3>\n\n\n\n<p>Vous \u00eates \u00e9tudiant.e et \u00e0 la recherche d\u2018un stage dans le\ncadre de vos \u00e9tudes&nbsp;? <\/p>\n\n\n\n<p>Sachez que notre \u00e9quipe est compos\u00e9e de trois intervenantes\nsociales, ayant des formations diverses (assistante sociale, \u00e9ducatrice sp\u00e9cialis\u00e9e&#8230;),\nainsi que d\u2019une directrice s\u2019occupant de la coordination et des t\u00e2ches\nadministratives. Nous accueillons des stagiaires de mani\u00e8re ponctuelle, et nous\nnous assurons que la mission, les attentes, et les besoins de chacun.e soient\nbien d\u00e9finis afin que cela se d\u00e9roule au mieux. <\/p>\n\n\n\n<p>Avant de nous contacter, assurez-vous que votre stage\ncorrespond aux crit\u00e8res suivants&nbsp;: <\/p>\n\n\n\n<ul class=\"wp-block-list\"><li>Stage conventionn\u00e9<\/li><li>Pour une p\u00e9riode comprise entre 1 semaine et 2 mois<\/li><li>Non gratifiable <\/li><\/ul>\n\n\n\n<p>Si votre stage remplit ces conditions-l\u00e0, envoyez-nous votre\ncandidature spontan\u00e9e par mail \u00e0 <a href=\"mailto:contact@savoiedefemme.fr\">contact@savoiedefemme.fr<\/a>\n<\/p>\n\n\n\n<h3 class=\"has-text-color wp-block-heading\" style=\"color:#e06c26\"><strong>Projets <\/strong><\/h3>\n\n\n\n<p>Nous sommes souvent sollicit\u00e9es afin de r\u00e9pondre \u00e0 des demandes\nde projets \u00e9tudiants, ou d\u2019autres types. Il n\u2019est malheureusement pas possible\npour nous de r\u00e9pondre positivement \u00e0 tout le monde. <\/p>\n\n\n\n<p>Avant de nous solliciter, sachez que nous ne r\u00e9pondrons pas\nfavorablement \u00e0 votre demande si&nbsp;: <\/p>\n\n\n\n<ul class=\"wp-block-list\"><li>Vous ne vous situez pas en Savoie (il est\npossible de trouver des associations du m\u00eame type que la n\u00f4tre dans chaque\nr\u00e9gion, nous vous invitons \u00e0 consulter <a href=\"https:\/\/www.stop-violences-femmes.gouv.fr\/-Les-associations-pres-de-chez-vous-.html\">https:\/\/www.stop-violences-femmes.gouv.fr\/-Les-associations-pres-de-chez-vous-.html<\/a>\n) <\/li><li>Votre demande ne concerne pas les violences\nfaites aux femmes<\/li><li>Votre demande n\u2019est pas formul\u00e9e clairement <\/li><\/ul>\n\n\n\n<p>Si votre projet remplit ces conditions, nous vous invitons \u00e0\nnous envoyer votre demande d\u00e9taill\u00e9e par mail \u00e0 <a href=\"mailto:contact@savoiedefemme.fr\">contact@savoiedefemme.fr<\/a> ou \u00e0 nous\ncontacter au 04.79.85.53.68 <\/p>\n\n\n\n<h3 class=\"has-text-color wp-block-heading\" style=\"color:#e06c26\"><strong>M\u00e9c\u00e9nat de comp\u00e9tences <\/strong><\/h3>\n\n\n\n<p>Le m\u00e9c\u00e9nat de comp\u00e9tences est une forme de m\u00e9c\u00e9nat, qui correspond \u00e0 un engagement de la part d\u2019une entreprise au service de l\u2019int\u00e9r\u00eat g\u00e9n\u00e9ral. Cela consiste \u00e0 mettre l\u2019expertise professionnelle d\u2019un.e salari\u00e9.e \u00e0 disposition d\u2019une association, par exemple. En contrepartie, l\u2019entreprise peut b\u00e9n\u00e9ficier d\u2019une <a href=\"https:\/\/www.service-public.fr\/professionnels-entreprises\/vosdroits\/F22263\">d\u00e9duction fiscale<\/a>. Le m\u00e9c\u00e9nat de comp\u00e9tences peut se faire sous deux formes&nbsp;: <\/p>\n\n\n\n<ul class=\"wp-block-list\"><li>La prestation de service, avec une mission\npr\u00e9cise et ponctuelle<\/li><li>Le pr\u00eat de ressources humaines, avec un ou\nplusieurs salari\u00e9.e.s mis \u00e0 disposition de l\u2019association, sur leur temps de\ntravail (sur un rythme d\u2019une ou plusieurs journ\u00e9es par mois, par exemple)<\/li><\/ul>\n\n\n\n<p>Notre association travaille avec la plateforme <a href=\"https:\/\/www.vendredi.cc\/salaries\">Vendredi<\/a> pour mettre le m\u00e9c\u00e9nat de\ncomp\u00e9tences en place. Nous recherchons plus particuli\u00e8rement des soutiens sur\ndes missions de d\u2019information-communication, informatique, et administratif. <\/p>\n\n\n\n<p>Si votre entreprise souhaite s\u2019engager \u00e0 nos c\u00f4t\u00e9s sur une\nmission de ce type, contactez-nous par mail \u00e0 <a href=\"mailto:contact@savoiedefemme.fr\">contact@savoiedefemme.fr<\/a> <\/p>\n","protected":false},"excerpt":{"rendered":"<p>Vous \u00eates lyc\u00e9en.ne, \u00e9tudiant.e, militant.e, engag\u00e9.e dans la lutte contre les violences faites aux femmes&nbsp;? Vous \u00eates \u00e0 la recherche d\u2019un stage ou souhaitez r\u00e9aliser un projet&nbsp;? Vous \u00eates chef.fe d&rsquo;entreprise et souhaitez mettre en place un m\u00e9c\u00e9nat de comp\u00e9tences ? Avant de nous solliciter, voici quelques informations essentielles&nbsp;: Stages Vous \u00eates \u00e9tudiant.e et \u00e0 la recherche d\u2018un stage dans le cadre de vos \u00e9tudes&nbsp;? Sachez que notre \u00e9quipe est compos\u00e9e de trois intervenantes sociales, ayant des formations diverses (assistante sociale, \u00e9ducatrice sp\u00e9cialis\u00e9e&#8230;), ainsi que d\u2019une directrice s\u2019occupant de la coordination et des t\u00e2ches administratives. Nous accueillons des stagiaires de mani\u00e8re ponctuelle, et nous nous assurons que la mission, les attentes, et les besoins de chacun.e soient bien d\u00e9finis afin que cela se d\u00e9roule au mieux. Avant de nous contacter, assurez-vous que votre stage correspond aux crit\u00e8res suivants&nbsp;: Stage conventionn\u00e9 Pour une p\u00e9riode comprise entre 1 semaine et 2 mois Non gratifiable Si votre stage remplit ces conditions-l\u00e0, envoyez-nous votre candidature spontan\u00e9e par mail \u00e0 contact@savoiedefemme.fr Projets Nous sommes souvent sollicit\u00e9es afin de r\u00e9pondre \u00e0 des demandes de projets \u00e9tudiants, ou d\u2019autres types. Il n\u2019est malheureusement pas possible pour nous de r\u00e9pondre positivement \u00e0 tout le monde. Avant de nous solliciter, sachez que nous ne r\u00e9pondrons pas favorablement \u00e0 votre demande si&nbsp;: Vous ne vous situez pas en Savoie (il est possible de trouver des associations du m\u00eame type que la n\u00f4tre dans chaque r\u00e9gion, nous vous invitons \u00e0 consulter https:\/\/www.stop-violences-femmes.gouv.fr\/-Les-associations-pres-de-chez-vous-.html ) Votre demande ne concerne pas les violences faites aux femmes Votre demande n\u2019est pas formul\u00e9e clairement Si votre projet remplit ces conditions, nous vous invitons \u00e0 nous envoyer votre demande d\u00e9taill\u00e9e par mail \u00e0 contact@savoiedefemme.fr ou \u00e0 nous contacter au 04.79.85.53.68 M\u00e9c\u00e9nat de comp\u00e9tences Le m\u00e9c\u00e9nat de comp\u00e9tences est une forme de m\u00e9c\u00e9nat, qui correspond \u00e0 un engagement de la part d\u2019une entreprise au service de l\u2019int\u00e9r\u00eat g\u00e9n\u00e9ral. Cela consiste \u00e0 mettre l\u2019expertise professionnelle d\u2019un.e salari\u00e9.e \u00e0 disposition d\u2019une association, par exemple. En contrepartie, l\u2019entreprise peut b\u00e9n\u00e9ficier d\u2019une d\u00e9duction fiscale. Le m\u00e9c\u00e9nat de comp\u00e9tences peut se faire sous deux formes&nbsp;: La prestation de service, avec une mission pr\u00e9cise et ponctuelle Le pr\u00eat de ressources humaines, avec un ou plusieurs salari\u00e9.e.s mis \u00e0 disposition de l\u2019association, sur leur temps de travail (sur un rythme d\u2019une ou plusieurs journ\u00e9es par mois, par exemple) Notre association travaille avec la plateforme Vendredi pour mettre le m\u00e9c\u00e9nat de comp\u00e9tences en place. Nous recherchons plus particuli\u00e8rement des soutiens sur des missions de d\u2019information-communication, informatique, et administratif. Si votre entreprise souhaite s\u2019engager \u00e0 nos c\u00f4t\u00e9s sur une mission de ce type, contactez-nous par mail \u00e0 contact@savoiedefemme.fr<\/p>\n","protected":false},"author":1,"featured_media":0,"parent":0,"menu_order":0,"comment_status":"closed","ping_status":"closed","template":"","meta":{"footnotes":""},"class_list":["post-895","page","type-page","status-publish","hentry"],"jetpack_sharing_enabled":true,"_links":{"self":[{"href":"https:\/\/savoiedefemme.fr\/index.php\/wp-json\/wp\/v2\/pages\/895","targetHints":{"allow":["GET"]}}],"collection":[{"href":"https:\/\/savoiedefemme.fr\/index.php\/wp-json\/wp\/v2\/pages"}],"about":[{"href":"https:\/\/savoiedefemme.fr\/index.php\/wp-json\/wp\/v2\/types\/page"}],"author":[{"embeddable":true,"href":"https:\/\/savoiedefemme.fr\/index.php\/wp-json\/wp\/v2\/users\/1"}],"replies":[{"embeddable":true,"href":"https:\/\/savoiedefemme.fr\/index.php\/wp-json\/wp\/v2\/comments?post=895"}],"version-history":[{"count":4,"href":"https:\/\/savoiedefemme.fr\/index.php\/wp-json\/wp\/v2\/pages\/895\/revisions"}],"predecessor-version":[{"id":916,"href":"https:\/\/savoiedefemme.fr\/index.php\/wp-json\/wp\/v2\/pages\/895\/revisions\/916"}],"wp:attachment":[{"href":"https:\/\/savoiedefemme.fr\/index.php\/wp-json\/wp\/v2\/media?parent=895"}],"curies":[{"name":"wp","href":"https:\/\/api.w.org\/{rel}","templated":true}]}}