{"id":989,"date":"2021-04-20T15:18:24","date_gmt":"2021-04-20T13:18:24","guid":{"rendered":"http:\/\/savoiedefemme.fr\/?page_id=989"},"modified":"2021-06-04T09:51:25","modified_gmt":"2021-06-04T07:51:25","slug":"logement","status":"publish","type":"page","link":"https:\/\/savoiedefemme.fr\/index.php\/logement\/","title":{"rendered":"Logement"},"content":{"rendered":"\n<div class=\"wp-block-image\"><figure class=\"aligncenter size-large is-resized\"><img loading=\"lazy\" decoding=\"async\" src=\"https:\/\/savoiedefemme.fr\/wp-content\/uploads\/2021\/04\/image-logement-site-1-1024x1024.png\" alt=\"\" class=\"wp-image-999\" width=\"311\" height=\"311\" srcset=\"https:\/\/savoiedefemme.fr\/wp-content\/uploads\/2021\/04\/image-logement-site-1-1024x1024.png 1024w, https:\/\/savoiedefemme.fr\/wp-content\/uploads\/2021\/04\/image-logement-site-1-300x300.png 300w, https:\/\/savoiedefemme.fr\/wp-content\/uploads\/2021\/04\/image-logement-site-1-150x150.png 150w, https:\/\/savoiedefemme.fr\/wp-content\/uploads\/2021\/04\/image-logement-site-1-768x768.png 768w, https:\/\/savoiedefemme.fr\/wp-content\/uploads\/2021\/04\/image-logement-site-1-75x75.png 75w, https:\/\/savoiedefemme.fr\/wp-content\/uploads\/2021\/04\/image-logement-site-1.png 1080w\" sizes=\"auto, (max-width: 311px) 100vw, 311px\" \/><\/figure><\/div>\n\n\n\n<p>En traversant cette pand\u00e9mie, nous avons constat\u00e9 une hausse importante de signalements de violences conjugales (hausse de 40% de signalements pendant le premier confinement et 60% pendant le deuxi\u00e8me confinement).<\/p>\n\n\n\n<p>En m\u00eame temps, la crise sanitaire a mis en lumi\u00e8re <strong>l&rsquo;\u00e9pineuse question du logement<\/strong> pour les femmes victimes de violences, particuli\u00e8rement lorsque le confinement se dresse comme un obstacle suppl\u00e9mentaire pour quitter le domicile <\/p>\n\n\n\n<p><strong>La F\u00e9d\u00e9ration Nationale <a href=\"https:\/\/www.facebook.com\/solidaritefemmes\/?__cft__[0]=AZXW0CqRShf4iH-4pOjDPtLV5OyTodT7Ric_p6fxtyq5qpjnDMxOnP28kdPTLg52wq_7JZev95G1QNOsZFxM_kCKx7xXd3c77AWrUW4MLYEC0HwV5pwSlDf8BqJbYNmH9wnK50NCWkCC3VTfdtea4cgu3FL0vt0JlvrwhypD_wzxWhWVZtOAEp_K4Z_KS11i1Vc&amp;__tn__=kK-R\">Solidarit\u00e9 Femmes<\/a><\/strong>, a fait para\u00eetre <em>un guide juridique: logement<\/em> <em>et violences conjugales<\/em> &#8211; un outil pratique \u00e0 destination des femmes victimes de violences. Il souhaite rendre accessible le droit applicable concernant le logement en cas de violences et permets aux femmes victimes d&rsquo;acc\u00e9der \u00e0 une meilleure connaissance de leurs droits en prenant en compte les derni\u00e8res \u00e9volutions l\u00e9gislatives.<\/p>\n\n\n\n<p>Si vous \u00eates int\u00e9ress\u00e9.e par ce guide, n&rsquo;h\u00e9sitez pas \u00e0 nous contacter ou \u00e0 venir en r\u00e9cup\u00e9rer une copie \u00e0 l&rsquo;association !  l&rsquo;Equipe de SaVoie de Femme accompagne des femmes dans toutes leurs d\u00e9marches administratives, <strong>y compris la recherche de relogement<\/strong>  (mise en s\u00e9curit\u00e9 dans les CHRS, foyers du r\u00e9seau Solidarit\u00e9 Femmes, etc.)  <\/p>\n\n\n\n<p> Le guide logement de la FNSF se retrouve \u00e9galement en ligne: <a rel=\"noreferrer noopener\" href=\"https:\/\/l.facebook.com\/l.php?u=https%3A%2F%2Fwww.solidaritefemmes.org%2Fupload%2FFNSF-GJ2021.pdf%3Ffbclid%3DIwAR2UfZbUPWRmed-TIx1NVHS2lTwTBw5UdgLQC9xWOJpNAdK1jQmqcybgB5A&amp;h=AT2rA9OGNPrQ1isPKMOwk5S-YewLPJG4oRTBeBygd6Cj91KaMP5G-iIKcnNU1GZ4WERk0K83ig-pXlQqFjPG9zFgoyWWlzt0CCON_1nj0NxWWdanqogqMrNKBGBNJeFKmVk&amp;__tn__=-UK-R&amp;c[0]=AT0ft-FPwK3T8lg8hQJu4JaXcb5iNqOOPgagcn0l2MTuNZ4ANDlXhUqgeBwKvUdQGxMLGSGOyFYBt73_UAdIJ3-iwhnU5hG042tJ-b4KkaI0f4A0qvAr5L6GG9mqPR8SutcGjzRwuC6UrCe-7gpch22B2MFwFDYCEyvDwXDPauKZweZgJwu1lr3zLg1XQR05Ph1LFCa7\" target=\"_blank\">https:\/\/www.solidaritefemmes.org\/upload\/FNSF-GJ2021.pdf<\/a> <\/p>\n\n\n\n<figure class=\"wp-block-gallery columns-1 is-cropped wp-block-gallery-1 is-layout-flex wp-block-gallery-is-layout-flex\"><ul class=\"blocks-gallery-grid\"><li class=\"blocks-gallery-item\"><figure><img loading=\"lazy\" decoding=\"async\" width=\"1024\" height=\"1024\" src=\"https:\/\/savoiedefemme.fr\/wp-content\/uploads\/2021\/04\/7-1024x1024.png\" alt=\"\" data-id=\"991\" data-full-url=\"https:\/\/savoiedefemme.fr\/wp-content\/uploads\/2021\/04\/7.png\" data-link=\"https:\/\/savoiedefemme.fr\/?attachment_id=991\" class=\"wp-image-991\" srcset=\"https:\/\/savoiedefemme.fr\/wp-content\/uploads\/2021\/04\/7-1024x1024.png 1024w, https:\/\/savoiedefemme.fr\/wp-content\/uploads\/2021\/04\/7-300x300.png 300w, https:\/\/savoiedefemme.fr\/wp-content\/uploads\/2021\/04\/7-150x150.png 150w, https:\/\/savoiedefemme.fr\/wp-content\/uploads\/2021\/04\/7-768x768.png 768w, https:\/\/savoiedefemme.fr\/wp-content\/uploads\/2021\/04\/7-75x75.png 75w, https:\/\/savoiedefemme.fr\/wp-content\/uploads\/2021\/04\/7.png 1080w\" sizes=\"auto, (max-width: 1024px) 100vw, 1024px\" \/><\/figure><\/li><\/ul><\/figure>\n","protected":false},"excerpt":{"rendered":"<p>En traversant cette pand\u00e9mie, nous avons constat\u00e9 une hausse importante de signalements de violences conjugales (hausse de 40% de signalements pendant le premier confinement et 60% pendant le deuxi\u00e8me confinement). En m\u00eame temps, la crise sanitaire a mis en lumi\u00e8re l&rsquo;\u00e9pineuse question du logement pour les femmes victimes de violences, particuli\u00e8rement lorsque le confinement se dresse comme un obstacle suppl\u00e9mentaire pour quitter le domicile La F\u00e9d\u00e9ration Nationale Solidarit\u00e9 Femmes, a fait para\u00eetre un guide juridique: logement et violences conjugales &#8211; un outil pratique \u00e0 destination des femmes victimes de violences. Il souhaite rendre accessible le droit applicable concernant le logement en cas de violences et permets aux femmes victimes d&rsquo;acc\u00e9der \u00e0 une meilleure connaissance de leurs droits en prenant en compte les derni\u00e8res \u00e9volutions l\u00e9gislatives. Si vous \u00eates int\u00e9ress\u00e9.e par ce guide, n&rsquo;h\u00e9sitez pas \u00e0 nous contacter ou \u00e0 venir en r\u00e9cup\u00e9rer une copie \u00e0 l&rsquo;association ! l&rsquo;Equipe de SaVoie de Femme accompagne des femmes dans toutes leurs d\u00e9marches administratives, y compris la recherche de relogement (mise en s\u00e9curit\u00e9 dans les CHRS, foyers du r\u00e9seau Solidarit\u00e9 Femmes, etc.) Le guide logement de la FNSF se retrouve \u00e9galement en ligne: https:\/\/www.solidaritefemmes.org\/upload\/FNSF-GJ2021.pdf<\/p>\n","protected":false},"author":1,"featured_media":0,"parent":0,"menu_order":0,"comment_status":"closed","ping_status":"closed","template":"","meta":{"footnotes":""},"class_list":["post-989","page","type-page","status-publish","hentry"],"jetpack_sharing_enabled":true,"_links":{"self":[{"href":"https:\/\/savoiedefemme.fr\/index.php\/wp-json\/wp\/v2\/pages\/989","targetHints":{"allow":["GET"]}}],"collection":[{"href":"https:\/\/savoiedefemme.fr\/index.php\/wp-json\/wp\/v2\/pages"}],"about":[{"href":"https:\/\/savoiedefemme.fr\/index.php\/wp-json\/wp\/v2\/types\/page"}],"author":[{"embeddable":true,"href":"https:\/\/savoiedefemme.fr\/index.php\/wp-json\/wp\/v2\/users\/1"}],"replies":[{"embeddable":true,"href":"https:\/\/savoiedefemme.fr\/index.php\/wp-json\/wp\/v2\/comments?post=989"}],"version-history":[{"count":6,"href":"https:\/\/savoiedefemme.fr\/index.php\/wp-json\/wp\/v2\/pages\/989\/revisions"}],"predecessor-version":[{"id":1384,"href":"https:\/\/savoiedefemme.fr\/index.php\/wp-json\/wp\/v2\/pages\/989\/revisions\/1384"}],"wp:attachment":[{"href":"https:\/\/savoiedefemme.fr\/index.php\/wp-json\/wp\/v2\/media?parent=989"}],"curies":[{"name":"wp","href":"https:\/\/api.w.org\/{rel}","templated":true}]}}